{"id":8210,"date":"2022-06-29T18:36:36","date_gmt":"2022-06-29T10:36:36","guid":{"rendered":"https:\/\/sellersunionagent.com\/?post_type=product&#038;p=8210"},"modified":"2026-01-06T14:29:22","modified_gmt":"2026-01-06T06:29:22","slug":"venta-al-por-mayor-bolsa-de-cosmeticos-organizador-de-maquillaje-casos-portatil-bolsa-de-moda","status":"publish","type":"product","link":"https:\/\/www.sellersunionagent.com\/es\/wholesale-cosmetic-bag-organizer-makeup-cases-portable-fashionable-bag\/","title":{"rendered":"Mayorista Bolsa de Cosm\u00e9ticos Organizador Estuches de Maquillaje Bolsa de Moda Port\u00e1til"},"content":{"rendered":"<h2>Neceser con m\u00faltiples usos para maquillaje, art\u00edculos de tocador y accesorios<\/h2>\n<p>&nbsp;<\/p>\n<p>&nbsp;<\/p>\n<ul>\n<li>\u3010Improved Design\u3011Top \"See-thru\" secci\u00f3n transparente hace que encontrar las cosas m\u00e1s f\u00e1cil y es resistente al agua.<\/li>\n<\/ul>\n<p>&nbsp;<\/p>\n<p>&nbsp;<\/p>\n<ul>\n<li>\u3010Multifunction Cosmetic Case\u3011No s\u00f3lo puede cosm\u00e9ticos de almacenamiento, art\u00edculos de higiene personal y todos los d\u00edas esenciales, tales como fundaci\u00f3n \/ lociones \/ esmalte de u\u00f1as \/ rimel \/ sombra de ojos \/ peine \/ toalla \/ cepillo de dientes, sino tambi\u00e9n accesorios electr\u00f3nicos \/ cargador \/ joyas \/ gafas \/ bol\u00edgrafos \/ vitaminas, etc.<\/li>\n<\/ul>\n<p>&nbsp;<\/p>\n<p>&nbsp;<\/p>\n<ul>\n<li>\u3010Premium Quality \u3011La bolsa de cosm\u00e9ticos hecha de PU+PVC, cualquier mancha en la superficie se puede limpiar f\u00e1cilmente.<\/li>\n<\/ul>\n<p>&nbsp;<\/p>\n<p>&nbsp;<\/p>\n<p style=\"text-align: center\"><strong>Tipo:<\/strong> Bolsa de maquillaje<br \/>\n<strong>N\u00famero de art\u00edculo:<\/strong> GN009<br \/>\n<strong>Peso del art\u00edculo<\/strong><br \/>\nS 0,045KG<br \/>\nM 0,12KG<br \/>\nL 0,18KG<br \/>\n<strong>Material:<\/strong>PU+PVC<\/p>\n<p><img fetchpriority=\"high\" decoding=\"async\" class=\"aligncenter wp-image-8195\" src=\"https:\/\/www.sellersunionagent.com\/wp-content\/uploads\/2022\/06\/makeup-cosmetic-organizer-for-travel-12.jpg\" alt=\"\" width=\"500\" height=\"500\" \/><\/p>\n<p><img decoding=\"async\" class=\"aligncenter wp-image-8192\" src=\"https:\/\/www.sellersunionagent.com\/wp-content\/uploads\/2022\/06\/makeup-cosmetic-organizer-for-travel-9.jpg\" alt=\"\" width=\"500\" height=\"500\" \/><\/p>","protected":false},"excerpt":{"rendered":"<p><strong>MOQ<\/strong>:  100 piezas<br \/>\n<strong>Muestra gratuita<\/strong>:  Soporte<br \/>\n<strong>Personalizaci\u00f3n<\/strong>logo \/ color \/ materiales \/ embalaje, etc.<br \/>\n<strong>Descuento<\/strong>:  Primeros pedidos desde 10% de descuento.<br \/>\n<strong>Porcentaje de entregas a tiempo<\/strong>:\u00a0 100%<br \/>\n<strong>Env\u00edos totales<\/strong>: 75500 piezas<br \/>\n<strong>Env\u00edo<\/strong>: Apoyo Express-Carga mar\u00edtima-Carga terrestre<\/p>","protected":false},"featured_media":8205,"comment_status":"open","ping_status":"closed","template":"","meta":{"_acf_changed":false},"product_brand":[],"product_cat":[30],"product_tag":[171,78,59,50],"class_list":{"0":"post-8210","1":"product","2":"type-product","3":"status-publish","4":"has-post-thumbnail","6":"product_cat-makeup-bag","7":"product_tag-make-up-hot","8":"product_tag-makeup-bag","9":"product_tag-multifunctional","10":"product_tag-wholesale","12":"first","13":"instock","14":"shipping-taxable","15":"purchasable","16":"product-type-simple","17":"swiper-slide"},"acf":[],"_links":{"self":[{"href":"https:\/\/www.sellersunionagent.com\/es\/wp-json\/wp\/v2\/product\/8210","targetHints":{"allow":["GET"]}}],"collection":[{"href":"https:\/\/www.sellersunionagent.com\/es\/wp-json\/wp\/v2\/product"}],"about":[{"href":"https:\/\/www.sellersunionagent.com\/es\/wp-json\/wp\/v2\/types\/product"}],"replies":[{"embeddable":true,"href":"https:\/\/www.sellersunionagent.com\/es\/wp-json\/wp\/v2\/comments?post=8210"}],"wp:featuredmedia":[{"embeddable":true,"href":"https:\/\/www.sellersunionagent.com\/es\/wp-json\/wp\/v2\/media\/8205"}],"wp:attachment":[{"href":"https:\/\/www.sellersunionagent.com\/es\/wp-json\/wp\/v2\/media?parent=8210"}],"wp:term":[{"taxonomy":"product_brand","embeddable":true,"href":"https:\/\/www.sellersunionagent.com\/es\/wp-json\/wp\/v2\/product_brand?post=8210"},{"taxonomy":"product_cat","embeddable":true,"href":"https:\/\/www.sellersunionagent.com\/es\/wp-json\/wp\/v2\/product_cat?post=8210"},{"taxonomy":"product_tag","embeddable":true,"href":"https:\/\/www.sellersunionagent.com\/es\/wp-json\/wp\/v2\/product_tag?post=8210"}],"curies":[{"name":"wp","href":"https:\/\/api.w.org\/{rel}","templated":true}]}}