{"id":8196,"date":"2022-06-29T18:42:14","date_gmt":"2022-06-29T10:42:14","guid":{"rendered":"https:\/\/sellersunionagent.com\/?post_type=product&#038;p=8196"},"modified":"2022-07-11T11:41:05","modified_gmt":"2022-07-11T03:41:05","slug":"nueva-bolsa-de-almuerzo-de-dibujos-animados","status":"publish","type":"product","link":"https:\/\/www.sellersunionagent.com\/es\/new-arrival-cartoon-lunch-bag\/","title":{"rendered":"Nueva bolsa de almuerzo de dibujos animados"},"content":{"rendered":"<h2>Nueva bolsa de almuerzo de dibujos animados<\/h2>\n<p>Mantenga los alimentos calientes y frescos: Este art\u00edculo proviene de f\u00e1bricas cooperativas estrictamente seleccionadas con nosotros. El forro interior es de papel de aluminio alimentario y est\u00e1 acolchado con espuma EPE de 5 mm para ofrecer una gran resistencia t\u00e9rmica y una f\u00e1cil limpieza. El forro aislante puede mantener los alimentos y bebidas calientes y frescos durante horas y evitar que el l\u00edquido se derrame fuera del recipiente. Tambi\u00e9n es ideal para mantener la temperatura de una bolsa de hielo o una bebida fr\u00eda en el coche o en el gimnasio.<\/p>\n<p>&nbsp;<\/p>\n<p>&nbsp;<\/p>\n<p>Gran capacidad: La bolsa tiene un tama\u00f1o pr\u00e1ctico para llevar la comida al colegio, al trabajo o de viaje. Esta gran bolsa de almuerzo es suficiente para guardar tu fiambrera, aperitivos y fruta.<\/p>\n<p>&nbsp;<\/p>\n<p>Plegable y port\u00e1til: Dise\u00f1o muy abierto con cremalleras dobles para facilitar el acceso y esta fiambrera isot\u00e9rmica se puede transportar tan f\u00e1cilmente como un libro cuando est\u00e1 plegada. Aspecto cl\u00e1sico y sencillo con un asa acolchada y una correa para el hombro desmontable y ajustable que podr\u00e1s llevar de 2 modos: bandolera y bolso.<\/p>\n<p><img fetchpriority=\"high\" decoding=\"async\" class=\"aligncenter wp-image-8197\" src=\"https:\/\/www.sellersunionagent.com\/wp-content\/uploads\/2022\/06\/new-arrival-cartoon-lunch-bag.jpg\" alt=\"reci\u00e9n llegado\" width=\"600\" height=\"600\" \/><img decoding=\"async\" class=\"aligncenter wp-image-9171\" src=\"https:\/\/www.sellersunionagent.com\/wp-content\/uploads\/2022\/06\/12204093294_1885106219-1-1.jpg\" alt=\"reci\u00e9n llegado\" width=\"600\" height=\"600\" \/><img decoding=\"async\" class=\"aligncenter wp-image-8203\" src=\"https:\/\/www.sellersunionagent.com\/wp-content\/uploads\/2022\/06\/new-arrival-cartoon-lunch-bag-3.jpg\" alt=\"reci\u00e9n llegado\" width=\"600\" height=\"600\" \/> <img loading=\"lazy\" decoding=\"async\" class=\"aligncenter wp-image-8198\" src=\"https:\/\/www.sellersunionagent.com\/wp-content\/uploads\/2022\/06\/new-arrival-cartoon-lunch-bag-1.jpg\" alt=\"reci\u00e9n llegado\" width=\"600\" height=\"600\" \/><img loading=\"lazy\" decoding=\"async\" class=\"aligncenter wp-image-9170\" src=\"https:\/\/www.sellersunionagent.com\/wp-content\/uploads\/2022\/06\/0b743ea010b12d4ead93f0edeba005be_12204105623_1885106219.jpg\" alt=\"reci\u00e9n llegado\" width=\"600\" height=\"600\" \/><\/p>\n<p>&nbsp;<\/p>\n<p><img loading=\"lazy\" decoding=\"async\" class=\"aligncenter wp-image-8204\" src=\"https:\/\/www.sellersunionagent.com\/wp-content\/uploads\/2022\/06\/new-arrival-cartoon-lunch-bag-4.jpg\" alt=\"reci\u00e9n llegado\" width=\"600\" height=\"600\" \/><\/p>","protected":false},"excerpt":{"rendered":"<p><strong>Tipo<\/strong>: Bolsa de almuerzo<\/p>\n<p><strong>N\u00famero de art\u00edculo:<\/strong> GN021<\/p>\n<p><strong>Tama\u00f1o del art\u00edculo<\/strong>: 21*16*23cm<\/p>\n<p><strong>Colores<\/strong>: Azul\/ rosa\/ negro<\/p>\n<p><strong>Material: <\/strong><span id=\"w_199\" class=\"\">Oxford\u00a0<\/span><span id=\"w_200\" class=\"\">tela\u00a0<\/span><\/p>\n<p>&nbsp;<\/p>\n<p>&nbsp;<\/p>\n<p>Siempre mantenemos f\u00e1bricas cooperativas estrictamente seleccionadas para fabricar los productos, y una buena reputaci\u00f3n determina la alta calidad y el alto nivel de nuestros productos. Encontramos esta nueva bolsa de almuerzo llegada para ofrecerle una mejor experiencia de tener una comida.<\/p>","protected":false},"featured_media":9176,"comment_status":"open","ping_status":"closed","template":"","meta":{"_acf_changed":false},"product_brand":[],"product_cat":[28],"product_tag":[141,41,23],"class_list":{"0":"post-8196","1":"product","2":"type-product","3":"status-publish","4":"has-post-thumbnail","6":"product_cat-lunch-bag","7":"product_tag-cute-printing","8":"product_tag-lunch-bag","9":"product_tag-new-arrival","11":"first","12":"instock","13":"shipping-taxable","14":"product-type-simple","15":"swiper-slide"},"acf":[],"_links":{"self":[{"href":"https:\/\/www.sellersunionagent.com\/es\/wp-json\/wp\/v2\/product\/8196","targetHints":{"allow":["GET"]}}],"collection":[{"href":"https:\/\/www.sellersunionagent.com\/es\/wp-json\/wp\/v2\/product"}],"about":[{"href":"https:\/\/www.sellersunionagent.com\/es\/wp-json\/wp\/v2\/types\/product"}],"replies":[{"embeddable":true,"href":"https:\/\/www.sellersunionagent.com\/es\/wp-json\/wp\/v2\/comments?post=8196"}],"wp:featuredmedia":[{"embeddable":true,"href":"https:\/\/www.sellersunionagent.com\/es\/wp-json\/wp\/v2\/media\/9176"}],"wp:attachment":[{"href":"https:\/\/www.sellersunionagent.com\/es\/wp-json\/wp\/v2\/media?parent=8196"}],"wp:term":[{"taxonomy":"product_brand","embeddable":true,"href":"https:\/\/www.sellersunionagent.com\/es\/wp-json\/wp\/v2\/product_brand?post=8196"},{"taxonomy":"product_cat","embeddable":true,"href":"https:\/\/www.sellersunionagent.com\/es\/wp-json\/wp\/v2\/product_cat?post=8196"},{"taxonomy":"product_tag","embeddable":true,"href":"https:\/\/www.sellersunionagent.com\/es\/wp-json\/wp\/v2\/product_tag?post=8196"}],"curies":[{"name":"wp","href":"https:\/\/api.w.org\/{rel}","templated":true}]}}