{"id":8190,"date":"2022-06-29T18:10:51","date_gmt":"2022-06-29T10:10:51","guid":{"rendered":"https:\/\/sellersunionagent.com\/?post_type=product&#038;p=8190"},"modified":"2022-07-07T14:13:19","modified_gmt":"2022-07-07T06:13:19","slug":"bolsa-de-almacenamiento-de-gran-capacidad-para-accesorios-digitales-made-in-china","status":"publish","type":"product","link":"https:\/\/www.sellersunionagent.com\/es\/large-capacity-digital-accessories-storage-bag-made-in-china\/","title":{"rendered":"Bolsa de almacenamiento de gran capacidad para accesorios digitales Made in China"},"content":{"rendered":"<h2>Bolsa de almacenamiento de gran capacidad para accesorios digitales Made in China<\/h2>\n<p>&nbsp;<\/p>\n<p>&nbsp;<\/p>\n<p>La bolsa organizadora acabar\u00e1 con todos tus cables y dispositivos electr\u00f3nicos desordenados meti\u00e9ndolos en la bolsa con gran orden y gran capacidad.<\/p>\n<p>&nbsp;<\/p>\n<p>&nbsp;<\/p>\n<p>La bolsa organizadora est\u00e1 fabricada con material de nylon de primera calidad impermeable, resistente a los ara\u00f1azos y con absorci\u00f3n de impactos. M\u00e1ximo reducido la mayor\u00eda de los tipos de da\u00f1os entrantes.<\/p>\n<p>&nbsp;<\/p>\n<p>&nbsp;<\/p>\n<p>El dise\u00f1o de doble capa maximiza el espacio de almacenamiento para los usuarios. Con m\u00e1s espacio usuario puede mantener m\u00e1s electr\u00f3nica diaria y electr\u00f3nica de gran tama\u00f1o en la bolsa sin preocuparse por el l\u00edmite de espacio.<\/p>\n<p>&nbsp;<\/p>\n<p>&nbsp;<\/p>\n<p><img fetchpriority=\"high\" decoding=\"async\" class=\"aligncenter wp-image-8146\" src=\"https:\/\/www.sellersunionagent.com\/wp-content\/uploads\/2022\/06\/cute-shoe-bags-pouch-with-rope-20.jpg\" alt=\"\" width=\"600\" height=\"600\" \/> <img decoding=\"async\" class=\"aligncenter wp-image-8140\" src=\"https:\/\/www.sellersunionagent.com\/wp-content\/uploads\/2022\/06\/cute-shoe-bags-pouch-with-rope-17.jpg\" alt=\"\" width=\"600\" height=\"600\" \/><img decoding=\"async\" class=\"aligncenter wp-image-8817\" src=\"https:\/\/www.sellersunionagent.com\/wp-content\/uploads\/2022\/06\/wholesale-storage-bag-1.jpg\" alt=\"Fabricaci\u00f3n en China\" width=\"600\" height=\"600\" \/><\/p>","protected":false},"excerpt":{"rendered":"<p>Tipo:Bolsa de almacenamiento para accesorios digitales<\/p>\n<p>N\u00ba de art\u00edculo:GN003<\/p>\n<p>Tama\u00f1o: 25*19*8cm<\/p>\n<p>OEM\/ODM: Aceptado<\/p>","protected":false},"featured_media":8404,"comment_status":"open","ping_status":"closed","template":"","meta":{"_acf_changed":false},"product_brand":[],"product_cat":[32],"product_tag":[88],"class_list":{"0":"post-8190","1":"product","2":"type-product","3":"status-publish","4":"has-post-thumbnail","6":"product_cat-digital-bag","7":"product_tag-digital-accessories-storage-bag","9":"first","10":"instock","11":"shipping-taxable","12":"product-type-simple","13":"swiper-slide"},"acf":[],"_links":{"self":[{"href":"https:\/\/www.sellersunionagent.com\/es\/wp-json\/wp\/v2\/product\/8190","targetHints":{"allow":["GET"]}}],"collection":[{"href":"https:\/\/www.sellersunionagent.com\/es\/wp-json\/wp\/v2\/product"}],"about":[{"href":"https:\/\/www.sellersunionagent.com\/es\/wp-json\/wp\/v2\/types\/product"}],"replies":[{"embeddable":true,"href":"https:\/\/www.sellersunionagent.com\/es\/wp-json\/wp\/v2\/comments?post=8190"}],"wp:featuredmedia":[{"embeddable":true,"href":"https:\/\/www.sellersunionagent.com\/es\/wp-json\/wp\/v2\/media\/8404"}],"wp:attachment":[{"href":"https:\/\/www.sellersunionagent.com\/es\/wp-json\/wp\/v2\/media?parent=8190"}],"wp:term":[{"taxonomy":"product_brand","embeddable":true,"href":"https:\/\/www.sellersunionagent.com\/es\/wp-json\/wp\/v2\/product_brand?post=8190"},{"taxonomy":"product_cat","embeddable":true,"href":"https:\/\/www.sellersunionagent.com\/es\/wp-json\/wp\/v2\/product_cat?post=8190"},{"taxonomy":"product_tag","embeddable":true,"href":"https:\/\/www.sellersunionagent.com\/es\/wp-json\/wp\/v2\/product_tag?post=8190"}],"curies":[{"name":"wp","href":"https:\/\/api.w.org\/{rel}","templated":true}]}}