{"id":8179,"date":"2022-06-29T17:54:21","date_gmt":"2022-06-29T09:54:21","guid":{"rendered":"https:\/\/sellersunionagent.com\/?post_type=product&#038;p=8179"},"modified":"2022-06-29T17:54:21","modified_gmt":"2022-06-29T09:54:21","slug":"organizador-de-maquillaje-para-viajes","status":"publish","type":"product","link":"https:\/\/www.sellersunionagent.com\/es\/makeup-cosmetic-organizer-for-travel\/","title":{"rendered":"Organizador De Maquillaje Para Viaje"},"content":{"rendered":"<h2 id=\"title\" class=\"a-size-large a-spacing-none\"><span id=\"productTitle\" class=\"a-size-large product-title-word-break\">Bolsa de viaje para maquillaje y cosm\u00e9ticos Bolsa de almacenamiento port\u00e1til con cremallera<\/span><\/h2>\n<p>&nbsp;<\/p>\n<p>&nbsp;<\/p>\n<ul>\n<li class=\"a-size-large a-spacing-none\">SUFICIENTE ESPACIO DE ALMACENAMIENTO: Esta bolsa de maquillaje tiene espacio suficiente para almacenar su maquillaje y accesorios cosm\u00e9ticos, como l\u00e1piz labial, brillo de labios, pinceles de maquillaje, sombra de ojos, paletas de maquillaje, cepillos para el cabello, productos de cuidado de la piel, esmalte de u\u00f1as, herramientas de arte de u\u00f1as, champ\u00fa y as\u00ed no.<\/li>\n<\/ul>\n<p>&nbsp;<\/p>\n<p>&nbsp;<\/p>\n<ul>\n<li class=\"a-size-large a-spacing-none\">COMPARTIMENTOS AJUSTABLES: Esta bolsa de maquillaje tiene varios compartimentos y ranuras para pinceles de maquillaje, puede mantener sus herramientas de maquillaje es limpio y ordenado. Dise\u00f1o especial compartimentos ajustables, se puede ajustar seg\u00fan sea necesario.<\/li>\n<\/ul>\n<p>&nbsp;<\/p>\n<p>&nbsp;<\/p>\n<ul>\n<li class=\"a-size-large a-spacing-none\">ESTUCHE DE MAQUILLAJE PERFECTO PARA VIAJES: Dise\u00f1o port\u00e1til y ligero, con interiores impermeables, a prueba de golpes, antidesgaste y a prueba de derrames. Podr\u00e1s llevar tus cosm\u00e9ticos a cualquier parte.<\/li>\n<\/ul>\n<p>&nbsp;<\/p>\n<p>&nbsp;<\/p>\n<ul>\n<li class=\"a-size-large a-spacing-none\">BOLSA DE MAQUILLAJE MULTIFUNCIONAL: Esta bolsa de maquillaje no s\u00f3lo puede almacenar sus cosm\u00e9ticos, sino tambi\u00e9n joyas, accesorios electr\u00f3nicos, c\u00e1mara, aceite esencial, art\u00edculos de tocador, kit de afeitado, objetos de valor y as\u00ed sucesivamente.<\/li>\n<\/ul>\n<p><img fetchpriority=\"high\" decoding=\"async\" class=\"aligncenter wp-image-8181\" src=\"https:\/\/www.sellersunionagent.com\/wp-content\/uploads\/2022\/06\/makeup-cosmetic-organizer-for-travel-1.jpg\" alt=\"\" width=\"500\" height=\"500\" \/><\/p>\n<p><img decoding=\"async\" class=\"aligncenter wp-image-8182\" src=\"https:\/\/www.sellersunionagent.com\/wp-content\/uploads\/2022\/06\/makeup-cosmetic-organizer-for-travel-2.jpg\" alt=\"\" width=\"500\" height=\"500\" \/><\/p>\n<p><img decoding=\"async\" class=\"aligncenter wp-image-8187\" src=\"https:\/\/www.sellersunionagent.com\/wp-content\/uploads\/2022\/06\/makeup-cosmetic-organizer-for-travel-7.jpg\" alt=\"\" width=\"500\" height=\"500\" \/><\/p>","protected":false},"excerpt":{"rendered":"<p><strong>Tipo<\/strong>: Neceser de maquillaje<\/p>\n<p><strong>N\u00famero de art\u00edculo:<\/strong> GN010<\/p>\n<p><strong>Tama\u00f1o del art\u00edculo<\/strong>: 23*19*15.5cm<\/p>\n<p><strong>Peso del art\u00edculo<\/strong>: 0,2kg<\/p>\n<p><strong>Material: <\/strong>PU<\/p>","protected":false},"featured_media":8186,"comment_status":"open","ping_status":"closed","template":"","meta":{"_acf_changed":false},"product_brand":[],"product_cat":[30],"product_tag":[78,59,50,65],"class_list":{"0":"post-8179","1":"product","2":"type-product","3":"status-publish","4":"has-post-thumbnail","6":"product_cat-makeup-bag","7":"product_tag-makeup-bag","8":"product_tag-multifunctional","9":"product_tag-wholesale","10":"product_tag-women","12":"first","13":"instock","14":"shipping-taxable","15":"product-type-simple","16":"swiper-slide"},"acf":[],"_links":{"self":[{"href":"https:\/\/www.sellersunionagent.com\/es\/wp-json\/wp\/v2\/product\/8179","targetHints":{"allow":["GET"]}}],"collection":[{"href":"https:\/\/www.sellersunionagent.com\/es\/wp-json\/wp\/v2\/product"}],"about":[{"href":"https:\/\/www.sellersunionagent.com\/es\/wp-json\/wp\/v2\/types\/product"}],"replies":[{"embeddable":true,"href":"https:\/\/www.sellersunionagent.com\/es\/wp-json\/wp\/v2\/comments?post=8179"}],"wp:featuredmedia":[{"embeddable":true,"href":"https:\/\/www.sellersunionagent.com\/es\/wp-json\/wp\/v2\/media\/8186"}],"wp:attachment":[{"href":"https:\/\/www.sellersunionagent.com\/es\/wp-json\/wp\/v2\/media?parent=8179"}],"wp:term":[{"taxonomy":"product_brand","embeddable":true,"href":"https:\/\/www.sellersunionagent.com\/es\/wp-json\/wp\/v2\/product_brand?post=8179"},{"taxonomy":"product_cat","embeddable":true,"href":"https:\/\/www.sellersunionagent.com\/es\/wp-json\/wp\/v2\/product_cat?post=8179"},{"taxonomy":"product_tag","embeddable":true,"href":"https:\/\/www.sellersunionagent.com\/es\/wp-json\/wp\/v2\/product_tag?post=8179"}],"curies":[{"name":"wp","href":"https:\/\/api.w.org\/{rel}","templated":true}]}}