{"id":8176,"date":"2022-06-29T17:55:48","date_gmt":"2022-06-29T09:55:48","guid":{"rendered":"https:\/\/sellersunionagent.com\/?post_type=product&#038;p=8176"},"modified":"2022-08-31T14:10:31","modified_gmt":"2022-08-31T06:10:31","slug":"bolsa-de-almacenamiento-transpirable-con-cordon-a-prueba-de-polvo","status":"publish","type":"product","link":"https:\/\/www.sellersunionagent.com\/es\/breathable-dust-proof-drawstring-storage-pouch-bag\/","title":{"rendered":"Bolsa de almacenamiento transpirable con cord\u00f3n a prueba de polvo"},"content":{"rendered":"<h2 id=\"title\" class=\"a-size-large a-spacing-none\"><span id=\"productTitle\" class=\"a-size-large product-title-word-break\">Bolsa de almacenamiento transpirable con cord\u00f3n a prueba de polvo<\/span><\/h2>\n<p>&nbsp;<\/p>\n<p>&nbsp;<\/p>\n<p>Protege sus zapatos de la suciedad cuando los guarda en el equipaje. Tambi\u00e9n puede mantener sus zapatos limpios cuando se almacena en el armario. Por lo tanto, es un buen dise\u00f1o para uso dom\u00e9stico y de viaje.<\/p>\n<p>&nbsp;<\/p>\n<p>&nbsp;<\/p>\n<p>Hecho de PVC de primera calidad con cord\u00f3n grueso para una organizaci\u00f3n conveniente, dibujo lindo y uso duradero. Las bolsas de zapatos de viaje tiene plegable, ligero y port\u00e1til, c\u00f3modo de usar.<\/p>\n<p>&nbsp;<\/p>\n<p>&nbsp;<\/p>\n<p>Dise\u00f1o transl\u00facido, Ayuda a identificar m\u00e1s f\u00e1cilmente qu\u00e9 par de zapatos en \u00e9l, ahorrar su tiempo. Conveniente para el viaje y la vida.<\/p>\n<p>&nbsp;<\/p>\n<p>&nbsp;<\/p>\n<p><img fetchpriority=\"high\" decoding=\"async\" class=\"aligncenter wp-image-8134\" src=\"https:\/\/www.sellersunionagent.com\/wp-content\/uploads\/2022\/06\/cute-shoe-bags-pouch-with-rope-11.jpg\" alt=\"\" width=\"600\" height=\"600\" \/> <img decoding=\"async\" class=\"aligncenter wp-image-8138\" src=\"https:\/\/www.sellersunionagent.com\/wp-content\/uploads\/2022\/06\/cute-shoe-bags-pouch-with-rope-15.jpg\" alt=\"\" width=\"600\" height=\"600\" \/><img decoding=\"async\" class=\"aligncenter wp-image-8137\" src=\"https:\/\/www.sellersunionagent.com\/wp-content\/uploads\/2022\/06\/cute-shoe-bags-pouch-with-rope-14.jpg\" alt=\"Distribuidor\" width=\"600\" height=\"592\" \/><\/p>","protected":false},"excerpt":{"rendered":"<p>Tipo:Almacenamiento dom\u00e9stico<\/p>\n<p>N\u00ba de art\u00edculo:GN017<\/p>\n<p>Tama\u00f1o: 37*18*12cm<\/p>\n<p>OEM\/ODM: Aceptado<\/p>","protected":false},"featured_media":8816,"comment_status":"open","ping_status":"closed","template":"","meta":{"_acf_changed":false},"product_brand":[],"product_cat":[31,186],"product_tag":[70,139],"class_list":{"0":"post-8176","1":"product","2":"type-product","3":"status-publish","4":"has-post-thumbnail","6":"product_cat-home-storage","7":"product_cat-living-room","8":"product_tag-home-storage","9":"product_tag-shoes-storage","11":"first","12":"instock","13":"shipping-taxable","14":"product-type-simple","15":"swiper-slide"},"acf":[],"_links":{"self":[{"href":"https:\/\/www.sellersunionagent.com\/es\/wp-json\/wp\/v2\/product\/8176","targetHints":{"allow":["GET"]}}],"collection":[{"href":"https:\/\/www.sellersunionagent.com\/es\/wp-json\/wp\/v2\/product"}],"about":[{"href":"https:\/\/www.sellersunionagent.com\/es\/wp-json\/wp\/v2\/types\/product"}],"replies":[{"embeddable":true,"href":"https:\/\/www.sellersunionagent.com\/es\/wp-json\/wp\/v2\/comments?post=8176"}],"wp:featuredmedia":[{"embeddable":true,"href":"https:\/\/www.sellersunionagent.com\/es\/wp-json\/wp\/v2\/media\/8816"}],"wp:attachment":[{"href":"https:\/\/www.sellersunionagent.com\/es\/wp-json\/wp\/v2\/media?parent=8176"}],"wp:term":[{"taxonomy":"product_brand","embeddable":true,"href":"https:\/\/www.sellersunionagent.com\/es\/wp-json\/wp\/v2\/product_brand?post=8176"},{"taxonomy":"product_cat","embeddable":true,"href":"https:\/\/www.sellersunionagent.com\/es\/wp-json\/wp\/v2\/product_cat?post=8176"},{"taxonomy":"product_tag","embeddable":true,"href":"https:\/\/www.sellersunionagent.com\/es\/wp-json\/wp\/v2\/product_tag?post=8176"}],"curies":[{"name":"wp","href":"https:\/\/api.w.org\/{rel}","templated":true}]}}