{"id":8165,"date":"2022-06-29T17:46:10","date_gmt":"2022-06-29T09:46:10","guid":{"rendered":"https:\/\/sellersunionagent.com\/?post_type=product&#038;p=8165"},"modified":"2022-06-29T17:46:11","modified_gmt":"2022-06-29T09:46:11","slug":"neceser-de-maquillaje-de-diseno-especial-para-mujer","status":"publish","type":"product","link":"https:\/\/www.sellersunionagent.com\/es\/special-design-makeup-cosmetic-bag-for-women\/","title":{"rendered":"Neceser de maquillaje de dise\u00f1o especial para mujer"},"content":{"rendered":"<h2><span id=\"productTitle\" class=\"a-size-large product-title-word-break\">Maquillaje Bolsa de cosm\u00e9ticos Cute Box de viaje Accesorios Organizador Regalos de cumplea\u00f1os para las mujeres Chicas Amigos<\/span><\/h2>\n<h2><\/h2>\n<p>&nbsp;<\/p>\n<ul>\n<li>\u3010CUTE DESIGN&amp;FUNNY THEME\u3011Lovely barrel design, an essential for every fashion women or girl.<\/li>\n<\/ul>\n<p>&nbsp;<\/p>\n<p>&nbsp;<\/p>\n<ul>\n<li class=\"a-size-large a-spacing-none\"><span id=\"productTitle\" class=\"a-size-large product-title-word-break\">\u3010BEST REGALO PARA MUJER\u3011Este bolso cosm\u00e9tico del recorrido de la belleza ser\u00e1 un regalo lindo y memorable para cualquier ocasi\u00f3n o festival: regalos del cumplea\u00f1os, regalos de la graduaci\u00f3n, detr\u00e1s a los regalos de la escuela, regalos de Navidad, regalos de la inauguraci\u00f3n de la casa, regalos del d\u00eda de madre, regalos del d\u00eda de San Valent\u00edn, regalo del aniversario, regalo conmemorativo, regalo del retiro.<\/span><\/li>\n<\/ul>\n<p>&nbsp;<\/p>\n<p>&nbsp;<\/p>\n<ul>\n<li class=\"a-size-large a-spacing-none\"><span id=\"productTitle\" class=\"a-size-large product-title-word-break\">\u3010MATERIAL\u3011Hglian bolsa organizadora de maquillaje rosa hecha de sarga Oxford duradera\uff0cdurable y duradera.<\/span><\/li>\n<\/ul>\n<p>&nbsp;<\/p>\n<p>&nbsp;<\/p>\n<ul>\n<li class=\"a-size-large a-spacing-none\"><span id=\"productTitle\" class=\"a-size-large product-title-word-break\">\u3010MULTIFUNCIONAL POUCH\u3011Esta linda bolsa rosa con cremallera se puede utilizar como una bolsa de cosm\u00e9ticos, bolsa de maquillaje, bolsa de aseo, bolsa organizadora de viajes, incluso un purse.Our hacer bolsas no s\u00f3lo puede almacenar sus cosm\u00e9ticos maquillaje pinceles, sino tambi\u00e9n art\u00edculos de tocador, aceite esencial, afeitado Kit de joyer\u00eda, accesorios digitales, llaves tel\u00e9fonos lo que necesite.<\/span><\/li>\n<\/ul>\n<p>&nbsp;<\/p>\n<p>&nbsp;<\/p>\n<ul>\n<li class=\"a-size-large a-spacing-none\"><span id=\"productTitle\" class=\"a-size-large product-title-word-break\">\u3010FITS\u3011Este neceser de viaje rosa se adapta a los viajes de las mujeres, viajes de negocios, organizador de art\u00edculos para el hogar, otras salidas o accesorios de viaje.\u00a0<\/span><\/li>\n<\/ul>\n<p>&nbsp;<\/p>\n<p><img fetchpriority=\"high\" decoding=\"async\" class=\"aligncenter wp-image-8169\" src=\"https:\/\/www.sellersunionagent.com\/wp-content\/uploads\/2022\/06\/special-design-makeup-cosmetic-bag-3.jpg\" alt=\"\" width=\"500\" height=\"500\" \/><\/p>\n<p><img decoding=\"async\" class=\"aligncenter wp-image-8170\" src=\"https:\/\/www.sellersunionagent.com\/wp-content\/uploads\/2022\/06\/special-design-makeup-cosmetic-bag-4.jpg\" alt=\"\" width=\"500\" height=\"500\" \/><\/p>\n<p><img decoding=\"async\" class=\"aligncenter wp-image-8171\" src=\"https:\/\/www.sellersunionagent.com\/wp-content\/uploads\/2022\/06\/special-design-makeup-cosmetic-bag-5.jpg\" alt=\"\" width=\"500\" height=\"476\" \/><\/p>\n<p><img loading=\"lazy\" decoding=\"async\" class=\"aligncenter wp-image-8172\" src=\"https:\/\/www.sellersunionagent.com\/wp-content\/uploads\/2022\/06\/special-design-makeup-cosmetic-bag-6.jpg\" alt=\"\" width=\"500\" height=\"500\" \/><\/p>","protected":false},"excerpt":{"rendered":"<p><strong>\u00a0<\/strong><strong>Tipo<\/strong>: Neceser de maquillaje<\/p>\n<p><strong>N\u00famero de art\u00edculo:<\/strong> GN011<\/p>\n<p><strong>Peso del art\u00edculo<\/strong>: 0,07KG<\/p>\n<p><strong>Material: <\/strong>tejido oxford<\/p>","protected":false},"featured_media":8177,"comment_status":"open","ping_status":"closed","template":"","meta":{"_acf_changed":false},"product_brand":[],"product_cat":[30],"product_tag":[78,53,67,99],"class_list":{"0":"post-8165","1":"product","2":"type-product","3":"status-publish","4":"has-post-thumbnail","6":"product_cat-makeup-bag","7":"product_tag-makeup-bag","8":"product_tag-professional-supplier","9":"product_tag-travel-organizer","10":"product_tag-wholesale-maker-from-china","12":"first","13":"instock","14":"shipping-taxable","15":"product-type-simple","16":"swiper-slide"},"acf":[],"_links":{"self":[{"href":"https:\/\/www.sellersunionagent.com\/es\/wp-json\/wp\/v2\/product\/8165","targetHints":{"allow":["GET"]}}],"collection":[{"href":"https:\/\/www.sellersunionagent.com\/es\/wp-json\/wp\/v2\/product"}],"about":[{"href":"https:\/\/www.sellersunionagent.com\/es\/wp-json\/wp\/v2\/types\/product"}],"replies":[{"embeddable":true,"href":"https:\/\/www.sellersunionagent.com\/es\/wp-json\/wp\/v2\/comments?post=8165"}],"wp:featuredmedia":[{"embeddable":true,"href":"https:\/\/www.sellersunionagent.com\/es\/wp-json\/wp\/v2\/media\/8177"}],"wp:attachment":[{"href":"https:\/\/www.sellersunionagent.com\/es\/wp-json\/wp\/v2\/media?parent=8165"}],"wp:term":[{"taxonomy":"product_brand","embeddable":true,"href":"https:\/\/www.sellersunionagent.com\/es\/wp-json\/wp\/v2\/product_brand?post=8165"},{"taxonomy":"product_cat","embeddable":true,"href":"https:\/\/www.sellersunionagent.com\/es\/wp-json\/wp\/v2\/product_cat?post=8165"},{"taxonomy":"product_tag","embeddable":true,"href":"https:\/\/www.sellersunionagent.com\/es\/wp-json\/wp\/v2\/product_tag?post=8165"}],"curies":[{"name":"wp","href":"https:\/\/api.w.org\/{rel}","templated":true}]}}