{"id":8122,"date":"2022-06-29T17:46:50","date_gmt":"2022-06-29T09:46:50","guid":{"rendered":"https:\/\/sellersunionagent.com\/?post_type=product&#038;p=8122"},"modified":"2022-06-29T17:46:50","modified_gmt":"2022-06-29T09:46:50","slug":"venta-al-por-mayor-nuevo-diseno-bolsa-de-cosmeticos-bolsa-de-maquillaje-para-las-mujeres","status":"publish","type":"product","link":"https:\/\/www.sellersunionagent.com\/es\/wholesale-new-design-cosmetic-bag-makeup-bag-for-women\/","title":{"rendered":"Mayorista Nuevo Dise\u00f1o Bolsa De Cosmeticos Bolsa De Maquillaje Para Mujeres"},"content":{"rendered":"<h2 id=\"title\" class=\"a-size-large a-spacing-none\"><span id=\"productTitle\" class=\"a-size-large product-title-word-break\">Bolsa de maquillaje y cosm\u00e9ticos, estuche de maquillaje con cremallera para mujeres y ni\u00f1as, bonito organizador de viaje apto para bolso<\/span><\/h2>\n<p>&nbsp;<\/p>\n<p>&nbsp;<\/p>\n<ul>\n<li>El neceser definitivo Peque\u00f1o neceser de maquillaje listo para proteger tus objetos durante los viajes.<\/li>\n<\/ul>\n<p>&nbsp;<\/p>\n<p>&nbsp;<\/p>\n<ul>\n<li>Caracter\u00edsticas y dise\u00f1o perfectos Si buscas un neceser pr\u00e1ctico y port\u00e1til con cierre de cremallera, \u00a1te encantar\u00e1! Tiene m\u00faltiples compartimentos para facilitar la organizaci\u00f3n.<\/li>\n<\/ul>\n<p>&nbsp;<\/p>\n<p>&nbsp;<\/p>\n<ul>\n<li>Resistente al agua y a los lavados Adem\u00e1s, nuestra resistente bolsa cuenta con un tirador de cremallera met\u00e1lico, que se desliza suavemente incluso cuando la bolsa est\u00e1 llena, para que pueda acceder r\u00e1pidamente a sus objetos esenciales. Su elegante dise\u00f1o es perfecto para llevarla en casa o de viaje, pero tambi\u00e9n puede llevarla en el bolso.<\/li>\n<\/ul>\n<p>&nbsp;<\/p>\n<p>&nbsp;<\/p>\n<ul>\n<li>Packers y viajes cortos, y est\u00e1 disponible en varios colores para elegir. Se ha dise\u00f1ado especialmente para adaptarse a distintas ocasiones, como viajes de negocios, gimnasio, viajes familiares, colegio o uso diario, y es apropiado tanto para mujeres como para ni\u00f1as. - \u00a1\u00dasalo como quieras!<\/li>\n<\/ul>\n<p>&nbsp;<\/p>\n<p>&nbsp;<\/p>\n<ul>\n<li>Una idea de regalo exquisita \u00bfQuiere impresionar a alguien con un regalo innovador? Este neceser de maquillaje de viaje es la idea de regalo perfecta. Elegantes y de tendencia, los neceseres forman parte de una nueva colecci\u00f3n dedicada a las mujeres de cualquier edad que quieren estar a la moda.<\/li>\n<\/ul>\n<p>&nbsp;<\/p>\n<p><img fetchpriority=\"high\" decoding=\"async\" class=\"aligncenter wp-image-8142\" src=\"https:\/\/www.sellersunionagent.com\/wp-content\/uploads\/2022\/06\/wholesale-new-design-cosmetic-bag.jpg\" alt=\"\" width=\"500\" height=\"500\" \/><\/p>\n<p><img decoding=\"async\" class=\"aligncenter wp-image-8145\" src=\"https:\/\/www.sellersunionagent.com\/wp-content\/uploads\/2022\/06\/wholesale-new-design-cosmetic-bag-2.jpg\" alt=\"\" width=\"500\" height=\"499\" \/><\/p>\n<p><img decoding=\"async\" class=\"aligncenter wp-image-8147\" src=\"https:\/\/www.sellersunionagent.com\/wp-content\/uploads\/2022\/06\/wholesale-new-design-cosmetic-bag-3.jpg\" alt=\"\" width=\"500\" height=\"500\" \/><\/p>\n<p><img loading=\"lazy\" decoding=\"async\" class=\"aligncenter wp-image-8153\" src=\"https:\/\/www.sellersunionagent.com\/wp-content\/uploads\/2022\/06\/wholesale-new-design-cosmetic-bag-6.jpg\" alt=\"\" width=\"500\" height=\"500\" \/><\/p>\n<p><img loading=\"lazy\" decoding=\"async\" class=\"aligncenter wp-image-8155\" src=\"https:\/\/www.sellersunionagent.com\/wp-content\/uploads\/2022\/06\/wholesale-new-design-cosmetic-bag-7.jpg\" alt=\"\" width=\"500\" height=\"496\" \/><\/p>\n<p>&nbsp;<\/p>","protected":false},"excerpt":{"rendered":"<p><strong>\u00a0<\/strong><strong>Tipo<\/strong>: Neceser de maquillaje<\/p>\n<p><strong>N\u00famero de art\u00edculo:<\/strong> GN018<\/p>\n<p><strong>Tama\u00f1o del art\u00edculo<\/strong>: 19*10*14CM<\/p>\n<p><strong>Material: <\/strong>tejido oxford<\/p>","protected":false},"featured_media":8178,"comment_status":"open","ping_status":"closed","template":"","meta":{"_acf_changed":false},"product_brand":[],"product_cat":[30],"product_tag":[80,78,94],"class_list":{"0":"post-8122","1":"product","2":"type-product","3":"status-publish","4":"has-post-thumbnail","6":"product_cat-makeup-bag","7":"product_tag-hot-sales","8":"product_tag-makeup-bag","9":"product_tag-organizer","11":"first","12":"instock","13":"shipping-taxable","14":"product-type-simple","15":"swiper-slide"},"acf":[],"_links":{"self":[{"href":"https:\/\/www.sellersunionagent.com\/es\/wp-json\/wp\/v2\/product\/8122","targetHints":{"allow":["GET"]}}],"collection":[{"href":"https:\/\/www.sellersunionagent.com\/es\/wp-json\/wp\/v2\/product"}],"about":[{"href":"https:\/\/www.sellersunionagent.com\/es\/wp-json\/wp\/v2\/types\/product"}],"replies":[{"embeddable":true,"href":"https:\/\/www.sellersunionagent.com\/es\/wp-json\/wp\/v2\/comments?post=8122"}],"wp:featuredmedia":[{"embeddable":true,"href":"https:\/\/www.sellersunionagent.com\/es\/wp-json\/wp\/v2\/media\/8178"}],"wp:attachment":[{"href":"https:\/\/www.sellersunionagent.com\/es\/wp-json\/wp\/v2\/media?parent=8122"}],"wp:term":[{"taxonomy":"product_brand","embeddable":true,"href":"https:\/\/www.sellersunionagent.com\/es\/wp-json\/wp\/v2\/product_brand?post=8122"},{"taxonomy":"product_cat","embeddable":true,"href":"https:\/\/www.sellersunionagent.com\/es\/wp-json\/wp\/v2\/product_cat?post=8122"},{"taxonomy":"product_tag","embeddable":true,"href":"https:\/\/www.sellersunionagent.com\/es\/wp-json\/wp\/v2\/product_tag?post=8122"}],"curies":[{"name":"wp","href":"https:\/\/api.w.org\/{rel}","templated":true}]}}