{"id":8118,"date":"2022-06-29T17:40:12","date_gmt":"2022-06-29T09:40:12","guid":{"rendered":"https:\/\/sellersunionagent.com\/?post_type=product&#038;p=8118"},"modified":"2026-01-06T14:29:24","modified_gmt":"2026-01-06T06:29:24","slug":"bolsa-isotermica-redonda-personalizada","status":"publish","type":"product","link":"https:\/\/www.sellersunionagent.com\/es\/custom-round-shape-insulated-lunch-bag\/","title":{"rendered":"Bolsa t\u00e9rmica aislante redonda personalizada"},"content":{"rendered":"<h2>Bolsa t\u00e9rmica aislante redonda personalizada<\/h2>\n<p><strong>Tipo<\/strong>: Bolsa t\u00e9rmica<\/p>\n<p><strong>N\u00famero de art\u00edculo:<\/strong> JF002<\/p>\n<p><strong>Tama\u00f1o del art\u00edculo<\/strong>: S: 17*19cm, unos 4,3L\/ M: 17*25cm, unos 5,6L\/ L: 19*25cm, unos 7L<\/p>\n<p><strong>Colores<\/strong>: Azul oscuro\/ gris\/ negro\/ rojo apagado<\/p>\n<p><strong>Material:<\/strong><span id=\"w_199\" class=\"\">Oxford\u00a0<\/span><span id=\"w_200\" class=\"\">tela\u00a0<\/span><\/p>\n<p>&nbsp;<\/p>\n<p>&nbsp;<\/p>\n<ul>\n<li>La carcasa es de tela oxford gruesa, resistente a los desgarros y duradera.<\/li>\n<li>El forro de papel de aluminio hace que este producto se enorgullezca de una maravillosa conservaci\u00f3n del calor. Y f\u00e1cil de limpiar la suciedad, f\u00e1cil de limpiar. El forro interior es de algod\u00f3n perla, suave y resistente a los golpes.<\/li>\n<li>Dise\u00f1o de aislamiento t\u00e9rmico para mantener los alimentos frescos durante m\u00e1s tiempo.<\/li>\n<li>La cremallera bidireccional, el asa suave y las correas extra\u00edbles facilitan su transporte.<\/li>\n<li>Bolsillo delantero, pr\u00e1ctico para guardar peque\u00f1os objetos cotidianos<\/li>\n<li>Adecuado para su uso en el trabajo, la escuela, viajes, camping, etc.<\/li>\n<\/ul>\n<p><img fetchpriority=\"high\" decoding=\"async\" class=\"aligncenter wp-image-8119\" src=\"https:\/\/www.sellersunionagent.com\/wp-content\/uploads\/2022\/06\/custom-round-shape-insulated-thermal-bag.jpg\" alt=\"A medida\" width=\"500\" height=\"500\" \/><img decoding=\"async\" class=\"aligncenter wp-image-8157\" src=\"https:\/\/www.sellersunionagent.com\/wp-content\/uploads\/2022\/06\/custom-round-shape-insulated-thermal-bag-5.jpg\" alt=\"A medida\" width=\"600\" height=\"341\" \/><img decoding=\"async\" class=\"aligncenter wp-image-8158\" src=\"https:\/\/www.sellersunionagent.com\/wp-content\/uploads\/2022\/06\/custom-round-shape-insulated-thermal-bag-4.jpg\" alt=\"A medida\" width=\"600\" height=\"336\" \/><img loading=\"lazy\" decoding=\"async\" class=\"aligncenter wp-image-8159\" src=\"https:\/\/www.sellersunionagent.com\/wp-content\/uploads\/2022\/06\/custom-round-shape-insulated-thermal-bag-3.jpg\" alt=\"A medida\" width=\"600\" height=\"333\" \/><img loading=\"lazy\" decoding=\"async\" class=\"aligncenter wp-image-8120\" src=\"https:\/\/www.sellersunionagent.com\/wp-content\/uploads\/2022\/06\/custom-round-shape-insulated-thermal-bag-1.jpg\" alt=\"A medida\" width=\"600\" height=\"600\" \/><img loading=\"lazy\" decoding=\"async\" class=\"aligncenter wp-image-8156\" src=\"https:\/\/www.sellersunionagent.com\/wp-content\/uploads\/2022\/06\/custom-round-shape-insulated-thermal-bag-6.jpg\" alt=\"A medida\" width=\"600\" height=\"600\" \/> <img loading=\"lazy\" decoding=\"async\" class=\"aligncenter wp-image-8161\" src=\"https:\/\/www.sellersunionagent.com\/wp-content\/uploads\/2022\/06\/custom-round-shape-insulated-thermal-bag-7.jpg\" alt=\"A medida\" width=\"600\" height=\"400\" \/> <img loading=\"lazy\" decoding=\"async\" class=\"aligncenter wp-image-8164\" src=\"https:\/\/www.sellersunionagent.com\/wp-content\/uploads\/2022\/06\/custom-round-shape-insulated-thermal-bag-9.png\" alt=\"A medida\" width=\"600\" height=\"402\" \/> <img loading=\"lazy\" decoding=\"async\" class=\"aligncenter wp-image-8163\" src=\"https:\/\/www.sellersunionagent.com\/wp-content\/uploads\/2022\/06\/custom-round-shape-insulated-thermal-bag-10.png\" alt=\"A medida\" width=\"600\" height=\"400\" \/><img loading=\"lazy\" decoding=\"async\" class=\"aligncenter wp-image-8121 size-full\" src=\"https:\/\/www.sellersunionagent.com\/wp-content\/uploads\/2022\/06\/custom-round-shape-insulated-thermal-bag-2.jpg\" alt=\"A medida\" width=\"509\" height=\"1111\" \/><\/p>","protected":false},"excerpt":{"rendered":"<p><strong>MOQ<\/strong>: 500 o Flexible<\/p>\n<p><strong>Muestra gratuita<\/strong>: Soporte<\/p>\n<p><strong>Personalizaci\u00f3n<\/strong>: logotipo\/color\/materiales\/embalaje<\/p>\n<p><strong>Descuento<\/strong>: 10% de descuento en su primer pedido<\/p>\n<p><strong>Porcentaje de entregas a tiempo<\/strong>: 100%<\/p>\n<p><strong>Env\u00edos totales<\/strong>: 106823 PCS<\/p>\n<p><strong>Env\u00edo<\/strong>: Apoyo Expr\u00e9s\/Mercanc\u00eda Mar\u00edtima\/Mercanc\u00eda Terrestre<\/p>\n<p>&nbsp;<\/p>\n<p>&nbsp;<\/p>\n<p>Como proveedor de bolsas de almuerzo de venta caliente en China, tenemos m\u00e1s de 20 a\u00f1os de experiencia, estamos comprometidos a ofrecerle productos de almacenamiento de dise\u00f1o personalizado a precios competitivos. Exportamos mercanc\u00edas de moda, de alta calidad y buen precio, apoyamos la personalizaci\u00f3n OEM y ODM, y le ofrecemos un servicio profesional de ventanilla \u00fanica.<\/p>","protected":false},"featured_media":8119,"comment_status":"open","ping_status":"closed","template":"","meta":{"_acf_changed":false},"product_brand":[],"product_cat":[28],"product_tag":[121,138],"class_list":{"0":"post-8118","1":"product","2":"type-product","3":"status-publish","4":"has-post-thumbnail","6":"product_cat-lunch-bag","7":"product_tag-custom","8":"product_tag-insulated","10":"first","11":"instock","12":"shipping-taxable","13":"purchasable","14":"product-type-simple","15":"swiper-slide"},"acf":[],"_links":{"self":[{"href":"https:\/\/www.sellersunionagent.com\/es\/wp-json\/wp\/v2\/product\/8118","targetHints":{"allow":["GET"]}}],"collection":[{"href":"https:\/\/www.sellersunionagent.com\/es\/wp-json\/wp\/v2\/product"}],"about":[{"href":"https:\/\/www.sellersunionagent.com\/es\/wp-json\/wp\/v2\/types\/product"}],"replies":[{"embeddable":true,"href":"https:\/\/www.sellersunionagent.com\/es\/wp-json\/wp\/v2\/comments?post=8118"}],"wp:featuredmedia":[{"embeddable":true,"href":"https:\/\/www.sellersunionagent.com\/es\/wp-json\/wp\/v2\/media\/8119"}],"wp:attachment":[{"href":"https:\/\/www.sellersunionagent.com\/es\/wp-json\/wp\/v2\/media?parent=8118"}],"wp:term":[{"taxonomy":"product_brand","embeddable":true,"href":"https:\/\/www.sellersunionagent.com\/es\/wp-json\/wp\/v2\/product_brand?post=8118"},{"taxonomy":"product_cat","embeddable":true,"href":"https:\/\/www.sellersunionagent.com\/es\/wp-json\/wp\/v2\/product_cat?post=8118"},{"taxonomy":"product_tag","embeddable":true,"href":"https:\/\/www.sellersunionagent.com\/es\/wp-json\/wp\/v2\/product_tag?post=8118"}],"curies":[{"name":"wp","href":"https:\/\/api.w.org\/{rel}","templated":true}]}}