{"id":8116,"date":"2022-06-29T17:23:26","date_gmt":"2022-06-29T09:23:26","guid":{"rendered":"https:\/\/sellersunionagent.com\/?post_type=product&#038;p=8116"},"modified":"2022-08-31T14:10:50","modified_gmt":"2022-08-31T06:10:50","slug":"bolsas-de-zapatos-lindo-bolsa-con-cuerda-para-viajes-grandes-zapatos-claros-organizadores-de-almacenamiento-para-hombres-y-mujeres","status":"publish","type":"product","link":"https:\/\/www.sellersunionagent.com\/es\/cute-shoe-bags-pouch-with-rope-for-travel-large-clear-shoes-storage-organizers-for-men-and-women\/","title":{"rendered":"\u00a0Bolsa para zapatos con cuerda para viajes Organizadores transparentes grandes para guardar zapatos para hombres y mujeres"},"content":{"rendered":"<h2 class=\"a-size-large a-spacing-none\"><span class=\"a-size-large product-title-word-break\">\u00a0Bonitas bolsas para zapatos <\/span><span id=\"productTitle\" class=\"a-size-large product-title-word-break\">Bolsa con cuerda <\/span><span id=\"productTitle\" class=\"a-size-large product-title-word-break\">Organizadores transparentes de viaje para zapatos de hombre y mujer<\/span><\/h2>\n<p>&nbsp;<\/p>\n<p>&nbsp;<\/p>\n<p>Protege sus zapatos de la suciedad cuando los guarda en el equipaje. Tambi\u00e9n puede mantener sus zapatos limpios cuando se almacena en el armario. Por lo tanto, es un buen dise\u00f1o para uso dom\u00e9stico y de viaje.<\/p>\n<p>&nbsp;<\/p>\n<p>&nbsp;<\/p>\n<p>Hecho de PVC de primera calidad con cord\u00f3n grueso para una organizaci\u00f3n conveniente, dibujo lindo y uso duradero. Las bolsas de zapatos de viaje tiene plegable, ligero y port\u00e1til, c\u00f3modo de usar.<\/p>\n<p>&nbsp;<\/p>\n<p>&nbsp;<\/p>\n<p>No s\u00f3lo una bolsa de zapatos, tambi\u00e9n se puede utilizar como bolsa de maquillaje, accesorios de zapatos, bolsas de viaje, bolsa de aseo, bolsas de embalaje, accesorios de gimnasio, bolsas de lavander\u00eda de viaje, llevando zapatos bolsa organizadora de almacenamiento, bolsas de espect\u00e1culo, bolsas de deporte, bolsas de regalo de Navidad con cord\u00f3n y para otros usos.<\/p>\n<p>&nbsp;<\/p>\n<p>&nbsp;<\/p>\n<p><img fetchpriority=\"high\" decoding=\"async\" class=\"aligncenter wp-image-8123\" src=\"https:\/\/www.sellersunionagent.com\/wp-content\/uploads\/2022\/06\/cute-shoe-bags-pouch-with-rope.jpg\" alt=\"\" width=\"600\" height=\"600\" \/><img decoding=\"async\" class=\"aligncenter wp-image-8811\" src=\"https:\/\/www.sellersunionagent.com\/wp-content\/uploads\/2022\/06\/wholesale-storage-bag-4.png\" alt=\"Fabricaci\u00f3n en China\" width=\"600\" height=\"526\" \/> <img decoding=\"async\" class=\"aligncenter wp-image-8810\" src=\"https:\/\/www.sellersunionagent.com\/wp-content\/uploads\/2022\/06\/wholesale-storage-bag-5.png\" alt=\"Fabricaci\u00f3n en China\" width=\"600\" height=\"515\" \/> <img loading=\"lazy\" decoding=\"async\" class=\"aligncenter wp-image-8809\" src=\"https:\/\/www.sellersunionagent.com\/wp-content\/uploads\/2022\/06\/wholesale-storage-bag.png\" alt=\"Fabricaci\u00f3n en China\" width=\"600\" height=\"513\" \/> <img loading=\"lazy\" decoding=\"async\" class=\"aligncenter wp-image-8808\" src=\"https:\/\/www.sellersunionagent.com\/wp-content\/uploads\/2022\/06\/wholesale-storage-bag-1.png\" alt=\"Fabricaci\u00f3n en China\" width=\"600\" height=\"495\" \/><\/p>","protected":false},"excerpt":{"rendered":"<p>Tipo:Almacenamiento dom\u00e9stico<\/p>\n<p>N\u00ba de art\u00edculo:GN015<\/p>\n<p>Tama\u00f1o:<\/p>\n<p>Mediana-37*26cm<\/p>\n<p>Grande-43*30cm<\/p>\n<p>OEM\/ODM: Aceptado<\/p>","protected":false},"featured_media":8807,"comment_status":"open","ping_status":"closed","template":"","meta":{"_acf_changed":false},"product_brand":[],"product_cat":[31,187],"product_tag":[70,139],"class_list":{"0":"post-8116","1":"product","2":"type-product","3":"status-publish","4":"has-post-thumbnail","6":"product_cat-home-storage","7":"product_cat-bedroom","8":"product_tag-home-storage","9":"product_tag-shoes-storage","11":"first","12":"instock","13":"shipping-taxable","14":"product-type-simple","15":"swiper-slide"},"acf":[],"_links":{"self":[{"href":"https:\/\/www.sellersunionagent.com\/es\/wp-json\/wp\/v2\/product\/8116","targetHints":{"allow":["GET"]}}],"collection":[{"href":"https:\/\/www.sellersunionagent.com\/es\/wp-json\/wp\/v2\/product"}],"about":[{"href":"https:\/\/www.sellersunionagent.com\/es\/wp-json\/wp\/v2\/types\/product"}],"replies":[{"embeddable":true,"href":"https:\/\/www.sellersunionagent.com\/es\/wp-json\/wp\/v2\/comments?post=8116"}],"wp:featuredmedia":[{"embeddable":true,"href":"https:\/\/www.sellersunionagent.com\/es\/wp-json\/wp\/v2\/media\/8807"}],"wp:attachment":[{"href":"https:\/\/www.sellersunionagent.com\/es\/wp-json\/wp\/v2\/media?parent=8116"}],"wp:term":[{"taxonomy":"product_brand","embeddable":true,"href":"https:\/\/www.sellersunionagent.com\/es\/wp-json\/wp\/v2\/product_brand?post=8116"},{"taxonomy":"product_cat","embeddable":true,"href":"https:\/\/www.sellersunionagent.com\/es\/wp-json\/wp\/v2\/product_cat?post=8116"},{"taxonomy":"product_tag","embeddable":true,"href":"https:\/\/www.sellersunionagent.com\/es\/wp-json\/wp\/v2\/product_tag?post=8116"}],"curies":[{"name":"wp","href":"https:\/\/api.w.org\/{rel}","templated":true}]}}