{"id":8098,"date":"2022-06-29T16:07:26","date_gmt":"2022-06-29T08:07:26","guid":{"rendered":"https:\/\/sellersunionagent.com\/?post_type=product&#038;p=8098"},"modified":"2022-08-31T14:11:07","modified_gmt":"2022-08-31T06:11:07","slug":"organizador-de-armario-transpirable-grueso-y-suave-para-ropa-de-cama-edredones-almohadas-mantas-ropa","status":"publish","type":"product","link":"https:\/\/www.sellersunionagent.com\/es\/thick-soft-breathable-closet-organizer-for-bedding-comforters-pillows-blankets-clothes\/","title":{"rendered":"Organizador de Armario Grueso, Suave y Transpirable para Ropa de Cama, Edredones, Almohadas, Mantas, Ropa"},"content":{"rendered":"<h2 id=\"title\" class=\"a-size-large a-spacing-none\"><span id=\"productTitle\" class=\"a-size-large product-title-word-break\">Organizador de Armario Grueso, Suave y Transpirable para Ropa de Cama, Edredones, Almohadas, Mantas, Ropa<\/span><\/h2>\n<p>&nbsp;<\/p>\n<p>Esta bolsa de almacenamiento fue hecha de PEVA y embalada por la bolsa de OPP. Es transpirable y grueso que es muy resistente y duradero.<\/p>\n<p>&nbsp;<\/p>\n<p>&nbsp;<\/p>\n<p>El peso de este producto es de s\u00f3lo 130g. Se puede utilizar para el almacenamiento de edred\u00f3n o cualquier otra ropa como edredones, mantas, ropa, almohadas, su\u00e9teres y as\u00ed sucesivamente. Cuando no lo necesite, puede plegarlo f\u00e1cilmente y guardarlo en su armario.<\/p>\n<p>&nbsp;<\/p>\n<p>&nbsp;<\/p>\n<p>Se puede lavar y tiene una larga vida \u00fatil. Sin embargo, es una bolsa suave sin ninguna estructura de marco.<\/p>\n<p>&nbsp;<\/p>\n<p>&nbsp;<\/p>\n<p><img fetchpriority=\"high\" decoding=\"async\" class=\"aligncenter wp-image-8799\" src=\"https:\/\/www.sellersunionagent.com\/wp-content\/uploads\/2022\/06\/thick-soft-breathable-closet-organizer-14.jpg\" alt=\"\" width=\"600\" height=\"600\" \/> <img decoding=\"async\" class=\"aligncenter wp-image-8800\" src=\"https:\/\/www.sellersunionagent.com\/wp-content\/uploads\/2022\/06\/thick-soft-breathable-closet-organizer-13.jpg\" alt=\"\" width=\"600\" height=\"600\" \/> <img decoding=\"async\" class=\"aligncenter wp-image-8801\" src=\"https:\/\/www.sellersunionagent.com\/wp-content\/uploads\/2022\/06\/thick-soft-breathable-closet-organizer-12.jpg\" alt=\"\" width=\"600\" height=\"600\" \/><\/p>","protected":false},"excerpt":{"rendered":"<p>Tipo:Almacenamiento dom\u00e9stico<\/p>\n<p>N\u00ba de art\u00edculo:GN014<\/p>\n<p>Peso: 130 g<\/p>\n<p>OEM\/ODM: Aceptado<\/p>","protected":false},"featured_media":8105,"comment_status":"open","ping_status":"closed","template":"","meta":{"_acf_changed":false},"product_brand":[],"product_cat":[31,187],"product_tag":[70,64],"class_list":{"0":"post-8098","1":"product","2":"type-product","3":"status-publish","4":"has-post-thumbnail","6":"product_cat-home-storage","7":"product_cat-bedroom","8":"product_tag-home-storage","9":"product_tag-travel","11":"first","12":"instock","13":"shipping-taxable","14":"product-type-simple","15":"swiper-slide"},"acf":[],"_links":{"self":[{"href":"https:\/\/www.sellersunionagent.com\/es\/wp-json\/wp\/v2\/product\/8098","targetHints":{"allow":["GET"]}}],"collection":[{"href":"https:\/\/www.sellersunionagent.com\/es\/wp-json\/wp\/v2\/product"}],"about":[{"href":"https:\/\/www.sellersunionagent.com\/es\/wp-json\/wp\/v2\/types\/product"}],"replies":[{"embeddable":true,"href":"https:\/\/www.sellersunionagent.com\/es\/wp-json\/wp\/v2\/comments?post=8098"}],"wp:featuredmedia":[{"embeddable":true,"href":"https:\/\/www.sellersunionagent.com\/es\/wp-json\/wp\/v2\/media\/8105"}],"wp:attachment":[{"href":"https:\/\/www.sellersunionagent.com\/es\/wp-json\/wp\/v2\/media?parent=8098"}],"wp:term":[{"taxonomy":"product_brand","embeddable":true,"href":"https:\/\/www.sellersunionagent.com\/es\/wp-json\/wp\/v2\/product_brand?post=8098"},{"taxonomy":"product_cat","embeddable":true,"href":"https:\/\/www.sellersunionagent.com\/es\/wp-json\/wp\/v2\/product_cat?post=8098"},{"taxonomy":"product_tag","embeddable":true,"href":"https:\/\/www.sellersunionagent.com\/es\/wp-json\/wp\/v2\/product_tag?post=8098"}],"curies":[{"name":"wp","href":"https:\/\/api.w.org\/{rel}","templated":true}]}}