{"id":8085,"date":"2022-06-29T15:37:43","date_gmt":"2022-06-29T07:37:43","guid":{"rendered":"https:\/\/sellersunionagent.com\/?post_type=product&#038;p=8085"},"modified":"2022-08-31T14:11:21","modified_gmt":"2022-08-31T06:11:21","slug":"bolsas-transparentes-para-bolsos-plastico-ligero-protector-bolso-almacenamiento","status":"publish","type":"product","link":"https:\/\/www.sellersunionagent.com\/es\/clear-dust-bags-for-handbags-plastic-lightweight-protective-handbag-storage\/","title":{"rendered":"Bolsas transparentes para bolsos, pl\u00e1stico ligero protector para bolsos"},"content":{"rendered":"<h2>Bolsas Transparentes para Bolsos, Pl\u00e1stico Ligero Protector Impermeable para Bolsos<\/h2>\n<p>Material de primera calidad: Estas bolsas de almacenamiento de bolsos est\u00e1n hechas de tela no tejida y pl\u00e1stico PVC transparente, impermeable y resistente a la rotura, se pueden utilizar durante mucho tiempo. Usted puede reconocer f\u00e1cilmente sus bolsos de mano sin necesidad de abrir la tapa de la bolsa de almacenamiento bolso.<\/p>\n<p>&nbsp;<\/p>\n<p>&nbsp;<\/p>\n<p>Diferentes tama\u00f1os: El organizador viene con 5 tama\u00f1os. Diferentes tama\u00f1os pueden almacenar varios bolsos y carteras. Usted puede elegir en forma uno de acuerdo a su necesidad.<\/p>\n<p>&nbsp;<\/p>\n<p>&nbsp;<\/p>\n<p>Dise\u00f1o port\u00e1til: Hay 2 asas port\u00e1tiles en el organizador de almacenamiento de bolsos. Cremallera suave y duradero para proteger sus bolsos de mano del polvo, mantener sus bolsas de ser nuevo y ordenado todo el tiempo.<\/p>\n<p><img fetchpriority=\"high\" decoding=\"async\" class=\"aligncenter wp-image-8086\" src=\"https:\/\/www.sellersunionagent.com\/wp-content\/uploads\/2022\/06\/clear-dust-bags-for-handbags.jpg\" alt=\"Guardapolvos para bolsos\" width=\"600\" height=\"600\" \/><\/p>\n<p>&nbsp;<\/p>\n<p><img decoding=\"async\" class=\"aligncenter wp-image-8096\" src=\"https:\/\/www.sellersunionagent.com\/wp-content\/uploads\/2022\/06\/clear-dust-bags-for-handbags-11.jpg\" alt=\"Guardapolvos para bolsos\" width=\"600\" height=\"600\" \/><\/p>\n<p><img decoding=\"async\" class=\"aligncenter wp-image-8089\" src=\"https:\/\/www.sellersunionagent.com\/wp-content\/uploads\/2022\/06\/clear-dust-bags-for-handbags-3.jpg\" alt=\"Guardapolvos para bolsos\" width=\"600\" height=\"600\" \/><\/p>\n<p><img loading=\"lazy\" decoding=\"async\" class=\"aligncenter wp-image-8087\" src=\"https:\/\/www.sellersunionagent.com\/wp-content\/uploads\/2022\/06\/clear-dust-bags-for-handbags-1.jpg\" alt=\"Guardapolvos para bolsos\" width=\"600\" height=\"600\" \/> \u00a0<img loading=\"lazy\" decoding=\"async\" class=\"aligncenter wp-image-8092 size-full\" src=\"https:\/\/www.sellersunionagent.com\/wp-content\/uploads\/2022\/06\/clear-dust-bags-for-handbags-8.jpg\" alt=\"Guardapolvos para bolsos\" width=\"601\" height=\"601\" \/> <img loading=\"lazy\" decoding=\"async\" class=\"aligncenter wp-image-8091\" src=\"https:\/\/www.sellersunionagent.com\/wp-content\/uploads\/2022\/06\/clear-dust-bags-for-handbags-7.jpg\" alt=\"Guardapolvos para bolsos\" width=\"600\" height=\"600\" \/> <img loading=\"lazy\" decoding=\"async\" class=\"aligncenter wp-image-8090\" src=\"https:\/\/www.sellersunionagent.com\/wp-content\/uploads\/2022\/06\/clear-dust-bags-for-handbags-6.jpg\" alt=\"Guardapolvos para bolsos\" width=\"600\" height=\"441\" \/><\/p>","protected":false},"excerpt":{"rendered":"<p><strong>Tipo<\/strong>: Bolsa antipolvo<\/p>\n<p><strong>N\u00famero de art\u00edculo:<\/strong> JF001<\/p>\n<p><strong>Tama\u00f1o del art\u00edculo<\/strong>:<\/p>\n<p>S\/33*21*11 80G<br \/>\nM\/38*26*18 120G<br \/>\nL\/38*29*12 100G<br \/>\nXL\/43*35*19 160G<br \/>\nXXL\/50*35*13 140G<\/p>\n<p><strong>Colores<\/strong>: Gris\/ blanco\/ azul\/ rosa<\/p>\n<p><strong>Material: <\/strong>PVC+ tela no tejida<\/p>\n<p>&nbsp;<\/p>\n<p>&nbsp;<\/p>\n<p>Procuramos bolsas de polvo para bolsos. Antes del almacenamiento: los bolsos se apilan desordenados y polvorientos despu\u00e9s de mucho tiempo. Despu\u00e9s del almacenamiento: Los bolsos se colocan en las bolsas guardapolvo, que son limpias, transparentes, visibles y f\u00e1ciles de coger.<\/p>","protected":false},"featured_media":8086,"comment_status":"open","ping_status":"closed","template":"","meta":{"_acf_changed":false},"product_brand":[],"product_cat":[31,187],"product_tag":[54,136],"class_list":{"0":"post-8085","1":"product","2":"type-product","3":"status-publish","4":"has-post-thumbnail","6":"product_cat-home-storage","7":"product_cat-bedroom","8":"product_tag-lightweight","9":"product_tag-protective","11":"first","12":"instock","13":"shipping-taxable","14":"product-type-simple","15":"swiper-slide"},"acf":[],"_links":{"self":[{"href":"https:\/\/www.sellersunionagent.com\/es\/wp-json\/wp\/v2\/product\/8085","targetHints":{"allow":["GET"]}}],"collection":[{"href":"https:\/\/www.sellersunionagent.com\/es\/wp-json\/wp\/v2\/product"}],"about":[{"href":"https:\/\/www.sellersunionagent.com\/es\/wp-json\/wp\/v2\/types\/product"}],"replies":[{"embeddable":true,"href":"https:\/\/www.sellersunionagent.com\/es\/wp-json\/wp\/v2\/comments?post=8085"}],"wp:featuredmedia":[{"embeddable":true,"href":"https:\/\/www.sellersunionagent.com\/es\/wp-json\/wp\/v2\/media\/8086"}],"wp:attachment":[{"href":"https:\/\/www.sellersunionagent.com\/es\/wp-json\/wp\/v2\/media?parent=8085"}],"wp:term":[{"taxonomy":"product_brand","embeddable":true,"href":"https:\/\/www.sellersunionagent.com\/es\/wp-json\/wp\/v2\/product_brand?post=8085"},{"taxonomy":"product_cat","embeddable":true,"href":"https:\/\/www.sellersunionagent.com\/es\/wp-json\/wp\/v2\/product_cat?post=8085"},{"taxonomy":"product_tag","embeddable":true,"href":"https:\/\/www.sellersunionagent.com\/es\/wp-json\/wp\/v2\/product_tag?post=8085"}],"curies":[{"name":"wp","href":"https:\/\/api.w.org\/{rel}","templated":true}]}}