{"id":8075,"date":"2022-06-29T15:04:55","date_gmt":"2022-06-29T07:04:55","guid":{"rendered":"https:\/\/sellersunionagent.com\/?post_type=product&#038;p=8075"},"modified":"2022-06-29T15:04:56","modified_gmt":"2022-06-29T07:04:56","slug":"neceser-de-viaje-con-estampado-de-dibujos-animados","status":"publish","type":"product","link":"https:\/\/www.sellersunionagent.com\/es\/cartoon-printed-travel-makeup-bag\/","title":{"rendered":"Neceser de viaje con estampado de dibujos animados"},"content":{"rendered":"<h2>Neceser de viaje con estampado de dibujos animados<\/h2>\n<ul>\n<li>Gran capacidad<\/li>\n<li>Cremallera doble suave y duradera<\/li>\n<li>Exquisitamente impreso<\/li>\n<li>Tela Oxford antihumedad y antimoho<\/li>\n<li>Asa para facilitar el acceso\n<p>&nbsp;<\/p>\n<p><img fetchpriority=\"high\" decoding=\"async\" class=\"aligncenter wp-image-8078\" src=\"https:\/\/www.sellersunionagent.com\/wp-content\/uploads\/2022\/06\/cartoon-printed-travel-makeup-bag-2.jpg\" alt=\"Neceser de viaje \" width=\"600\" height=\"600\" \/><img decoding=\"async\" class=\"aligncenter wp-image-8081\" src=\"https:\/\/www.sellersunionagent.com\/wp-content\/uploads\/2022\/06\/cartoon-printed-travel-makeup-bag-5.jpg\" alt=\"Neceser de viaje \" width=\"600\" height=\"600\" \/>\u00a0<img decoding=\"async\" class=\"aligncenter wp-image-8077\" src=\"https:\/\/www.sellersunionagent.com\/wp-content\/uploads\/2022\/06\/cartoon-printed-travel-makeup-bag-1.jpg\" alt=\"Neceser de viaje \" width=\"600\" height=\"600\" \/> \u00a0<img loading=\"lazy\" decoding=\"async\" class=\"aligncenter wp-image-8079\" src=\"https:\/\/www.sellersunionagent.com\/wp-content\/uploads\/2022\/06\/cartoon-printed-travel-makeup-bag-3.jpg\" alt=\"Neceser de viaje \" width=\"600\" height=\"600\" \/><\/p>\n<p><img loading=\"lazy\" decoding=\"async\" class=\"aligncenter wp-image-8083\" src=\"https:\/\/www.sellersunionagent.com\/wp-content\/uploads\/2022\/06\/cartoon-printed-travel-makeup-bag-7.jpg\" alt=\"Neceser de viaje \" width=\"600\" height=\"600\" \/> \u00a0<img loading=\"lazy\" decoding=\"async\" class=\"aligncenter wp-image-8082\" src=\"https:\/\/www.sellersunionagent.com\/wp-content\/uploads\/2022\/06\/cartoon-printed-travel-makeup-bag-6.jpg\" alt=\"Neceser de viaje \" width=\"600\" height=\"600\" \/><\/li>\n<\/ul>","protected":false},"excerpt":{"rendered":"<p><strong>Tipo<\/strong>: Neceser<\/p>\n<p><strong>N\u00famero de art\u00edculo:<\/strong> JF004<\/p>\n<p><strong>Tama\u00f1o del art\u00edculo<\/strong>: 22*16*8cm<\/p>\n<p><strong>Colores<\/strong>: Rosa\/negro\/azul\/blanco\/gris<\/p>\n<p><strong>Material: <\/strong>Piel artificial + tela Oxford<\/p>\n<p>&nbsp;<\/p>\n<p>&nbsp;<\/p>\n<p>Producimos excelentes bolsas para cosm\u00e9ticos de viaje. Razones para elegirnos:<br \/>\nProductos certificados por instituciones profesionales, con suministro suficiente y estable<br \/>\nM\u00e1s de veinte a\u00f1os de experiencia, con dep\u00f3sitos de tecnolog\u00eda y calidad.<br \/>\nPersonalizaci\u00f3n adaptada a las distintas necesidades<br \/>\nProducci\u00f3n y env\u00edo a la mayor velocidad<br \/>\nUn esmerado servicio integral de preventa, venta y posventa<\/p>","protected":false},"featured_media":8076,"comment_status":"open","ping_status":"closed","template":"","meta":{"_acf_changed":false},"product_brand":[],"product_cat":[30],"product_tag":[48,78],"class_list":{"0":"post-8075","1":"product","2":"type-product","3":"status-publish","4":"has-post-thumbnail","6":"product_cat-makeup-bag","7":"product_tag-large-capacity","8":"product_tag-makeup-bag","10":"first","11":"instock","12":"shipping-taxable","13":"product-type-simple","14":"swiper-slide"},"acf":[],"_links":{"self":[{"href":"https:\/\/www.sellersunionagent.com\/es\/wp-json\/wp\/v2\/product\/8075","targetHints":{"allow":["GET"]}}],"collection":[{"href":"https:\/\/www.sellersunionagent.com\/es\/wp-json\/wp\/v2\/product"}],"about":[{"href":"https:\/\/www.sellersunionagent.com\/es\/wp-json\/wp\/v2\/types\/product"}],"replies":[{"embeddable":true,"href":"https:\/\/www.sellersunionagent.com\/es\/wp-json\/wp\/v2\/comments?post=8075"}],"wp:featuredmedia":[{"embeddable":true,"href":"https:\/\/www.sellersunionagent.com\/es\/wp-json\/wp\/v2\/media\/8076"}],"wp:attachment":[{"href":"https:\/\/www.sellersunionagent.com\/es\/wp-json\/wp\/v2\/media?parent=8075"}],"wp:term":[{"taxonomy":"product_brand","embeddable":true,"href":"https:\/\/www.sellersunionagent.com\/es\/wp-json\/wp\/v2\/product_brand?post=8075"},{"taxonomy":"product_cat","embeddable":true,"href":"https:\/\/www.sellersunionagent.com\/es\/wp-json\/wp\/v2\/product_cat?post=8075"},{"taxonomy":"product_tag","embeddable":true,"href":"https:\/\/www.sellersunionagent.com\/es\/wp-json\/wp\/v2\/product_tag?post=8075"}],"curies":[{"name":"wp","href":"https:\/\/api.w.org\/{rel}","templated":true}]}}