{"id":8069,"date":"2022-06-29T06:41:32","date_gmt":"2022-06-28T22:41:32","guid":{"rendered":"https:\/\/sellersunionagent.com\/?post_type=product&#038;p=8069"},"modified":"2022-07-13T15:09:03","modified_gmt":"2022-07-13T07:09:03","slug":"bolsa-de-maquillaje-de-viajebolsa-de-cosmeticos-bolsa-de-aseo-de-viaje-para-las-mujerestranslucent-maquillaje-impermeable-bolsa-de-cosmeticos-organizador-de-viajes","status":"publish","type":"product","link":"https:\/\/www.sellersunionagent.com\/es\/travel-makeup-bagcosmetic-bag%ef%bc%8ctravel-toiletry-bag-for-womentranslucent-waterproof-makeup-cosmetic-bag-travel-organizer\/","title":{"rendered":"Bolsa de maquillaje de viaje personalizada, bolsa de cosm\u00e9ticos, neceser de viaje para mujeres, bolsa de cosm\u00e9ticos de maquillaje impermeable transl\u00facido organizador de viaje"},"content":{"rendered":"<h2 id=\"title\" class=\"a-size-large a-spacing-none\"><span id=\"productTitle\" class=\"a-size-large product-title-word-break\">Bolsa de maquillaje de viaje personalizada, bolsa de cosm\u00e9ticos, neceser de viaje para mujeres, bolsa de cosm\u00e9ticos de maquillaje impermeable transl\u00facido organizador de viaje<\/span><\/h2>\n<p>&nbsp;<\/p>\n<p>&nbsp;<\/p>\n<p>Nuestro almacenamiento colgante hecho de tela Oxford de alta calidad,mucho m\u00e1s fuerte que las telas no tejidas y bolsillos de PVC. Con una bolsa de malla de doble cara, ahorra espacio y es duradera. Se puede colocar en el campo de visi\u00f3n y colocar por separado.<\/p>\n<p>&nbsp;<\/p>\n<p>&nbsp;<\/p>\n<p>Gancho resistente y fuerte, se puede colgar en puertas, paredes, armarios, dormitorios, etc. El gancho se puede quitar f\u00e1cilmente, y la bolsa de almacenamiento se puede enrollar o plegar.<\/p>\n<p>&nbsp;<\/p>\n<p>&nbsp;<\/p>\n<p>Las cestas colgantes multifuncionales para organizar se pueden colgar en el dormitorio, ba\u00f1o, cocina, oficina, puede almacenar todos los mandos a distancia, gafas, joyas, palos a prueba de humedad, cargadores, correo, facturas, llaves, peque\u00f1os blocs de notas, algunos bol\u00edgrafos, sobres, etc. Es un objeto perdido.<\/p>\n<p>&nbsp;<\/p>\n<p>&nbsp;<\/p>\n<p><img fetchpriority=\"high\" decoding=\"async\" class=\"aligncenter wp-image-8074\" src=\"https:\/\/www.sellersunionagent.com\/wp-content\/uploads\/2022\/06\/drawer-underwear-organizer-divider-8.jpg\" alt=\"\" width=\"600\" height=\"600\" \/><img decoding=\"async\" class=\"aligncenter wp-image-8070\" src=\"https:\/\/www.sellersunionagent.com\/wp-content\/uploads\/2022\/06\/drawer-underwear-organizer-divider-4.jpg\" alt=\"Distribuidor\" width=\"600\" height=\"600\" \/> <img decoding=\"async\" class=\"aligncenter wp-image-8072\" src=\"https:\/\/www.sellersunionagent.com\/wp-content\/uploads\/2022\/06\/drawer-underwear-organizer-divider-6.jpg\" alt=\"Distribuidor\" width=\"600\" height=\"600\" \/> <img loading=\"lazy\" decoding=\"async\" class=\"aligncenter wp-image-8073\" src=\"https:\/\/www.sellersunionagent.com\/wp-content\/uploads\/2022\/06\/custom-travel-makeup-bag.jpg\" alt=\"Distribuidor\" width=\"600\" height=\"600\" \/> <img loading=\"lazy\" decoding=\"async\" class=\"aligncenter wp-image-8074\" src=\"https:\/\/www.sellersunionagent.com\/wp-content\/uploads\/2022\/06\/drawer-underwear-organizer-divider-8.jpg\" alt=\"Distribuidor\" width=\"600\" height=\"600\" \/><\/p>","protected":false},"excerpt":{"rendered":"<p>Nombre: Bolsa de almacenaje para el hogar<\/p>\n<p>N\u00ba de art\u00edculo:MYXS-006<\/p>\n<p>Tama\u00f1o:&amp;Peso: 24*17*13CM-210g<\/p>","protected":false},"featured_media":8071,"comment_status":"open","ping_status":"closed","template":"","meta":{"_acf_changed":false},"product_brand":[],"product_cat":[33],"product_tag":[62],"class_list":{"0":"post-8069","1":"product","2":"type-product","3":"status-publish","4":"has-post-thumbnail","6":"product_cat-toiletry-bag","7":"product_tag-multifunctionwashing-bagorganizer","9":"first","10":"instock","11":"shipping-taxable","12":"product-type-simple","13":"swiper-slide"},"acf":[],"_links":{"self":[{"href":"https:\/\/www.sellersunionagent.com\/es\/wp-json\/wp\/v2\/product\/8069","targetHints":{"allow":["GET"]}}],"collection":[{"href":"https:\/\/www.sellersunionagent.com\/es\/wp-json\/wp\/v2\/product"}],"about":[{"href":"https:\/\/www.sellersunionagent.com\/es\/wp-json\/wp\/v2\/types\/product"}],"replies":[{"embeddable":true,"href":"https:\/\/www.sellersunionagent.com\/es\/wp-json\/wp\/v2\/comments?post=8069"}],"wp:featuredmedia":[{"embeddable":true,"href":"https:\/\/www.sellersunionagent.com\/es\/wp-json\/wp\/v2\/media\/8071"}],"wp:attachment":[{"href":"https:\/\/www.sellersunionagent.com\/es\/wp-json\/wp\/v2\/media?parent=8069"}],"wp:term":[{"taxonomy":"product_brand","embeddable":true,"href":"https:\/\/www.sellersunionagent.com\/es\/wp-json\/wp\/v2\/product_brand?post=8069"},{"taxonomy":"product_cat","embeddable":true,"href":"https:\/\/www.sellersunionagent.com\/es\/wp-json\/wp\/v2\/product_cat?post=8069"},{"taxonomy":"product_tag","embeddable":true,"href":"https:\/\/www.sellersunionagent.com\/es\/wp-json\/wp\/v2\/product_tag?post=8069"}],"curies":[{"name":"wp","href":"https:\/\/api.w.org\/{rel}","templated":true}]}}