{"id":7997,"date":"2022-06-28T18:00:47","date_gmt":"2022-06-28T10:00:47","guid":{"rendered":"https:\/\/sellersunionagent.com\/?post_type=product&#038;p=7997"},"modified":"2022-07-09T15:45:12","modified_gmt":"2022-07-09T07:45:12","slug":"maletin-de-maquillaje-de-viaje-organizador-de-cosmeticos-portatil-rosa","status":"publish","type":"product","link":"https:\/\/www.sellersunionagent.com\/es\/travel-makeup-train-case-makeup-cosmetic-case-organizer-portable-pink\/","title":{"rendered":"Estuche de viaje para tren de maquillaje Estuche organizador para cosm\u00e9ticos Port\u00e1til Rosa"},"content":{"rendered":"<h2>Estuche de viaje para tren de maquillaje Estuche organizador para cosm\u00e9ticos Port\u00e1til Rosa<\/h2>\n<p>&nbsp;<\/p>\n<p>&nbsp;<\/p>\n<p>Esta bolsa de maquillaje est\u00e1 hecha de poli\u00e9ster de alta calidad. Es durable y f\u00e1cil de limpiar, s\u00f3lo tiene que limpiar con un pa\u00f1o h\u00famedo.<\/p>\n<p>&nbsp;<\/p>\n<p>Dos tama\u00f1os disponibles: 28X11X18CM y 23x8X16CM. El peso es de 240g y 200g en consecuencia, que es muy ligero para llevar.<\/p>\n<p>&nbsp;<\/p>\n<p>&nbsp;<\/p>\n<p>Este bolso es adecuado para estudiantes universitarios, adolescentes, ni\u00f1as y mujeres. Se puede aplicar en la vida cotidiana, viaje de negocios, viajes y fin de semana.<\/p>\n<p>&nbsp;<\/p>\n<p>&nbsp;<\/p>\n<p><img fetchpriority=\"high\" decoding=\"async\" class=\"aligncenter wp-image-8009\" src=\"https:\/\/www.sellersunionagent.com\/wp-content\/uploads\/2022\/06\/travel-makeup-train-case-makeup-2.jpg\" alt=\"\" width=\"600\" height=\"600\" \/><img decoding=\"async\" class=\"aligncenter wp-image-8872\" src=\"https:\/\/www.sellersunionagent.com\/wp-content\/uploads\/2022\/06\/makeup-bags-supplier-2.png\" alt=\"Fabricaci\u00f3n en China\" width=\"600\" height=\"323\" \/> <img decoding=\"async\" class=\"aligncenter wp-image-8873\" src=\"https:\/\/www.sellersunionagent.com\/wp-content\/uploads\/2022\/06\/makeup-bags-supplier-1.png\" alt=\"\" width=\"600\" height=\"416\" \/> <img loading=\"lazy\" decoding=\"async\" class=\"aligncenter wp-image-8874\" src=\"https:\/\/www.sellersunionagent.com\/wp-content\/uploads\/2022\/06\/makeup-bags-supplier.png\" alt=\"\" width=\"600\" height=\"442\" \/><\/p>","protected":false},"excerpt":{"rendered":"<p><strong>Tipo<\/strong>: Neceser de maquillaje<\/p>\n<p><strong>N\u00famero de art\u00edculo:<\/strong>\u00a0MYXS-007<\/p>\n<p><strong>Tama\u00f1o y peso del art\u00edculo<\/strong>:<\/p>\n<p>26 x 9 x 18 cm \u2013 80 g<\/p>","protected":false},"featured_media":8007,"comment_status":"open","ping_status":"closed","template":"","meta":{"_acf_changed":false},"product_brand":[],"product_cat":[30],"product_tag":[78,93,64,67],"class_list":{"0":"post-7997","1":"product","2":"type-product","3":"status-publish","4":"has-post-thumbnail","6":"product_cat-makeup-bag","7":"product_tag-makeup-bag","8":"product_tag-storage","9":"product_tag-travel","10":"product_tag-travel-organizer","12":"first","13":"instock","14":"shipping-taxable","15":"product-type-simple","16":"swiper-slide"},"acf":[],"_links":{"self":[{"href":"https:\/\/www.sellersunionagent.com\/es\/wp-json\/wp\/v2\/product\/7997","targetHints":{"allow":["GET"]}}],"collection":[{"href":"https:\/\/www.sellersunionagent.com\/es\/wp-json\/wp\/v2\/product"}],"about":[{"href":"https:\/\/www.sellersunionagent.com\/es\/wp-json\/wp\/v2\/types\/product"}],"replies":[{"embeddable":true,"href":"https:\/\/www.sellersunionagent.com\/es\/wp-json\/wp\/v2\/comments?post=7997"}],"wp:featuredmedia":[{"embeddable":true,"href":"https:\/\/www.sellersunionagent.com\/es\/wp-json\/wp\/v2\/media\/8007"}],"wp:attachment":[{"href":"https:\/\/www.sellersunionagent.com\/es\/wp-json\/wp\/v2\/media?parent=7997"}],"wp:term":[{"taxonomy":"product_brand","embeddable":true,"href":"https:\/\/www.sellersunionagent.com\/es\/wp-json\/wp\/v2\/product_brand?post=7997"},{"taxonomy":"product_cat","embeddable":true,"href":"https:\/\/www.sellersunionagent.com\/es\/wp-json\/wp\/v2\/product_cat?post=7997"},{"taxonomy":"product_tag","embeddable":true,"href":"https:\/\/www.sellersunionagent.com\/es\/wp-json\/wp\/v2\/product_tag?post=7997"}],"curies":[{"name":"wp","href":"https:\/\/api.w.org\/{rel}","templated":true}]}}