{"id":7980,"date":"2022-06-28T17:49:42","date_gmt":"2022-06-28T09:49:42","guid":{"rendered":"https:\/\/sellersunionagent.com\/?post_type=product&#038;p=7980"},"modified":"2026-01-06T14:29:26","modified_gmt":"2026-01-06T06:29:26","slug":"venta-al-por-mayor-nueva-bolsa-de-cosmeticos-stylr-bolsa-de-maquillaje-para-viajes","status":"publish","type":"product","link":"https:\/\/www.sellersunionagent.com\/es\/wholesale-new-stylr-cosmetic-bag-makeup-bag-for-travel\/","title":{"rendered":"Mayorista Nuevo Estilo Bolsa De Cosmeticos Bolsa De Maquillaje Para Viajes"},"content":{"rendered":"<h2 id=\"title\" class=\"a-size-large a-spacing-none\"><span id=\"productTitle\" class=\"a-size-large product-title-word-break\">Bolsa Cosm\u00e9tica de Viaje Port\u00e1til Estuche Organizador Impermeable con Cremallera<\/span><\/h2>\n<p>&nbsp;<\/p>\n<p>&nbsp;<\/p>\n<ul>\n<li>\u3010PERFECTAS BOLSAS DE VIAJE PARA MUJER\u3011- Estas bolsas de maquillaje son port\u00e1tiles y ligeras con asa robusta. Impermeable, a prueba de golpes y tela duradera protege su equipo de derrames, f\u00e1cil de limpiar down.Reliable cremalleras dobles hacen que la bolsa de cosm\u00e9ticos super f\u00e1cil de poner o sacar cosas.<\/li>\n<\/ul>\n<p>&nbsp;<\/p>\n<p>&nbsp;<\/p>\n<ul>\n<li>\u3010 GREAT GIFT\u3011- Es un buen regalo ideal para Daily Holiday, Cumplea\u00f1os, D\u00eda de San Valent\u00edn, Navidad y m\u00e1s. Se puede utilizar como una bolsa de cosm\u00e9ticos, maquillaje bolsa o bolsa de aseo, incluso un bolso para adolescentes o ni\u00f1as. Tres tama\u00f1os est\u00e1n disponibles para diferentes ocasiones: oficina, escuela, viajes, gimnasio, camping, uso en el hogar y m\u00e1s.<\/li>\n<\/ul>\n<p>&nbsp;<\/p>\n<p>&nbsp;<\/p>\n<p style=\"text-align: center\"><strong>Tipo<\/strong>: Neceser de maquillaje<\/p>\n<p style=\"text-align: center\"><strong>N\u00famero de art\u00edculo:<\/strong> QY307<\/p>\n<p style=\"text-align: center\"><strong>Tama\u00f1o del art\u00edculo<\/strong>: 25.5*9*16cm<\/p>\n<p style=\"text-align: center\"><strong>Peso del art\u00edculo<\/strong>: 196g<\/p>\n<p style=\"text-align: center\"><strong>Material:<\/strong>Tejidos de poli\u00e9ster<\/p>\n<p><img fetchpriority=\"high\" decoding=\"async\" class=\"aligncenter wp-image-7983\" src=\"https:\/\/www.sellersunionagent.com\/wp-content\/uploads\/2022\/06\/wholesale-new-style-cosmetic-bag-1.jpg\" alt=\"\" width=\"500\" height=\"500\" \/><\/p>\n<p><img decoding=\"async\" class=\"aligncenter wp-image-7985\" src=\"https:\/\/www.sellersunionagent.com\/wp-content\/uploads\/2022\/06\/wholesale-new-style-cosmetic-bag-3.jpg\" alt=\"\" width=\"500\" height=\"500\" \/><\/p>\n<p><img decoding=\"async\" class=\"aligncenter wp-image-7986\" src=\"https:\/\/www.sellersunionagent.com\/wp-content\/uploads\/2022\/06\/wholesale-new-style-cosmetic-bag-4.jpg\" alt=\"\" width=\"500\" height=\"500\" \/><\/p>","protected":false},"excerpt":{"rendered":"<p><strong>MOQ<\/strong>:  100 piezas<br \/>\n<strong>Muestra gratuita<\/strong>:  Soporte<br \/>\n<strong>Personalizaci\u00f3n<\/strong>logo \/ color \/ materiales \/ embalaje, etc.<br \/>\n<strong>Descuento<\/strong>:  Primeros pedidos desde 10% de descuento.<br \/>\n<strong>Porcentaje de entregas a tiempo<\/strong>:\u00a0 100%<br \/>\n<strong>Env\u00edos totales<\/strong>: 75500 piezas<br \/>\n<strong>Env\u00edo<\/strong>: Apoyo Express-Carga mar\u00edtima-Carga terrestre<\/p>","protected":false},"featured_media":7982,"comment_status":"open","ping_status":"closed","template":"","meta":{"_acf_changed":false},"product_brand":[],"product_cat":[30],"product_tag":[171,78,94,60,53],"class_list":{"0":"post-7980","1":"product","2":"type-product","3":"status-publish","4":"has-post-thumbnail","6":"product_cat-makeup-bag","7":"product_tag-make-up-hot","8":"product_tag-makeup-bag","9":"product_tag-organizer","10":"product_tag-portable","11":"product_tag-professional-supplier","13":"first","14":"instock","15":"shipping-taxable","16":"purchasable","17":"product-type-simple","18":"swiper-slide"},"acf":[],"_links":{"self":[{"href":"https:\/\/www.sellersunionagent.com\/es\/wp-json\/wp\/v2\/product\/7980","targetHints":{"allow":["GET"]}}],"collection":[{"href":"https:\/\/www.sellersunionagent.com\/es\/wp-json\/wp\/v2\/product"}],"about":[{"href":"https:\/\/www.sellersunionagent.com\/es\/wp-json\/wp\/v2\/types\/product"}],"replies":[{"embeddable":true,"href":"https:\/\/www.sellersunionagent.com\/es\/wp-json\/wp\/v2\/comments?post=7980"}],"wp:featuredmedia":[{"embeddable":true,"href":"https:\/\/www.sellersunionagent.com\/es\/wp-json\/wp\/v2\/media\/7982"}],"wp:attachment":[{"href":"https:\/\/www.sellersunionagent.com\/es\/wp-json\/wp\/v2\/media?parent=7980"}],"wp:term":[{"taxonomy":"product_brand","embeddable":true,"href":"https:\/\/www.sellersunionagent.com\/es\/wp-json\/wp\/v2\/product_brand?post=7980"},{"taxonomy":"product_cat","embeddable":true,"href":"https:\/\/www.sellersunionagent.com\/es\/wp-json\/wp\/v2\/product_cat?post=7980"},{"taxonomy":"product_tag","embeddable":true,"href":"https:\/\/www.sellersunionagent.com\/es\/wp-json\/wp\/v2\/product_tag?post=7980"}],"curies":[{"name":"wp","href":"https:\/\/api.w.org\/{rel}","templated":true}]}}