{"id":7960,"date":"2022-06-28T18:15:00","date_gmt":"2022-06-28T10:15:00","guid":{"rendered":"https:\/\/sellersunionagent.com\/?post_type=product&#038;p=7960"},"modified":"2022-08-31T14:14:48","modified_gmt":"2022-08-31T06:14:48","slug":"venta-caliente-colgante-organizador-de-bolsos-bolsas-de-almacenamiento-titular-para-el-armario-con-6-bolsillos-grandes","status":"publish","type":"product","link":"https:\/\/www.sellersunionagent.com\/es\/hot-selling-hanging-handbag-organizer-bags-storage-holder-for-closet-with-6-large-pockets\/","title":{"rendered":"Hot Selling Organizador de Bolsos Colgantes para Armario con 6 Bolsillos Grandes"},"content":{"rendered":"<h2>Hot Selling Organizador de Bolsos Colgantes para Armario con 6 Bolsillos Grandes<\/h2>\n<p><strong>Tipo<\/strong>: Bolsas colgantes organizadoras de bolsos<\/p>\n<p><strong>N\u00famero de art\u00edculo:<\/strong> GJ006<\/p>\n<p><strong>Tama\u00f1o del art\u00edculo<\/strong>: 35*90cm<\/p>\n<p><strong>Colores<\/strong>: Gris\/ negro\/ azul\/ rosa<\/p>\n<p><strong>Material:<\/strong> PVC+<a class=\"color_pc_blue_text\" data-keyword=\"non-woven fabrics\">Telas no tejidas<\/a><\/p>\n<p>&nbsp;<\/p>\n<p>&nbsp;<\/p>\n<ul>\n<li>Recepci\u00f3n de f\u00e1cil almacenamiento<\/li>\n<li>Estereotipados y clasificados<\/li>\n<li>Ventana transparente, port\u00e1til para encontrar cosas<\/li>\n<li>PVC de calidad, duradero e irrompible<\/li>\n<li>Tela no tejida de alta densidad, resistente a la suciedad, resistente, lavable<\/li>\n<li>Gancho de alta calidad que pesa fuerte<img fetchpriority=\"high\" decoding=\"async\" class=\"aligncenter wp-image-7998\" src=\"https:\/\/www.sellersunionagent.com\/wp-content\/uploads\/2022\/06\/hot-selling-hanging-handbag-organizer-bags.jpg\" alt=\"\" width=\"600\" height=\"600\" \/><img decoding=\"async\" class=\"aligncenter wp-image-7999\" src=\"https:\/\/www.sellersunionagent.com\/wp-content\/uploads\/2022\/06\/hot-selling-hanging-handbag-organizer-bags-1.jpg\" alt=\"\" width=\"600\" height=\"600\" \/><img decoding=\"async\" class=\"aligncenter wp-image-8005\" src=\"https:\/\/www.sellersunionagent.com\/wp-content\/uploads\/2022\/06\/hot-selling-hanging-handbag-organizer-bags-7.jpg\" alt=\"\" width=\"600\" height=\"600\" \/><\/li>\n<li><img loading=\"lazy\" decoding=\"async\" class=\"aligncenter wp-image-8000\" src=\"https:\/\/www.sellersunionagent.com\/wp-content\/uploads\/2022\/06\/hot-selling-hanging-handbag-organizer-bags-2.jpg\" alt=\"\" width=\"600\" height=\"600\" \/><img loading=\"lazy\" decoding=\"async\" class=\"aligncenter wp-image-8003\" src=\"https:\/\/www.sellersunionagent.com\/wp-content\/uploads\/2022\/06\/hot-selling-hanging-handbag-organizer-bags-5.jpg\" alt=\"\" width=\"600\" height=\"600\" \/> <img loading=\"lazy\" decoding=\"async\" class=\"aligncenter wp-image-8004\" src=\"https:\/\/www.sellersunionagent.com\/wp-content\/uploads\/2022\/06\/hot-selling-hanging-handbag-organizer-bags-6.jpg\" alt=\"\" width=\"600\" height=\"435\" \/><br \/>\n<img loading=\"lazy\" decoding=\"async\" class=\"aligncenter wp-image-8006\" src=\"https:\/\/www.sellersunionagent.com\/wp-content\/uploads\/2022\/06\/hot-selling-hanging-handbag-organizer-bags-8.jpg\" alt=\"\" width=\"600\" height=\"600\" \/><\/li>\n<\/ul>","protected":false},"excerpt":{"rendered":"<p><strong>MOQ: <\/strong>50 (flexible)<br \/>\n<strong>Muestra gratis:<\/strong> Soporte<br \/>\n<strong>Personalizaci\u00f3n:<\/strong> logotipo \/ color \/ materiales \/ embalaje, etc.<br \/>\n<strong>Descuento:<\/strong> Primeros pedidos desde 10% de descuento.<br \/>\n<strong>Tasa de entrega puntual:<\/strong> 100%<br \/>\n<strong>Total de env\u00edos:<\/strong> 100000PCS<br \/>\n<strong>Env\u00edo:<\/strong> Apoyo Express-Mercanc\u00edas mar\u00edtimas-Mercanc\u00edas terrestres<\/p>\n<p>&nbsp;<\/p>\n<p>&nbsp;<\/p>\n<p>Como proveedor de bolsas de lona de gran venta en China, seleccionamos productos de almacenamiento multifuncionales para satisfacer sus diferentes necesidades.<\/p>","protected":false},"featured_media":8002,"comment_status":"open","ping_status":"closed","template":"","meta":{"_acf_changed":false},"product_brand":[],"product_cat":[31,187],"product_tag":[127,174,44],"class_list":{"0":"post-7960","1":"product","2":"type-product","3":"status-publish","4":"has-post-thumbnail","6":"product_cat-home-storage","7":"product_cat-bedroom","8":"product_tag-hanging","9":"product_tag-home-storage-hot","10":"product_tag-hot-selling","12":"first","13":"instock","14":"shipping-taxable","15":"product-type-simple","16":"swiper-slide"},"acf":[],"_links":{"self":[{"href":"https:\/\/www.sellersunionagent.com\/es\/wp-json\/wp\/v2\/product\/7960","targetHints":{"allow":["GET"]}}],"collection":[{"href":"https:\/\/www.sellersunionagent.com\/es\/wp-json\/wp\/v2\/product"}],"about":[{"href":"https:\/\/www.sellersunionagent.com\/es\/wp-json\/wp\/v2\/types\/product"}],"replies":[{"embeddable":true,"href":"https:\/\/www.sellersunionagent.com\/es\/wp-json\/wp\/v2\/comments?post=7960"}],"wp:featuredmedia":[{"embeddable":true,"href":"https:\/\/www.sellersunionagent.com\/es\/wp-json\/wp\/v2\/media\/8002"}],"wp:attachment":[{"href":"https:\/\/www.sellersunionagent.com\/es\/wp-json\/wp\/v2\/media?parent=7960"}],"wp:term":[{"taxonomy":"product_brand","embeddable":true,"href":"https:\/\/www.sellersunionagent.com\/es\/wp-json\/wp\/v2\/product_brand?post=7960"},{"taxonomy":"product_cat","embeddable":true,"href":"https:\/\/www.sellersunionagent.com\/es\/wp-json\/wp\/v2\/product_cat?post=7960"},{"taxonomy":"product_tag","embeddable":true,"href":"https:\/\/www.sellersunionagent.com\/es\/wp-json\/wp\/v2\/product_tag?post=7960"}],"curies":[{"name":"wp","href":"https:\/\/api.w.org\/{rel}","templated":true}]}}