{"id":7954,"date":"2022-06-28T17:26:07","date_gmt":"2022-06-28T09:26:07","guid":{"rendered":"https:\/\/sellersunionagent.com\/?post_type=product&#038;p=7954"},"modified":"2022-08-31T14:15:17","modified_gmt":"2022-08-31T06:15:17","slug":"organizador-de-ropa-interior-y-calcetines","status":"publish","type":"product","link":"https:\/\/www.sellersunionagent.com\/es\/underwear-socks-organizer-for-home-storage\/","title":{"rendered":"Organizador De Calcetines Para Guardar En Casa"},"content":{"rendered":"<h2>Caj\u00f3n organizador para calcetines y ropa interior, caj\u00f3n organizador plegable para calcetines, ropa interior y corbatas<\/h2>\n<p>&nbsp;<\/p>\n<p>&nbsp;<\/p>\n<ul>\n<li>Tama\u00f1o del organizador de ropa interior: 32*32*10CM. Los compartimentos individuales mantienen las cosas limpias, ordenadas y en su lugar, lo que le permite encontrar r\u00e1pidamente exactamente lo que necesita, cuando lo necesite.<\/li>\n<\/ul>\n<p>&nbsp;<\/p>\n<p>&nbsp;<\/p>\n<ul>\n<li>Organizador para caj\u00f3n, c\u00f3moda, armario, escritorio, estanter\u00eda o cualquier lugar que desee en la casa, el ahorro de espacio de su gabinete. La caja es plegable para facilitar su almacenamiento. Simplemente retire el soporte lateral y el organizador de armario se puede plegar en un tama\u00f1o ligero y compacto. El dise\u00f1o plegable tambi\u00e9n permite transportar f\u00e1cilmente el organizador.<\/li>\n<\/ul>\n<p>&nbsp;<\/p>\n<p><img fetchpriority=\"high\" decoding=\"async\" class=\"aligncenter wp-image-7957\" src=\"https:\/\/www.sellersunionagent.com\/wp-content\/uploads\/2022\/06\/underwear-storage-divider-boxes-7.jpg\" alt=\"\" width=\"600\" height=\"600\" \/><\/p>\n<p><img decoding=\"async\" class=\"aligncenter wp-image-7958\" src=\"https:\/\/www.sellersunionagent.com\/wp-content\/uploads\/2022\/06\/underwear-storage-divider-boxes-8.jpg\" alt=\"\" width=\"600\" height=\"600\" \/><\/p>\n<p><img decoding=\"async\" class=\"aligncenter wp-image-9114\" src=\"https:\/\/www.sellersunionagent.com\/wp-content\/uploads\/2022\/06\/\u5fae\u4fe1\u56fe\u7247_20220709155554.png\" alt=\"proveedor mayorista\" width=\"600\" height=\"456\" \/><\/p>","protected":false},"excerpt":{"rendered":"<p><strong>Tipo<\/strong>: Organizaci\u00f3n dom\u00e9stica<\/p>\n<p><strong>N\u00famero de art\u00edculo:<\/strong> QYSNH08<\/p>\n<p><strong>Tama\u00f1o del art\u00edculo<\/strong>: 32*32*10cm<\/p>\n<p><strong>Peso del art\u00edculo<\/strong>: 158g<\/p>\n<p><strong>Material: <\/strong>Telas no tejidas<\/p>","protected":false},"featured_media":7956,"comment_status":"open","ping_status":"closed","template":"","meta":{"_acf_changed":false},"product_brand":[],"product_cat":[31,187],"product_tag":[70,80,90,50],"class_list":{"0":"post-7954","1":"product","2":"type-product","3":"status-publish","4":"has-post-thumbnail","6":"product_cat-home-storage","7":"product_cat-bedroom","8":"product_tag-home-storage","9":"product_tag-hot-sales","10":"product_tag-storage-bag","11":"product_tag-wholesale","13":"first","14":"instock","15":"shipping-taxable","16":"product-type-simple","17":"swiper-slide"},"acf":[],"_links":{"self":[{"href":"https:\/\/www.sellersunionagent.com\/es\/wp-json\/wp\/v2\/product\/7954","targetHints":{"allow":["GET"]}}],"collection":[{"href":"https:\/\/www.sellersunionagent.com\/es\/wp-json\/wp\/v2\/product"}],"about":[{"href":"https:\/\/www.sellersunionagent.com\/es\/wp-json\/wp\/v2\/types\/product"}],"replies":[{"embeddable":true,"href":"https:\/\/www.sellersunionagent.com\/es\/wp-json\/wp\/v2\/comments?post=7954"}],"wp:featuredmedia":[{"embeddable":true,"href":"https:\/\/www.sellersunionagent.com\/es\/wp-json\/wp\/v2\/media\/7956"}],"wp:attachment":[{"href":"https:\/\/www.sellersunionagent.com\/es\/wp-json\/wp\/v2\/media?parent=7954"}],"wp:term":[{"taxonomy":"product_brand","embeddable":true,"href":"https:\/\/www.sellersunionagent.com\/es\/wp-json\/wp\/v2\/product_brand?post=7954"},{"taxonomy":"product_cat","embeddable":true,"href":"https:\/\/www.sellersunionagent.com\/es\/wp-json\/wp\/v2\/product_cat?post=7954"},{"taxonomy":"product_tag","embeddable":true,"href":"https:\/\/www.sellersunionagent.com\/es\/wp-json\/wp\/v2\/product_tag?post=7954"}],"curies":[{"name":"wp","href":"https:\/\/api.w.org\/{rel}","templated":true}]}}