{"id":7928,"date":"2022-06-28T17:11:41","date_gmt":"2022-06-28T09:11:41","guid":{"rendered":"https:\/\/sellersunionagent.com\/?post_type=product&#038;p=7928"},"modified":"2022-08-31T14:15:59","modified_gmt":"2022-08-31T06:15:59","slug":"cestas-de-tela-no-tejida-para-almacenamiento-domestico-al-por-mayor-con-asas-de-cuerda","status":"publish","type":"product","link":"https:\/\/www.sellersunionagent.com\/es\/wholesale-home-storage-non-woven-fabrics-baskets-with-rope-handles\/","title":{"rendered":"Mayorista Almacenaje en Casa Cestas de Tela No Tejida con Asas de Cuerda"},"content":{"rendered":"<h2 id=\"title\" class=\"a-size-large a-spacing-none\"><span id=\"productTitle\" class=\"a-size-large product-title-word-break\">Cestas decorativas para organizar el hogar, cestas rectangulares plegables de tela no tejida con asas de cuerda.<\/span><\/h2>\n<p>&nbsp;<\/p>\n<p>&nbsp;<\/p>\n<ul>\n<li><strong>Seguro de usar \u2013<\/strong> Sin bordes ni esquinas afiladas, sin rayones en la piel. Los bordes lisos evitan los rayones en los dedos al mover o utilizar estas cajas de almacenamiento. A la vez que proporcionan un entorno seguro para los ni\u00f1os o beb\u00e9s.<\/li>\n<\/ul>\n<p>&nbsp;<\/p>\n<p>&nbsp;<\/p>\n<ul>\n<li>\u00a0Las estupendas cestas de almacenamiento ofrecen una organizaci\u00f3n que ahorra espacio. Las resistentes cestas rectangulares se pueden utilizar para guardar DVD, revistas, libros, zapatos, ropa, toallas, mantas, juguetes para mascotas\/perros, correo, material de oficina, regalos o art\u00edculos para beb\u00e9s. Las cestas de almacenamiento decorativas son ideales para el sal\u00f3n, el ba\u00f1o, los cuartos de servicio, la guarder\u00eda, las manualidades, la sala de juegos, las residencias de estudiantes, los condominios, el lavadero y el pasillo. Su color neutro combina con cualquier decoraci\u00f3n y mantiene tu hogar organizado.<\/li>\n<\/ul>\n<p>&nbsp;<\/p>\n<p>&nbsp;<\/p>\n<p><img fetchpriority=\"high\" decoding=\"async\" class=\"aligncenter wp-image-9222\" src=\"https:\/\/www.sellersunionagent.com\/wp-content\/uploads\/2022\/06\/O1CN01VXBfCd1smZRCfvPXr_2153205809-0-cib-1.jpg\" alt=\"\" width=\"600\" height=\"608\" \/><img decoding=\"async\" class=\"aligncenter wp-image-9221\" src=\"https:\/\/www.sellersunionagent.com\/wp-content\/uploads\/2022\/06\/O1CN01D3KnMx1smZROwvoQA_2153205809-0-cib-1.jpg\" alt=\"\" width=\"600\" height=\"600\" \/><img decoding=\"async\" class=\"aligncenter wp-image-7940\" src=\"https:\/\/www.sellersunionagent.com\/wp-content\/uploads\/2022\/06\/wholesale-home-storage-non-woven-fabrics-baskets.jpg\" alt=\"\" width=\"600\" height=\"607\" \/><img loading=\"lazy\" decoding=\"async\" class=\"aligncenter wp-image-7942\" src=\"https:\/\/www.sellersunionagent.com\/wp-content\/uploads\/2022\/06\/wholesale-home-storage-non-woven-fabrics-baskets-2.jpg\" alt=\"\" width=\"600\" height=\"600\" \/><\/p>\n<p>&nbsp;<\/p>\n<p>&nbsp;<\/p>\n<p>&nbsp;<\/p>","protected":false},"excerpt":{"rendered":"<p><strong>Tipo<\/strong>: Organizaci\u00f3n dom\u00e9stica<\/p>\n<p><strong>N\u00famero de art\u00edculo:<\/strong> QYSNH03<\/p>\n<p><strong>Tama\u00f1o del art\u00edculo<\/strong>: 50 x 31 x 15 cm<\/p>\n<p><strong>Material:<\/strong> Telas no tejidas<\/p>","protected":false},"featured_media":7941,"comment_status":"open","ping_status":"closed","template":"","meta":{"_acf_changed":false},"product_brand":[],"product_cat":[31,186],"product_tag":[71,49,70,53,50],"class_list":{"0":"post-7928","1":"product","2":"type-product","3":"status-publish","4":"has-post-thumbnail","6":"product_cat-home-storage","7":"product_cat-living-room","8":"product_tag-durable","9":"product_tag-good-quality","10":"product_tag-home-storage","11":"product_tag-professional-supplier","12":"product_tag-wholesale","14":"first","15":"instock","16":"shipping-taxable","17":"product-type-simple","18":"swiper-slide"},"acf":[],"_links":{"self":[{"href":"https:\/\/www.sellersunionagent.com\/es\/wp-json\/wp\/v2\/product\/7928","targetHints":{"allow":["GET"]}}],"collection":[{"href":"https:\/\/www.sellersunionagent.com\/es\/wp-json\/wp\/v2\/product"}],"about":[{"href":"https:\/\/www.sellersunionagent.com\/es\/wp-json\/wp\/v2\/types\/product"}],"replies":[{"embeddable":true,"href":"https:\/\/www.sellersunionagent.com\/es\/wp-json\/wp\/v2\/comments?post=7928"}],"wp:featuredmedia":[{"embeddable":true,"href":"https:\/\/www.sellersunionagent.com\/es\/wp-json\/wp\/v2\/media\/7941"}],"wp:attachment":[{"href":"https:\/\/www.sellersunionagent.com\/es\/wp-json\/wp\/v2\/media?parent=7928"}],"wp:term":[{"taxonomy":"product_brand","embeddable":true,"href":"https:\/\/www.sellersunionagent.com\/es\/wp-json\/wp\/v2\/product_brand?post=7928"},{"taxonomy":"product_cat","embeddable":true,"href":"https:\/\/www.sellersunionagent.com\/es\/wp-json\/wp\/v2\/product_cat?post=7928"},{"taxonomy":"product_tag","embeddable":true,"href":"https:\/\/www.sellersunionagent.com\/es\/wp-json\/wp\/v2\/product_tag?post=7928"}],"curies":[{"name":"wp","href":"https:\/\/api.w.org\/{rel}","templated":true}]}}