{"id":7922,"date":"2022-06-28T16:15:59","date_gmt":"2022-06-28T08:15:59","guid":{"rendered":"https:\/\/sellersunionagent.com\/?post_type=product&#038;p=7922"},"modified":"2022-08-31T14:16:09","modified_gmt":"2022-08-31T06:16:09","slug":"almacenaje-en-casa-cesta-grande-para-organizar","status":"publish","type":"product","link":"https:\/\/www.sellersunionagent.com\/es\/home-storage-large-storage-basket-for-organizing\/","title":{"rendered":"Almacenamiento en el hogar Cesta grande para organizar"},"content":{"rendered":"<h2>Almacenaje en el hogar Cesta de almacenaje grande para organizar, cesta de tela plegable para estanter\u00edas, cubo de almacenaje rectangular para armarios, lavander\u00eda<\/h2>\n<p>&nbsp;<\/p>\n<p>&nbsp;<\/p>\n<ul>\n<li>\u3010Multi-purpose Organizers\u3011- Gran cesta de lino para organizar, ropa, zapatos cesta, almacenamiento de juguetes, toalla, manta, regalos, revistas, suministros de oficina, etc. Cesta decorativa ideal para dormitorio, sala de estar, sala de juguetes, armario, armarios, estantes, ba\u00f1o, lavander\u00eda, sala de vivero, etc.<\/li>\n<\/ul>\n<p>&nbsp;<\/p>\n<p>&nbsp;<\/p>\n<ul>\n<li>\u3010F\u00e1cil Maintenanc\u3011- Las cestas de tela son f\u00e1ciles de limpiar, el interior se puede limpiar f\u00e1cilmente lavando a mano o limpiando con una esponja h\u00fameda. No se recomienda a m\u00e1quina.<\/li>\n<\/ul>\n<p>&nbsp;<\/p>\n<p>&nbsp;<\/p>\n<ul>\n<li>\u3010Excelente Post-venta\u3011- Cualquier problema de calidad del producto o servicio, no dude en contactarnos, le responderemos en 24 horas.<\/li>\n<\/ul>\n<p><img fetchpriority=\"high\" decoding=\"async\" class=\"aligncenter wp-image-7923\" src=\"https:\/\/www.sellersunionagent.com\/wp-content\/uploads\/2022\/06\/high-quality-storage-bins-for-home-storage-5.jpg\" alt=\"\" width=\"600\" height=\"600\" \/><\/p>\n<p><img decoding=\"async\" class=\"aligncenter wp-image-7926\" src=\"https:\/\/www.sellersunionagent.com\/wp-content\/uploads\/2022\/06\/high-quality-storage-bins-for-home-storage-8.jpg\" alt=\"\" width=\"600\" height=\"600\" \/><\/p>\n<p><img decoding=\"async\" class=\"aligncenter wp-image-9351\" src=\"https:\/\/www.sellersunionagent.com\/wp-content\/uploads\/2022\/06\/\u5fae\u4fe1\u56fe\u7247_20220711182506.jpg\" alt=\"Almacenamiento en casa\" width=\"600\" height=\"433\" \/><\/p>\n<p><img loading=\"lazy\" decoding=\"async\" class=\"aligncenter wp-image-9353\" src=\"https:\/\/www.sellersunionagent.com\/wp-content\/uploads\/2022\/06\/\u5fae\u4fe1\u56fe\u7247_20220711182517.jpg\" alt=\"Almacenamiento en casa\" width=\"600\" height=\"380\" \/><img loading=\"lazy\" decoding=\"async\" class=\"aligncenter wp-image-9352\" src=\"https:\/\/www.sellersunionagent.com\/wp-content\/uploads\/2022\/06\/\u5fae\u4fe1\u56fe\u7247_20220711182512.jpg\" alt=\"Almacenamiento en casa\" width=\"600\" height=\"379\" \/><\/p>\n<p>&nbsp;<\/p>","protected":false},"excerpt":{"rendered":"<p><strong>Tipo<\/strong>: Organizaci\u00f3n dom\u00e9stica<\/p>\n<p><strong>N\u00famero de art\u00edculo:<\/strong> QYSNH07<\/p>\n<p><strong>Tama\u00f1o y peso del art\u00edculo<\/strong>:<br \/>\nGrande: 36*23*24CM\/430G<br \/>\nPeque\u00f1o: 25*19*16CM\/200G<\/p>\n<p><strong>Material: <\/strong>Telas no tejidas<\/p>","protected":false},"featured_media":7927,"comment_status":"open","ping_status":"closed","template":"","meta":{"_acf_changed":false},"product_brand":[],"product_cat":[31,186],"product_tag":[122,120,70,53],"class_list":{"0":"post-7922","1":"product","2":"type-product","3":"status-publish","4":"has-post-thumbnail","6":"product_cat-home-storage","7":"product_cat-living-room","8":"product_tag-collapsible","9":"product_tag-dirty-clothes-hamper","10":"product_tag-home-storage","11":"product_tag-professional-supplier","13":"first","14":"instock","15":"shipping-taxable","16":"product-type-simple","17":"swiper-slide"},"acf":[],"_links":{"self":[{"href":"https:\/\/www.sellersunionagent.com\/es\/wp-json\/wp\/v2\/product\/7922","targetHints":{"allow":["GET"]}}],"collection":[{"href":"https:\/\/www.sellersunionagent.com\/es\/wp-json\/wp\/v2\/product"}],"about":[{"href":"https:\/\/www.sellersunionagent.com\/es\/wp-json\/wp\/v2\/types\/product"}],"replies":[{"embeddable":true,"href":"https:\/\/www.sellersunionagent.com\/es\/wp-json\/wp\/v2\/comments?post=7922"}],"wp:featuredmedia":[{"embeddable":true,"href":"https:\/\/www.sellersunionagent.com\/es\/wp-json\/wp\/v2\/media\/7927"}],"wp:attachment":[{"href":"https:\/\/www.sellersunionagent.com\/es\/wp-json\/wp\/v2\/media?parent=7922"}],"wp:term":[{"taxonomy":"product_brand","embeddable":true,"href":"https:\/\/www.sellersunionagent.com\/es\/wp-json\/wp\/v2\/product_brand?post=7922"},{"taxonomy":"product_cat","embeddable":true,"href":"https:\/\/www.sellersunionagent.com\/es\/wp-json\/wp\/v2\/product_cat?post=7922"},{"taxonomy":"product_tag","embeddable":true,"href":"https:\/\/www.sellersunionagent.com\/es\/wp-json\/wp\/v2\/product_tag?post=7922"}],"curies":[{"name":"wp","href":"https:\/\/api.w.org\/{rel}","templated":true}]}}