{"id":7907,"date":"2022-06-28T15:48:32","date_gmt":"2022-06-28T07:48:32","guid":{"rendered":"https:\/\/sellersunionagent.com\/?post_type=product&#038;p=7907"},"modified":"2022-08-31T14:16:45","modified_gmt":"2022-08-31T06:16:45","slug":"bolsa-de-almacenaje-para-armario-new-upgrade-home-szippered","status":"publish","type":"product","link":"https:\/\/www.sellersunionagent.com\/es\/new-upgrade-home-szippered-storage-bag-for-closet\/","title":{"rendered":"Nuevo Upgrade Home SZippered Bolsa de Almacenaje para Armario\u00a0"},"content":{"rendered":"<h2 id=\"title\" class=\"a-size-large a-spacing-none\">Organizador para ropa, edredones, mantas, ropa de cama, con ventana transparente<\/h2>\n<p><strong>Tipo<\/strong>: Organizaci\u00f3n dom\u00e9stica<\/p>\n<p><strong>N\u00famero de art\u00edculo:<\/strong> QYSNB06<\/p>\n<p><strong>Tama\u00f1o del art\u00edculo<\/strong>: 60*40*35CM\/ 47*28*50CM<\/p>\n<p><strong>Material: <\/strong>Telas no tejidas<\/p>\n<p>&nbsp;<\/p>\n<p>&nbsp;<\/p>\n<ul>\n<li><strong>MATERIAL PREMIUM<\/strong> - Tejido transpirable y no tejido que proporciona una gran ventilaci\u00f3n, manteniendo en definitiva frescos los art\u00edculos almacenados durante m\u00e1s tiempo.<\/li>\n<\/ul>\n<p>&nbsp;<\/p>\n<p>&nbsp;<\/p>\n<ul>\n<li><strong>AHORRO DE ESPACIO<\/strong> - Ideal para ropa, jers\u00e9is, abrigos, chaquetas, zapatos, juguetes, edredones, mantas, fundas de almohada, juegos de s\u00e1banas adicionales y ropa de cama.<\/li>\n<\/ul>\n<p>&nbsp;<\/p>\n<p>&nbsp;<\/p>\n<ul>\n<li><strong>USO M\u00daLTIPLE<\/strong> - Perfecto como regalo de inauguraci\u00f3n o para estudiantes que se mudan a una residencia de estudiantes, garaje para guardar art\u00edculos dom\u00e9sticos adicionales, decoraciones de temporada o recuerdos familiares, \u00a1y mucho m\u00e1s!<\/li>\n<\/ul>\n<p>&nbsp;<\/p>\n<p><img fetchpriority=\"high\" decoding=\"async\" class=\"aligncenter wp-image-9362\" src=\"https:\/\/www.sellersunionagent.com\/wp-content\/uploads\/2022\/06\/\u5fae\u4fe1\u56fe\u7247_20220712171951.jpg\" alt=\"Almacenamiento en casa\" width=\"600\" height=\"611\" \/><\/p>\n<p><img decoding=\"async\" class=\"aligncenter wp-image-9361\" src=\"https:\/\/www.sellersunionagent.com\/wp-content\/uploads\/2022\/06\/\u5fae\u4fe1\u56fe\u7247_20220712171948.jpg\" alt=\"Almacenamiento en casa\" width=\"600\" height=\"417\" \/><\/p>\n<p><img decoding=\"async\" class=\"aligncenter wp-image-9360\" src=\"https:\/\/www.sellersunionagent.com\/wp-content\/uploads\/2022\/06\/\u5fae\u4fe1\u56fe\u7247_20220712171945.jpg\" alt=\"Almacenamiento en casa\" width=\"600\" height=\"376\" \/><\/p>\n<p><img loading=\"lazy\" decoding=\"async\" class=\"aligncenter wp-image-9359\" src=\"https:\/\/www.sellersunionagent.com\/wp-content\/uploads\/2022\/06\/\u5fae\u4fe1\u56fe\u7247_20220712171941.jpg\" alt=\"Almacenamiento en casa\" width=\"600\" height=\"294\" \/><\/p>","protected":false},"excerpt":{"rendered":"<p><strong>MOQ: <\/strong>100 (flexible)<br \/>\n<strong>Muestra gratis:<\/strong> Soporte<br \/>\n<strong>Personalizaci\u00f3n:<\/strong> logotipo \/ color \/ materiales \/ embalaje, etc.<br \/>\n<strong>Descuento:<\/strong> Primeros pedidos desde 10% de descuento.<br \/>\n<strong>Tasa de entrega puntual:<\/strong> 100%<br \/>\n<strong>Total de env\u00edos:<\/strong> 100000PCS<br \/>\n<strong>Env\u00edo:<\/strong> Apoyo Express-Mercanc\u00edas mar\u00edtimas-Mercanc\u00edas terrestres<\/p>","protected":false},"featured_media":7914,"comment_status":"open","ping_status":"closed","template":"","meta":{"_acf_changed":false},"product_brand":[],"product_cat":[31,187],"product_tag":[174,73,99,91],"class_list":{"0":"post-7907","1":"product","2":"type-product","3":"status-publish","4":"has-post-thumbnail","6":"product_cat-home-storage","7":"product_cat-bedroom","8":"product_tag-home-storage-hot","9":"product_tag-home-storagewholesaledurable","10":"product_tag-wholesale-maker-from-china","11":"product_tag-wholesaler","13":"first","14":"instock","15":"shipping-taxable","16":"product-type-simple","17":"swiper-slide"},"acf":[],"_links":{"self":[{"href":"https:\/\/www.sellersunionagent.com\/es\/wp-json\/wp\/v2\/product\/7907","targetHints":{"allow":["GET"]}}],"collection":[{"href":"https:\/\/www.sellersunionagent.com\/es\/wp-json\/wp\/v2\/product"}],"about":[{"href":"https:\/\/www.sellersunionagent.com\/es\/wp-json\/wp\/v2\/types\/product"}],"replies":[{"embeddable":true,"href":"https:\/\/www.sellersunionagent.com\/es\/wp-json\/wp\/v2\/comments?post=7907"}],"wp:featuredmedia":[{"embeddable":true,"href":"https:\/\/www.sellersunionagent.com\/es\/wp-json\/wp\/v2\/media\/7914"}],"wp:attachment":[{"href":"https:\/\/www.sellersunionagent.com\/es\/wp-json\/wp\/v2\/media?parent=7907"}],"wp:term":[{"taxonomy":"product_brand","embeddable":true,"href":"https:\/\/www.sellersunionagent.com\/es\/wp-json\/wp\/v2\/product_brand?post=7907"},{"taxonomy":"product_cat","embeddable":true,"href":"https:\/\/www.sellersunionagent.com\/es\/wp-json\/wp\/v2\/product_cat?post=7907"},{"taxonomy":"product_tag","embeddable":true,"href":"https:\/\/www.sellersunionagent.com\/es\/wp-json\/wp\/v2\/product_tag?post=7907"}],"curies":[{"name":"wp","href":"https:\/\/api.w.org\/{rel}","templated":true}]}}