{"id":7885,"date":"2022-06-28T15:25:55","date_gmt":"2022-06-28T07:25:55","guid":{"rendered":"https:\/\/sellersunionagent.com\/?post_type=product&#038;p=7885"},"modified":"2022-08-31T14:17:13","modified_gmt":"2022-08-31T06:17:13","slug":"venta-al-por-mayor-claro-bolso-organizador-de-almacenamiento-de-polvo-cubierta-bolsas","status":"publish","type":"product","link":"https:\/\/www.sellersunionagent.com\/es\/wholesale-clear-handbag-storage-organizer-dust-cover-bags\/","title":{"rendered":"Venta al por mayor claro bolso organizador de almacenamiento cubierta de polvo bolsas"},"content":{"rendered":"<h2>Bolsa transparente protectora para productos con gancho para guardar en casa<\/h2>\n<p>&nbsp;<\/p>\n<p>&nbsp;<\/p>\n<ul>\n<li>\u3010Material transpirable y transparente\u3011Fabricado con tela no tejida y pl\u00e1stico PVC transparente, mantiene tus bolsos transpirables y a prueba de polvo, y mejora tu eficiencia a la hora de encontrarlos.<\/li>\n<\/ul>\n<p>&nbsp;<\/p>\n<p>&nbsp;<\/p>\n<ul>\n<li>F\u00e1cil de usar y guardar: cremallera y asa para proteger mejor las bolsas del polvo, port\u00e1til y f\u00e1cil de colgar para ahorrar espacio. Se puede doblar directamente cuando no se utiliza.<\/li>\n<\/ul>\n<p>&nbsp;<\/p>\n<p>&nbsp;<\/p>\n<ul>\n<li>\u3010Bolsa multifuncional a prueba de polvo\u3011Perfecta para guardar bolsos, carteras, bufandas, ropa, mochilas, mantas, etc. Se puede guardar en un armario, ba\u00f1o, puerta, estantes, etc.<\/li>\n<\/ul>\n<p>&nbsp;<\/p>\n<p><img fetchpriority=\"high\" decoding=\"async\" class=\"aligncenter wp-image-7899\" src=\"https:\/\/www.sellersunionagent.com\/wp-content\/uploads\/2022\/06\/wholesale-clear-handbag-storage-organizer-dust-cover-bags-3.jpg\" alt=\"\" width=\"600\" height=\"600\" \/><\/p>\n<p><img decoding=\"async\" class=\"aligncenter wp-image-9375\" src=\"https:\/\/www.sellersunionagent.com\/wp-content\/uploads\/2022\/06\/\u5fae\u4fe1\u56fe\u7247_202207121741053.png\" alt=\"Almacenamiento en casa\" width=\"600\" height=\"531\" \/> <img decoding=\"async\" class=\"aligncenter wp-image-9373\" src=\"https:\/\/www.sellersunionagent.com\/wp-content\/uploads\/2022\/06\/\u5fae\u4fe1\u56fe\u7247_202207121741051.png\" alt=\"Almacenamiento en casa\" width=\"600\" height=\"548\" \/> <img loading=\"lazy\" decoding=\"async\" class=\"aligncenter wp-image-9377\" src=\"https:\/\/www.sellersunionagent.com\/wp-content\/uploads\/2022\/06\/\u5fae\u4fe1\u56fe\u7247_202207121741055.png\" alt=\"Almacenamiento en casa\" width=\"600\" height=\"560\" \/> <img loading=\"lazy\" decoding=\"async\" class=\"aligncenter wp-image-9376\" src=\"https:\/\/www.sellersunionagent.com\/wp-content\/uploads\/2022\/06\/\u5fae\u4fe1\u56fe\u7247_202207121741054.png\" alt=\"Almacenamiento en casa\" width=\"600\" height=\"534\" \/> <img loading=\"lazy\" decoding=\"async\" class=\"aligncenter wp-image-9374\" src=\"https:\/\/www.sellersunionagent.com\/wp-content\/uploads\/2022\/06\/\u5fae\u4fe1\u56fe\u7247_202207121741052.png\" alt=\"Almacenamiento en casa\" width=\"600\" height=\"553\" \/> <img loading=\"lazy\" decoding=\"async\" class=\"aligncenter wp-image-9378\" src=\"https:\/\/www.sellersunionagent.com\/wp-content\/uploads\/2022\/06\/\u5fae\u4fe1\u56fe\u7247_202207121741056.png\" alt=\"Almacenamiento en casa\" width=\"600\" height=\"537\" \/><\/p>","protected":false},"excerpt":{"rendered":"<p><strong>Tipo<\/strong>: Organizaci\u00f3n dom\u00e9stica<\/p>\n<p><strong>N\u00famero de art\u00edculo:<\/strong> QYGD08<\/p>\n<p><strong>Tama\u00f1o del art\u00edculo<\/strong>: 37 x 14 x 38 cm<\/p>\n<p><strong>Peso del art\u00edculo<\/strong>: 276 g<\/p>\n<p><strong>Material: <\/strong>PVC<\/p>","protected":false},"featured_media":7900,"comment_status":"open","ping_status":"closed","template":"","meta":{"_acf_changed":false},"product_brand":[],"product_cat":[31,189],"product_tag":[73,47],"class_list":{"0":"post-7885","1":"product","2":"type-product","3":"status-publish","4":"has-post-thumbnail","6":"product_cat-home-storage","7":"product_cat-bathroom","8":"product_tag-home-storagewholesaledurable","9":"product_tag-hot-sale","11":"first","12":"instock","13":"shipping-taxable","14":"product-type-simple","15":"swiper-slide"},"acf":[],"_links":{"self":[{"href":"https:\/\/www.sellersunionagent.com\/es\/wp-json\/wp\/v2\/product\/7885","targetHints":{"allow":["GET"]}}],"collection":[{"href":"https:\/\/www.sellersunionagent.com\/es\/wp-json\/wp\/v2\/product"}],"about":[{"href":"https:\/\/www.sellersunionagent.com\/es\/wp-json\/wp\/v2\/types\/product"}],"replies":[{"embeddable":true,"href":"https:\/\/www.sellersunionagent.com\/es\/wp-json\/wp\/v2\/comments?post=7885"}],"wp:featuredmedia":[{"embeddable":true,"href":"https:\/\/www.sellersunionagent.com\/es\/wp-json\/wp\/v2\/media\/7900"}],"wp:attachment":[{"href":"https:\/\/www.sellersunionagent.com\/es\/wp-json\/wp\/v2\/media?parent=7885"}],"wp:term":[{"taxonomy":"product_brand","embeddable":true,"href":"https:\/\/www.sellersunionagent.com\/es\/wp-json\/wp\/v2\/product_brand?post=7885"},{"taxonomy":"product_cat","embeddable":true,"href":"https:\/\/www.sellersunionagent.com\/es\/wp-json\/wp\/v2\/product_cat?post=7885"},{"taxonomy":"product_tag","embeddable":true,"href":"https:\/\/www.sellersunionagent.com\/es\/wp-json\/wp\/v2\/product_tag?post=7885"}],"curies":[{"name":"wp","href":"https:\/\/api.w.org\/{rel}","templated":true}]}}