{"id":7875,"date":"2022-06-28T15:12:44","date_gmt":"2022-06-28T07:12:44","guid":{"rendered":"https:\/\/sellersunionagent.com\/?post_type=product&#038;p=7875"},"modified":"2022-08-31T14:17:22","modified_gmt":"2022-08-31T06:17:22","slug":"bolsas-colgantes-antipolvo-para-guardar-en-casa","status":"publish","type":"product","link":"https:\/\/www.sellersunionagent.com\/es\/hanging-dustproof-bags-for-home-storage\/","title":{"rendered":"Bolsas colgantes antipolvo para almacenamiento dom\u00e9stico"},"content":{"rendered":"<h2 id=\"title\" class=\"a-size-large a-spacing-none\"><span id=\"productTitle\" class=\"a-size-large product-title-word-break\">Bolsas Antipolvo Bolsas Antipolvo Fundas, Tela No Tejida Bolsas Antipolvo para Almacenaje en Casa<\/span><\/h2>\n<p>&nbsp;<\/p>\n<p>&nbsp;<\/p>\n<ul>\n<li><strong>Variedad para mantener:<\/strong> Nuestras bolsas pueden organizar y almacenar una gran variedad de art\u00edculos, como bolsos de mano, bolsos cruzados, mochilas, totes, monederos, bufandas, ropa, mantas, zapatos, objetos de colecci\u00f3n, cosm\u00e9ticos, art\u00edculos de aseo y mucho m\u00e1s para mantener sus art\u00edculos en orden.<\/li>\n<\/ul>\n<p>&nbsp;<\/p>\n<p>&nbsp;<\/p>\n<ul>\n<li><strong>Larga duraci\u00f3n de uso:<\/strong> La bolsa de embalaje reutilizable est\u00e1 hecha de tela no tejida y PVC, mano de obra fina, aspecto exquisito, fiable y ligero, se puede aplicar como un organizador de viaje, plegable, ligero y port\u00e1til, f\u00e1cil de usar, puede servirle durante mucho tiempo.<\/li>\n<\/ul>\n<p>&nbsp;<\/p>\n<p>&nbsp;<\/p>\n<ul>\n<li><strong>Identifique r\u00e1pidamente el contenido de su bolsa:<\/strong> Nuestras bolsas de almacenaje no tejidas presentan un dise\u00f1o transparente en el fondo que permite identificar f\u00e1cilmente lo que contienen, lo que le ahorrar\u00e1 tiempo y le facilitar\u00e1 los viajes y la vida.<\/li>\n<\/ul>\n<p>&nbsp;<\/p>\n<p>&nbsp;<\/p>\n<ul>\n<li><strong>F\u00e1cil almacenamiento:<\/strong> Estas bolsas protectoras de bolso est\u00e1n dise\u00f1ados con cremallera, f\u00e1cil de abrir y cerrar, de modo que los elementos incorporados en la bolsa para obtener una buena protecci\u00f3n y el polvo, para extender el uso del tiempo de su art\u00edculo.<\/li>\n<\/ul>\n<p>&nbsp;<\/p>\n<p><img fetchpriority=\"high\" decoding=\"async\" class=\"aligncenter wp-image-9380\" src=\"https:\/\/www.sellersunionagent.com\/wp-content\/uploads\/2022\/06\/O1CN01AFqe1h1smZPMiIc8M_2153205809-0-cib-1.jpg\" alt=\"Almacenamiento en casa\" width=\"600\" height=\"600\" \/><\/p>\n<p><img decoding=\"async\" class=\"aligncenter wp-image-9381\" src=\"https:\/\/www.sellersunionagent.com\/wp-content\/uploads\/2022\/06\/O1CN01BjEHnn1smZPMyn4bH_2153205809-0-cib-1.jpg\" alt=\"Proveedor mayorista\" width=\"600\" height=\"596\" \/><\/p>\n<p><img decoding=\"async\" class=\"aligncenter wp-image-9382\" src=\"https:\/\/www.sellersunionagent.com\/wp-content\/uploads\/2022\/06\/O1CN01HceejK1smZPDAGX98_2153205809-0-cib-1.jpg\" alt=\"Proveedor mayorista\" width=\"600\" height=\"600\" \/><\/p>\n<p><img loading=\"lazy\" decoding=\"async\" class=\"aligncenter wp-image-9383\" src=\"https:\/\/www.sellersunionagent.com\/wp-content\/uploads\/2022\/06\/O1CN01TGlujd1smZPJmHuoc_2153205809-0-cib-1.jpg\" alt=\"Proveedor mayorista\" width=\"600\" height=\"600\" \/><\/p>\n<p><img loading=\"lazy\" decoding=\"async\" class=\"aligncenter wp-image-9384\" src=\"https:\/\/www.sellersunionagent.com\/wp-content\/uploads\/2022\/06\/O1CN017g4vgV1smZPM3CzeE_2153205809-0-cib-2.jpg\" alt=\"Proveedor mayorista\" width=\"600\" height=\"600\" \/><\/p>\n<p>&nbsp;<\/p>","protected":false},"excerpt":{"rendered":"<p><strong>Tipo<\/strong>: Organizaci\u00f3n dom\u00e9stica<\/p>\n<p><strong>N\u00famero de art\u00edculo:<\/strong> QYGD05<\/p>\n<p><strong>Tama\u00f1o y peso del art\u00edculo<\/strong>:<\/p>\n<p>34x15X2CM\uff08S)\/95G<br \/>\n41x19x2CM(M)\/160G<br \/>\n41x19x2CM(L)\/150G<br \/>\n48x22x2CM(XL)\/215G<br \/>\n52x23x2CM\uff08XXL)\/195G<\/p>\n<p><strong>Material:<\/strong> PVC + tejido no tejido<\/p>","protected":false},"featured_media":7884,"comment_status":"open","ping_status":"closed","template":"","meta":{"_acf_changed":false},"product_brand":[],"product_cat":[31,187],"product_tag":[70,47,68,50],"class_list":{"0":"post-7875","1":"product","2":"type-product","3":"status-publish","4":"has-post-thumbnail","6":"product_cat-home-storage","7":"product_cat-bedroom","8":"product_tag-home-storage","9":"product_tag-hot-sale","10":"product_tag-large","11":"product_tag-wholesale","13":"first","14":"instock","15":"shipping-taxable","16":"product-type-simple","17":"swiper-slide"},"acf":[],"_links":{"self":[{"href":"https:\/\/www.sellersunionagent.com\/es\/wp-json\/wp\/v2\/product\/7875","targetHints":{"allow":["GET"]}}],"collection":[{"href":"https:\/\/www.sellersunionagent.com\/es\/wp-json\/wp\/v2\/product"}],"about":[{"href":"https:\/\/www.sellersunionagent.com\/es\/wp-json\/wp\/v2\/types\/product"}],"replies":[{"embeddable":true,"href":"https:\/\/www.sellersunionagent.com\/es\/wp-json\/wp\/v2\/comments?post=7875"}],"wp:featuredmedia":[{"embeddable":true,"href":"https:\/\/www.sellersunionagent.com\/es\/wp-json\/wp\/v2\/media\/7884"}],"wp:attachment":[{"href":"https:\/\/www.sellersunionagent.com\/es\/wp-json\/wp\/v2\/media?parent=7875"}],"wp:term":[{"taxonomy":"product_brand","embeddable":true,"href":"https:\/\/www.sellersunionagent.com\/es\/wp-json\/wp\/v2\/product_brand?post=7875"},{"taxonomy":"product_cat","embeddable":true,"href":"https:\/\/www.sellersunionagent.com\/es\/wp-json\/wp\/v2\/product_cat?post=7875"},{"taxonomy":"product_tag","embeddable":true,"href":"https:\/\/www.sellersunionagent.com\/es\/wp-json\/wp\/v2\/product_tag?post=7875"}],"curies":[{"name":"wp","href":"https:\/\/api.w.org\/{rel}","templated":true}]}}