{"id":7868,"date":"2022-06-28T15:44:43","date_gmt":"2022-06-28T07:44:43","guid":{"rendered":"https:\/\/sellersunionagent.com\/?post_type=product&#038;p=7868"},"modified":"2022-08-31T14:16:51","modified_gmt":"2022-08-31T06:16:51","slug":"bolsa-de-almacenamiento-colgante-con-bolsillos-de-malla-para-armario-ampliado-para-sujetadores-calcetines-ropa-interior-y-bragas","status":"publish","type":"product","link":"https:\/\/www.sellersunionagent.com\/es\/enlarged-closet-mesh-pockets-hanging-storage-bag-for-bra-socks-underwear-underpants\/","title":{"rendered":"Bolsillos de malla ampliados para colgar en el armario Bolsa de almacenamiento para sujetadores Calcetines Ropa interior Calzoncillos"},"content":{"rendered":"<h2>Bolsillos de malla ampliados para colgar en el armario Bolsa de almacenamiento para sujetadores Calcetines Ropa interior Calzoncillos<\/h2>\n<ul>\n<li>Bolsillos ampliados en ambos lados: aumentan la capacidad y satisfacen tus necesidades de almacenamiento. Puedes organizar sujetadores, calcetines, ropa interior y bragas.<\/li>\n<li>Material duradero: el organizador colgante para armario est\u00e1 fabricado con tela Oxford 600D transpirable, y el dise\u00f1o de bolsillos de malla de nylon te ayuda a identificar r\u00e1pidamente las cosas, lo que te ahorra tiempo de b\u00fasqueda a ciegas.<\/li>\n<li>Ahorro de espacio: el armario colgante se puede colgar en la barra del armario, en la barra para ropa, en el tendedero, en el dormitorio, en el cuarto de servicio, en la residencia de estudiantes, en la autocaravana, etc., aportando un aspecto limpio y ordenado a su hogar.<\/li>\n<li>F\u00e1cil de limpiar: se puede lavar a mano o a m\u00e1quina y se seca r\u00e1pidamente sin deste\u00f1irse.<img fetchpriority=\"high\" decoding=\"async\" class=\"aligncenter wp-image-7895 size-full\" src=\"https:\/\/www.sellersunionagent.com\/wp-content\/uploads\/2022\/06\/enlarged-closet-mesh-pockets-hanging-storage-bag-9.png\" alt=\"Bolsa de almacenamiento colgante\" width=\"671\" height=\"414\" \/><img decoding=\"async\" class=\"aligncenter wp-image-7894 size-full\" src=\"https:\/\/www.sellersunionagent.com\/wp-content\/uploads\/2022\/06\/enlarged-closet-mesh-pockets-hanging-storage-bag-8.png\" alt=\"Bolsa de almacenamiento colgante\" width=\"631\" height=\"420\" \/> <img decoding=\"async\" class=\"aligncenter wp-image-7887 size-full\" src=\"https:\/\/www.sellersunionagent.com\/wp-content\/uploads\/2022\/06\/enlarged-closet-mesh-pockets-hanging-storage-bag-1.jpg\" alt=\"Bolsa de almacenamiento colgante\" width=\"468\" height=\"412\" \/>\u00a0<img loading=\"lazy\" decoding=\"async\" class=\"aligncenter wp-image-7886 size-full\" src=\"https:\/\/www.sellersunionagent.com\/wp-content\/uploads\/2022\/06\/enlarged-closet-mesh-pockets-hanging-storage-bag.jpg\" alt=\"Bolsa de almacenamiento colgante\" width=\"473\" height=\"416\" \/> \u00a0<img loading=\"lazy\" decoding=\"async\" class=\"aligncenter wp-image-7888\" src=\"https:\/\/www.sellersunionagent.com\/wp-content\/uploads\/2022\/06\/enlarged-closet-mesh-pockets-hanging-storage-bag-2.jpg\" alt=\"Bolsa de almacenamiento colgante\" width=\"473\" height=\"473\" \/> <img loading=\"lazy\" decoding=\"async\" class=\"aligncenter wp-image-7889\" src=\"https:\/\/www.sellersunionagent.com\/wp-content\/uploads\/2022\/06\/enlarged-closet-mesh-pockets-hanging-storage-bag-3.jpg\" alt=\"Bolsa de almacenamiento colgante\" width=\"473\" height=\"473\" \/> \u00a0<img loading=\"lazy\" decoding=\"async\" class=\"aligncenter wp-image-7891\" src=\"https:\/\/www.sellersunionagent.com\/wp-content\/uploads\/2022\/06\/enlarged-closet-mesh-pockets-hanging-storage-bag-5.jpg\" alt=\"Bolsa de almacenamiento colgante\" width=\"473\" height=\"473\" \/> <img loading=\"lazy\" decoding=\"async\" class=\"aligncenter wp-image-7892\" src=\"https:\/\/www.sellersunionagent.com\/wp-content\/uploads\/2022\/06\/enlarged-closet-mesh-pockets-hanging-storage-bag-6.jpg\" alt=\"Bolsa de almacenamiento colgante\" width=\"473\" height=\"473\" \/><\/li>\n<\/ul>","protected":false},"excerpt":{"rendered":"<p><strong>Tipo<\/strong>: Bolsa de almacenamiento colgante<\/p>\n<p><strong>N\u00famero de art\u00edculo:<\/strong> GJ004<\/p>\n<p><strong>Tama\u00f1o del art\u00edculo<\/strong>: 40 x 80 cm<\/p>\n<p><strong>Colores<\/strong>: Negro\/blanco<\/p>\n<p><strong>Material: <\/strong><a class=\"color_pc_blue_text\" data-keyword=\"non-woven fabrics\">Telas no tejidas<\/a><\/p>\n<p>&nbsp;<\/p>\n<p>&nbsp;<\/p>\n<div class=\"elementor-element elementor-element-c17fac7 elementor-widget elementor-widget-woocommerce-product-short-description\" data-id=\"c17fac7\" data-element_type=\"widget\" data-widget_type=\"woocommerce-product-short-description.default\">\n<div class=\"elementor-widget-container\">\n<div class=\"woocommerce-product-details__short-description\">\n<div class=\"elementor-element elementor-element-c17fac7 elementor-widget elementor-widget-woocommerce-product-short-description\" data-id=\"c17fac7\" data-element_type=\"widget\" data-widget_type=\"woocommerce-product-short-description.default\">\n<div class=\"elementor-widget-container\">\n<div class=\"woocommerce-product-details__short-description\">\n<p>Exportamos productos modernos, de alta calidad y a buen precio, ofrecemos personalizaci\u00f3n OEM y ODM, y le brindamos un servicio profesional integral.<\/p>\n<\/div>\n<\/div>\n<\/div>\n<\/div>\n<\/div>\n<\/div>","protected":false},"featured_media":7890,"comment_status":"open","ping_status":"closed","template":"","meta":{"_acf_changed":false},"product_brand":[],"product_cat":[31,187],"product_tag":[129,130],"class_list":{"0":"post-7868","1":"product","2":"type-product","3":"status-publish","4":"has-post-thumbnail","6":"product_cat-home-storage","7":"product_cat-bedroom","8":"product_tag-enlarged","9":"product_tag-hanging-storage-bag","11":"first","12":"instock","13":"shipping-taxable","14":"product-type-simple","15":"swiper-slide"},"acf":[],"_links":{"self":[{"href":"https:\/\/www.sellersunionagent.com\/es\/wp-json\/wp\/v2\/product\/7868","targetHints":{"allow":["GET"]}}],"collection":[{"href":"https:\/\/www.sellersunionagent.com\/es\/wp-json\/wp\/v2\/product"}],"about":[{"href":"https:\/\/www.sellersunionagent.com\/es\/wp-json\/wp\/v2\/types\/product"}],"replies":[{"embeddable":true,"href":"https:\/\/www.sellersunionagent.com\/es\/wp-json\/wp\/v2\/comments?post=7868"}],"wp:featuredmedia":[{"embeddable":true,"href":"https:\/\/www.sellersunionagent.com\/es\/wp-json\/wp\/v2\/media\/7890"}],"wp:attachment":[{"href":"https:\/\/www.sellersunionagent.com\/es\/wp-json\/wp\/v2\/media?parent=7868"}],"wp:term":[{"taxonomy":"product_brand","embeddable":true,"href":"https:\/\/www.sellersunionagent.com\/es\/wp-json\/wp\/v2\/product_brand?post=7868"},{"taxonomy":"product_cat","embeddable":true,"href":"https:\/\/www.sellersunionagent.com\/es\/wp-json\/wp\/v2\/product_cat?post=7868"},{"taxonomy":"product_tag","embeddable":true,"href":"https:\/\/www.sellersunionagent.com\/es\/wp-json\/wp\/v2\/product_tag?post=7868"}],"curies":[{"name":"wp","href":"https:\/\/api.w.org\/{rel}","templated":true}]}}