{"id":7820,"date":"2022-06-28T13:39:57","date_gmt":"2022-06-28T05:39:57","guid":{"rendered":"https:\/\/sellersunionagent.com\/?post_type=product&#038;p=7820"},"modified":"2022-08-31T14:18:34","modified_gmt":"2022-08-31T06:18:34","slug":"caja-de-almacenamiento-de-algodon-personalizada-para-escritorio","status":"publish","type":"product","link":"https:\/\/www.sellersunionagent.com\/es\/custom-cotton-desktop-storage-box\/","title":{"rendered":"Caja de escritorio de algod\u00f3n personalizada"},"content":{"rendered":"<h2>Caja de escritorio de algod\u00f3n personalizada<\/h2>\n<ul>\n<li>Dise\u00f1o bonito y llamativo, y combinaci\u00f3n de colores agradable.<\/li>\n<li>Cuerpo cil\u00edndrico tridimensional, elegante y con estilo.<\/li>\n<li>Con un revestimiento impermeable en el interior, no teme a la humedad y mantiene los art\u00edculos secos.<\/li>\n<li>Ambos lados est\u00e1n equipados con asas, que son c\u00f3modas para transportar y mover, y f\u00e1ciles de usar.<\/li>\n<li>Tejido suave y c\u00f3modo que se pliega f\u00e1cilmente.<\/li>\n<li><img fetchpriority=\"high\" decoding=\"async\" class=\"aligncenter wp-image-7829 size-full\" src=\"https:\/\/www.sellersunionagent.com\/wp-content\/uploads\/2022\/06\/custom-cotton-desktop-storage-box-3.png\" alt=\"personalizado\" width=\"642\" height=\"583\" \/><img decoding=\"async\" class=\"aligncenter wp-image-7822\" src=\"https:\/\/www.sellersunionagent.com\/wp-content\/uploads\/2022\/06\/custom-cotton-desktop-storage-box-9.jpg\" alt=\"personalizado\" width=\"600\" height=\"600\" \/> <img decoding=\"async\" class=\"aligncenter wp-image-7824\" src=\"https:\/\/www.sellersunionagent.com\/wp-content\/uploads\/2022\/06\/custom-cotton-desktop-storage-box-7.jpg\" alt=\"personalizado\" width=\"600\" height=\"600\" \/> <img loading=\"lazy\" decoding=\"async\" class=\"aligncenter wp-image-7825\" src=\"https:\/\/www.sellersunionagent.com\/wp-content\/uploads\/2022\/06\/custom-cotton-desktop-storage-box-6.jpg\" alt=\"personalizado\" width=\"600\" height=\"600\" \/> <img loading=\"lazy\" decoding=\"async\" class=\"aligncenter wp-image-7827\" src=\"https:\/\/www.sellersunionagent.com\/wp-content\/uploads\/2022\/06\/custom-cotton-desktop-storage-box-5.jpg\" alt=\"personalizado\" width=\"600\" height=\"600\" \/> <img loading=\"lazy\" decoding=\"async\" class=\"aligncenter wp-image-7828\" src=\"https:\/\/www.sellersunionagent.com\/wp-content\/uploads\/2022\/06\/custom-cotton-desktop-storage-box-4.jpg\" alt=\"personalizado\" width=\"600\" height=\"600\" \/> <img loading=\"lazy\" decoding=\"async\" class=\"aligncenter wp-image-7830\" src=\"https:\/\/www.sellersunionagent.com\/wp-content\/uploads\/2022\/06\/custom-cotton-desktop-storage-box-2.jpg\" alt=\"personalizado\" width=\"600\" height=\"450\" \/> <img loading=\"lazy\" decoding=\"async\" class=\"aligncenter wp-image-7831\" src=\"https:\/\/www.sellersunionagent.com\/wp-content\/uploads\/2022\/06\/custom-cotton-desktop-storage-box-1.png\" alt=\"personalizado\" width=\"600\" height=\"368\" \/> <img loading=\"lazy\" decoding=\"async\" class=\"aligncenter wp-image-7833\" src=\"https:\/\/www.sellersunionagent.com\/wp-content\/uploads\/2022\/06\/custom-cotton-desktop-storage-box-11.jpg\" alt=\"personalizado\" width=\"600\" height=\"617\" \/><\/li>\n<\/ul>","protected":false},"excerpt":{"rendered":"<p><strong>Tipo<\/strong>: Caja de almacenamiento para escritorio<\/p>\n<p><strong>N\u00famero de art\u00edculo:<\/strong> GJ001<\/p>\n<p><strong>Tama\u00f1o del art\u00edculo<\/strong>: 20 x 16 x 14 cm<\/p>\n<p><strong>Colores<\/strong>: Rosa\/ azul\/ verde<\/p>\n<p><strong>Material: <\/strong>Algod\u00f3n<\/p>\n<p>&nbsp;<\/p>\n<p>Ama la vida, ama <span id=\"w_362\" class=\"\">hermoso\u00a0<\/span><span id=\"w_363\" class=\"\">Cosas. Dise\u00f1o bonito, estampado bonito. Mant\u00e9n tu escritorio ordenado y limpio guardando peque\u00f1os objetos. <span id=\"w_0\" class=\"\">Atentamente\u00a0<\/span><span id=\"w_1\" class=\"high-light\">bienvenida\u00a0<\/span><span id=\"w_2\" class=\"high-light-bg\">tu\u00a0<\/span><span id=\"w_3\" class=\"high-light\">\u00a1Personalizado!<\/span><\/span><\/p>","protected":false},"featured_media":7823,"comment_status":"open","ping_status":"closed","template":"","meta":{"_acf_changed":false},"product_brand":[],"product_cat":[31,187],"product_tag":[121,124],"class_list":{"0":"post-7820","1":"product","2":"type-product","3":"status-publish","4":"has-post-thumbnail","6":"product_cat-home-storage","7":"product_cat-bedroom","8":"product_tag-custom","9":"product_tag-desktop-storage-box","11":"first","12":"instock","13":"shipping-taxable","14":"product-type-simple","15":"swiper-slide"},"acf":[],"_links":{"self":[{"href":"https:\/\/www.sellersunionagent.com\/es\/wp-json\/wp\/v2\/product\/7820","targetHints":{"allow":["GET"]}}],"collection":[{"href":"https:\/\/www.sellersunionagent.com\/es\/wp-json\/wp\/v2\/product"}],"about":[{"href":"https:\/\/www.sellersunionagent.com\/es\/wp-json\/wp\/v2\/types\/product"}],"replies":[{"embeddable":true,"href":"https:\/\/www.sellersunionagent.com\/es\/wp-json\/wp\/v2\/comments?post=7820"}],"wp:featuredmedia":[{"embeddable":true,"href":"https:\/\/www.sellersunionagent.com\/es\/wp-json\/wp\/v2\/media\/7823"}],"wp:attachment":[{"href":"https:\/\/www.sellersunionagent.com\/es\/wp-json\/wp\/v2\/media?parent=7820"}],"wp:term":[{"taxonomy":"product_brand","embeddable":true,"href":"https:\/\/www.sellersunionagent.com\/es\/wp-json\/wp\/v2\/product_brand?post=7820"},{"taxonomy":"product_cat","embeddable":true,"href":"https:\/\/www.sellersunionagent.com\/es\/wp-json\/wp\/v2\/product_cat?post=7820"},{"taxonomy":"product_tag","embeddable":true,"href":"https:\/\/www.sellersunionagent.com\/es\/wp-json\/wp\/v2\/product_tag?post=7820"}],"curies":[{"name":"wp","href":"https:\/\/api.w.org\/{rel}","templated":true}]}}