{"id":7795,"date":"2022-06-27T18:58:26","date_gmt":"2022-06-27T10:58:26","guid":{"rendered":"https:\/\/sellersunionagent.com\/?post_type=product&#038;p=7795"},"modified":"2022-08-31T14:18:44","modified_gmt":"2022-08-31T06:18:44","slug":"cesto-para-la-ropa-sucia-plegable-personalizado","status":"publish","type":"product","link":"https:\/\/www.sellersunionagent.com\/es\/custom-collapsible-laundry-basket\/","title":{"rendered":"Cesto de ropa plegable personalizado"},"content":{"rendered":"<h2>Cesto de ropa plegable personalizado<\/h2>\n<ul>\n<li>Gran capacidad de 65 litros<\/li>\n<li>A prueba de polvo y lavable a m\u00e1quina.<\/li>\n<li>Plegable y compacto<\/li>\n<li>Material compuesto de tres capas para un uso duradero.<\/li>\n<li>Inserte las varillas de fibra de vidrio para que quede independiente.<\/li>\n<li>Asa gruesa de algod\u00f3n para facilitar el transporte.<\/li>\n<li>Pr\u00e1ctico y elegante<\/li>\n<li><img fetchpriority=\"high\" decoding=\"async\" class=\"aligncenter wp-image-7803\" src=\"https:\/\/www.sellersunionagent.com\/wp-content\/uploads\/2022\/06\/custom-collapsible-laundry-basket-7.jpg\" alt=\"A medida\" width=\"600\" height=\"600\" \/><img decoding=\"async\" class=\"aligncenter wp-image-7797\" src=\"https:\/\/www.sellersunionagent.com\/wp-content\/uploads\/2022\/06\/custom-collapsible-laundry-basket-13.jpg\" alt=\"A medida\" width=\"600\" height=\"600\" \/><img decoding=\"async\" class=\"aligncenter wp-image-7799\" src=\"https:\/\/www.sellersunionagent.com\/wp-content\/uploads\/2022\/06\/custom-collapsible-laundry-basket-11.jpg\" alt=\"A medida\" width=\"600\" height=\"600\" \/><\/li>\n<li><img loading=\"lazy\" decoding=\"async\" class=\"aligncenter wp-image-7798\" src=\"https:\/\/www.sellersunionagent.com\/wp-content\/uploads\/2022\/06\/custom-collapsible-laundry-basket-12.jpg\" alt=\"A medida\" width=\"600\" height=\"600\" \/><img loading=\"lazy\" decoding=\"async\" class=\"aligncenter wp-image-7800\" src=\"https:\/\/www.sellersunionagent.com\/wp-content\/uploads\/2022\/06\/custom-collapsible-laundry-basket-10.jpg\" alt=\"A medida\" width=\"600\" height=\"600\" \/> <img loading=\"lazy\" decoding=\"async\" class=\"aligncenter wp-image-7802\" src=\"https:\/\/www.sellersunionagent.com\/wp-content\/uploads\/2022\/06\/custom-collapsible-laundry-basket-8.jpg\" alt=\"A medida\" width=\"600\" height=\"600\" \/><img loading=\"lazy\" decoding=\"async\" class=\"aligncenter wp-image-7807\" src=\"https:\/\/www.sellersunionagent.com\/wp-content\/uploads\/2022\/06\/custom-collapsible-laundry-basket-3.jpg\" alt=\"A medida\" width=\"600\" height=\"600\" \/> <img loading=\"lazy\" decoding=\"async\" class=\"aligncenter wp-image-7810\" src=\"https:\/\/www.sellersunionagent.com\/wp-content\/uploads\/2022\/06\/custom-collapsible-laundry-basket-1.jpg\" alt=\"A medida\" width=\"600\" height=\"600\" \/> <img loading=\"lazy\" decoding=\"async\" class=\"aligncenter wp-image-7811\" src=\"https:\/\/www.sellersunionagent.com\/wp-content\/uploads\/2022\/06\/custom-collapsible-laundry-basket.jpg\" alt=\"A medida\" width=\"600\" height=\"600\" \/><\/li>\n<\/ul>","protected":false},"excerpt":{"rendered":"<p><strong>Tipo<\/strong>: Cesta para la ropa sucia<\/p>\n<p><strong>N\u00famero de art\u00edculo:<\/strong> QYZYL01<\/p>\n<p><strong>Tama\u00f1o del art\u00edculo<\/strong>: 42*31*50 cm<\/p>\n<p><strong>Colores<\/strong>: Gris\/ negro\/ marr\u00f3n<\/p>\n<p><strong>Material: <\/strong>EVA + tela TC + bobina de hierro + asa de cuerda de algod\u00f3n + soporte de tubo de fibra de vidrio<\/p>\n<p>&nbsp;<\/p>\n<p>Nos tomamos cada paso muy en serio, con el \u00fanico objetivo de ofrecerle un producto mejor. Mantenemos una sensibilidad extremadamente alta hacia el mercado de los distintos productos b\u00e1sicos. Nos especializamos en la venta al por mayor de art\u00edculos de almacenamiento, hacemos OEM, ODM y le ofrecemos un servicio integral de compra \u00fanica. \u00a1Le invitamos a personalizar su pedido!<\/p>","protected":false},"featured_media":7796,"comment_status":"open","ping_status":"closed","template":"","meta":{"_acf_changed":false},"product_brand":[],"product_cat":[31,187],"product_tag":[122,121],"class_list":{"0":"post-7795","1":"product","2":"type-product","3":"status-publish","4":"has-post-thumbnail","6":"product_cat-home-storage","7":"product_cat-bedroom","8":"product_tag-collapsible","9":"product_tag-custom","11":"first","12":"instock","13":"shipping-taxable","14":"product-type-simple","15":"swiper-slide"},"acf":[],"_links":{"self":[{"href":"https:\/\/www.sellersunionagent.com\/es\/wp-json\/wp\/v2\/product\/7795","targetHints":{"allow":["GET"]}}],"collection":[{"href":"https:\/\/www.sellersunionagent.com\/es\/wp-json\/wp\/v2\/product"}],"about":[{"href":"https:\/\/www.sellersunionagent.com\/es\/wp-json\/wp\/v2\/types\/product"}],"replies":[{"embeddable":true,"href":"https:\/\/www.sellersunionagent.com\/es\/wp-json\/wp\/v2\/comments?post=7795"}],"wp:featuredmedia":[{"embeddable":true,"href":"https:\/\/www.sellersunionagent.com\/es\/wp-json\/wp\/v2\/media\/7796"}],"wp:attachment":[{"href":"https:\/\/www.sellersunionagent.com\/es\/wp-json\/wp\/v2\/media?parent=7795"}],"wp:term":[{"taxonomy":"product_brand","embeddable":true,"href":"https:\/\/www.sellersunionagent.com\/es\/wp-json\/wp\/v2\/product_brand?post=7795"},{"taxonomy":"product_cat","embeddable":true,"href":"https:\/\/www.sellersunionagent.com\/es\/wp-json\/wp\/v2\/product_cat?post=7795"},{"taxonomy":"product_tag","embeddable":true,"href":"https:\/\/www.sellersunionagent.com\/es\/wp-json\/wp\/v2\/product_tag?post=7795"}],"curies":[{"name":"wp","href":"https:\/\/api.w.org\/{rel}","templated":true}]}}