{"id":7787,"date":"2022-06-27T18:35:13","date_gmt":"2022-06-27T10:35:13","guid":{"rendered":"https:\/\/sellersunionagent.com\/?post_type=product&#038;p=7787"},"modified":"2022-08-31T14:18:54","modified_gmt":"2022-08-31T06:18:54","slug":"large-oxford-cloth-dirty-clothes-hamper-with-handle","status":"publish","type":"product","link":"https:\/\/www.sellersunionagent.com\/es\/large-oxford-cloth-dirty-clothes-hamper-with-handle\/","title":{"rendered":"Cesto para ropa sucia grande de tela Oxford con asa"},"content":{"rendered":"<h2>Cesto para ropa sucia grande de tela Oxford con asa<\/h2>\n<p>Ex-large capacity: The collapsable hamper takes up little space while holding a lot. You can keep clothes and toys contained and off the floor easily.<\/p>\n<p>&nbsp;<\/p>\n<p>Minimalist Design: Perfect for bedrooms, closets, and living room use. This large hamper is finished with a clean, low-profile, minimalist aesthetic.<\/p>\n<p>&nbsp;<\/p>\n<p>Soft Handy Handle: Soft handles create a nice touch of sophistication when being grasped and carried around. And you can take it easily to other place of your home.<\/p>\n<p><img fetchpriority=\"high\" decoding=\"async\" class=\"aligncenter wp-image-7790\" src=\"https:\/\/www.sellersunionagent.com\/wp-content\/uploads\/2022\/06\/large-oxford-cloth-dirty-clothes-hamper-with-handle-4.jpg\" alt=\"Cesto para ropa sucia\" width=\"600\" height=\"600\" \/> \u00a0<img decoding=\"async\" class=\"aligncenter wp-image-7788\" src=\"https:\/\/www.sellersunionagent.com\/wp-content\/uploads\/2022\/06\/large-oxford-cloth-dirty-clothes-hamper-with-handle-6.jpg\" alt=\"\" width=\"600\" height=\"600\" \/><\/p>\n<p><img decoding=\"async\" class=\"aligncenter wp-image-7794\" src=\"https:\/\/www.sellersunionagent.com\/wp-content\/uploads\/2022\/06\/large-oxford-cloth-dirty-clothes-hamper-with-handle.jpg\" alt=\"Cesto para ropa sucia\" width=\"600\" height=\"599\" \/><\/p>","protected":false},"excerpt":{"rendered":"<p><strong>Tipo<\/strong>: Dirty Clothes Hamper<\/p>\n<p><strong>N\u00famero de art\u00edculo:<\/strong> QYZYL06<\/p>\n<p><strong>Tama\u00f1o del art\u00edculo<\/strong>: 37.5x43cm<\/p>\n<p><strong>Colores<\/strong>: Black\/ white\/ grey<\/p>\n<p><strong>Material: <\/strong><a class=\"color_pc_blue_text\" data-keyword=\"oxford cloth\">tela oxford<\/a><\/p>\n<p>&nbsp;<\/p>\n<p>Hot selling dirty clothes hamper! Welcome to purchase. Reasons for choosing us:<br \/>\nProductos certificados por instituciones profesionales, con suministro suficiente y estable<br \/>\nM\u00e1s de veinte a\u00f1os de experiencia, con dep\u00f3sitos de tecnolog\u00eda y calidad.<br \/>\nPersonalizaci\u00f3n adaptada a las distintas necesidades<br \/>\nProducci\u00f3n y env\u00edo a la mayor velocidad<br \/>\nUn esmerado servicio integral de preventa, venta y posventa<\/p>\n<p>&nbsp;<\/p>","protected":false},"featured_media":7793,"comment_status":"open","ping_status":"closed","template":"","meta":{"_acf_changed":false},"product_brand":[],"product_cat":[31,186],"product_tag":[120,68],"class_list":{"0":"post-7787","1":"product","2":"type-product","3":"status-publish","4":"has-post-thumbnail","6":"product_cat-home-storage","7":"product_cat-living-room","8":"product_tag-dirty-clothes-hamper","9":"product_tag-large","11":"first","12":"instock","13":"shipping-taxable","14":"product-type-simple","15":"swiper-slide"},"acf":[],"_links":{"self":[{"href":"https:\/\/www.sellersunionagent.com\/es\/wp-json\/wp\/v2\/product\/7787","targetHints":{"allow":["GET"]}}],"collection":[{"href":"https:\/\/www.sellersunionagent.com\/es\/wp-json\/wp\/v2\/product"}],"about":[{"href":"https:\/\/www.sellersunionagent.com\/es\/wp-json\/wp\/v2\/types\/product"}],"replies":[{"embeddable":true,"href":"https:\/\/www.sellersunionagent.com\/es\/wp-json\/wp\/v2\/comments?post=7787"}],"wp:featuredmedia":[{"embeddable":true,"href":"https:\/\/www.sellersunionagent.com\/es\/wp-json\/wp\/v2\/media\/7793"}],"wp:attachment":[{"href":"https:\/\/www.sellersunionagent.com\/es\/wp-json\/wp\/v2\/media?parent=7787"}],"wp:term":[{"taxonomy":"product_brand","embeddable":true,"href":"https:\/\/www.sellersunionagent.com\/es\/wp-json\/wp\/v2\/product_brand?post=7787"},{"taxonomy":"product_cat","embeddable":true,"href":"https:\/\/www.sellersunionagent.com\/es\/wp-json\/wp\/v2\/product_cat?post=7787"},{"taxonomy":"product_tag","embeddable":true,"href":"https:\/\/www.sellersunionagent.com\/es\/wp-json\/wp\/v2\/product_tag?post=7787"}],"curies":[{"name":"wp","href":"https:\/\/api.w.org\/{rel}","templated":true}]}}