{"id":7774,"date":"2022-06-27T18:11:12","date_gmt":"2022-06-27T10:11:12","guid":{"rendered":"https:\/\/sellersunionagent.com\/?post_type=product&#038;p=7774"},"modified":"2022-06-27T18:11:13","modified_gmt":"2022-06-27T10:11:13","slug":"venta-caliente-flor-bolsas-de-almuerzo-utilizado-para-picnics-de-trabajo-etc","status":"publish","type":"product","link":"https:\/\/www.sellersunionagent.com\/es\/hot-selling-flower-lunch-bags-used-for-picnics-work-etc\/","title":{"rendered":"Hot Selling Bolsas de almuerzo de flores utilizadas para picnics, trabajo, etc."},"content":{"rendered":"<h2>Hot Selling Bolsas de almuerzo de flores utilizadas para picnics, trabajo, etc.<\/h2>\n<p>Buena calidad: Material de tela Oxford gruesa, conservaci\u00f3n del calor y frescura, impermeable y a prueba de aceite, f\u00e1cil de transportar. Hay papel de aluminio de alta calidad en el interior, que puede mantener la temperatura de los alimentos muy bien, para que pueda disfrutar de su comida en cualquier momento.<\/p>\n<p>&nbsp;<\/p>\n<p>Dise\u00f1o sencillo: El dise\u00f1o de la apariencia es simple y de moda, y el dise\u00f1o de color puro con el patr\u00f3n lindo lo hace m\u00e1s atractivo.<\/p>\n<p>&nbsp;<\/p>\n<p>F\u00e1cil de transportar y con buena capacidad: Es muy f\u00e1cil de llevar. Esta fiambrera parece peque\u00f1a, pero puede almacenar f\u00e1cilmente comida para adultos. Puedes meter la fiambrera, frutas, verduras, aperitivos, leche y otras cosas peque\u00f1as hasta que est\u00e9 llena.<\/p>\n<p data-wp-editing=\"1\"><img fetchpriority=\"high\" decoding=\"async\" class=\"aligncenter wp-image-7781\" src=\"https:\/\/www.sellersunionagent.com\/wp-content\/uploads\/2022\/06\/hot-selling-flower-lunch-bags-5.jpg\" alt=\"Venta en caliente\" width=\"600\" height=\"600\" \/> <img decoding=\"async\" class=\"aligncenter wp-image-7780\" src=\"https:\/\/www.sellersunionagent.com\/wp-content\/uploads\/2022\/06\/hot-selling-flower-lunch-bags-6.jpg\" alt=\"Venta en caliente\" width=\"600\" height=\"600\" \/> <img decoding=\"async\" class=\"aligncenter wp-image-7779\" src=\"https:\/\/www.sellersunionagent.com\/wp-content\/uploads\/2022\/06\/hot-selling-flower-lunch-bags-7.jpg\" alt=\"Venta en caliente\" width=\"600\" height=\"600\" \/> <img loading=\"lazy\" decoding=\"async\" class=\"aligncenter wp-image-7778\" src=\"https:\/\/www.sellersunionagent.com\/wp-content\/uploads\/2022\/06\/hot-selling-flower-lunch-bags-8.jpg\" alt=\"Venta en caliente\" width=\"600\" height=\"600\" \/> <img loading=\"lazy\" decoding=\"async\" class=\"aligncenter wp-image-7783\" src=\"https:\/\/www.sellersunionagent.com\/wp-content\/uploads\/2022\/06\/hot-selling-flower-lunch-bags-3.jpg\" alt=\"Venta en caliente\" width=\"600\" height=\"600\" \/> \u00a0<img loading=\"lazy\" decoding=\"async\" class=\"aligncenter wp-image-7786\" src=\"https:\/\/www.sellersunionagent.com\/wp-content\/uploads\/2022\/06\/hot-selling-flower-lunch-bags.jpg\" alt=\"Venta en caliente\" width=\"600\" height=\"600\" srcset=\"https:\/\/www.sellersunionagent.com\/wp-content\/uploads\/2022\/06\/hot-selling-flower-lunch-bags.jpg 800w, https:\/\/www.sellersunionagent.com\/wp-content\/uploads\/2022\/06\/hot-selling-flower-lunch-bags-100x100.jpg 100w\" sizes=\"(max-width: 600px) 100vw, 600px\" \/> <img loading=\"lazy\" decoding=\"async\" class=\"aligncenter wp-image-7785\" src=\"https:\/\/www.sellersunionagent.com\/wp-content\/uploads\/2022\/06\/hot-selling-flower-lunch-bags-1.jpg\" alt=\"Venta en caliente\" width=\"600\" height=\"600\" \/> <img loading=\"lazy\" decoding=\"async\" class=\"aligncenter wp-image-7784\" src=\"https:\/\/www.sellersunionagent.com\/wp-content\/uploads\/2022\/06\/hot-selling-flower-lunch-bags-2.jpg\" alt=\"Venta en caliente\" width=\"600\" height=\"600\" \/><\/p>","protected":false},"excerpt":{"rendered":"<p><strong>Tipo<\/strong>: Neceser<\/p>\n<p><strong>N\u00famero de art\u00edculo:<\/strong> QYBWB02<\/p>\n<p><strong>Tama\u00f1o del art\u00edculo<\/strong>: 25*16.5*21cm<\/p>\n<p><strong>Colores<\/strong>: Rojo\/negro\/blanco<\/p>\n<p><strong>Material:<\/strong><a class=\"color_pc_blue_text\" data-keyword=\"oxford cloth\">tela oxford<\/a><\/p>\n<p>&nbsp;<\/p>\n<p>\u00a1Hot Selling Bolsas de almuerzo de flores! Bienvenido a comprar. Razones para elegirnos:<br \/>\nProductos certificados por instituciones profesionales, con suministro suficiente y estable<br \/>\nM\u00e1s de veinte a\u00f1os de experiencia, con dep\u00f3sitos de tecnolog\u00eda y calidad.<br \/>\nPersonalizaci\u00f3n adaptada a las distintas necesidades<br \/>\nProducci\u00f3n y env\u00edo a la mayor velocidad<br \/>\nUn esmerado servicio integral de preventa, venta y posventa<\/p>","protected":false},"featured_media":7780,"comment_status":"open","ping_status":"closed","template":"","meta":{"_acf_changed":false},"product_brand":[],"product_cat":[28],"product_tag":[44,85],"class_list":{"0":"post-7774","1":"product","2":"type-product","3":"status-publish","4":"has-post-thumbnail","6":"product_cat-lunch-bag","7":"product_tag-hot-selling","8":"product_tag-lunch-bags","10":"first","11":"instock","12":"shipping-taxable","13":"product-type-simple","14":"swiper-slide"},"acf":[],"_links":{"self":[{"href":"https:\/\/www.sellersunionagent.com\/es\/wp-json\/wp\/v2\/product\/7774","targetHints":{"allow":["GET"]}}],"collection":[{"href":"https:\/\/www.sellersunionagent.com\/es\/wp-json\/wp\/v2\/product"}],"about":[{"href":"https:\/\/www.sellersunionagent.com\/es\/wp-json\/wp\/v2\/types\/product"}],"replies":[{"embeddable":true,"href":"https:\/\/www.sellersunionagent.com\/es\/wp-json\/wp\/v2\/comments?post=7774"}],"wp:featuredmedia":[{"embeddable":true,"href":"https:\/\/www.sellersunionagent.com\/es\/wp-json\/wp\/v2\/media\/7780"}],"wp:attachment":[{"href":"https:\/\/www.sellersunionagent.com\/es\/wp-json\/wp\/v2\/media?parent=7774"}],"wp:term":[{"taxonomy":"product_brand","embeddable":true,"href":"https:\/\/www.sellersunionagent.com\/es\/wp-json\/wp\/v2\/product_brand?post=7774"},{"taxonomy":"product_cat","embeddable":true,"href":"https:\/\/www.sellersunionagent.com\/es\/wp-json\/wp\/v2\/product_cat?post=7774"},{"taxonomy":"product_tag","embeddable":true,"href":"https:\/\/www.sellersunionagent.com\/es\/wp-json\/wp\/v2\/product_tag?post=7774"}],"curies":[{"name":"wp","href":"https:\/\/api.w.org\/{rel}","templated":true}]}}