{"id":7756,"date":"2022-06-27T17:08:40","date_gmt":"2022-06-27T09:08:40","guid":{"rendered":"https:\/\/sellersunionagent.com\/?post_type=product&#038;p=7756"},"modified":"2022-06-27T17:08:40","modified_gmt":"2022-06-27T09:08:40","slug":"maquillaje-portatil-bolsa-de-viaje-colgando-fabricante-de-bolsa-de-cosmeticos","status":"publish","type":"product","link":"https:\/\/www.sellersunionagent.com\/es\/portable-makeup-travel-bag-hanging-cosmetic-bag-maker\/","title":{"rendered":"Bolsa de viaje para maquillaje port\u00e1til Hanging Cosmetic Bag Maker"},"content":{"rendered":"<h2>Bolsa de Viaje Port\u00e1til para Maquillaje Bolsa Cosm\u00e9tica Multifuncional Maker<\/h2>\n<p>Gran capacidad: Esta bolsa de maquillaje tiene un mont\u00f3n de espacio para almacenar sus art\u00edculos de viaje. Puede guardar cosm\u00e9ticos, como pintalabios, brochas de maquillaje, sombras de ojos, o art\u00edculos de uso diario, como gel de ducha, pasta de dientes, llaves, tarjetas de habitaci\u00f3n y cargadores. Adem\u00e1s, la parte superior e inferior engrosadas aumentan la capacidad de carga de este neceser de moda.<\/p>\n<p>&nbsp;<\/p>\n<p>Dise\u00f1o Premium y Pr\u00e1ctico: La apariencia de este colorido neceser de maquillaje cuenta con fibra de poli\u00e9ster de alta calidad, que no s\u00f3lo protege sus art\u00edculos de salpicaduras y ara\u00f1azos, sino que tambi\u00e9n es f\u00e1cil de limpiar. Adem\u00e1s, el neceser grande est\u00e1 equipado con una correa de mano resistente y totalmente antiara\u00f1azos, que resulta muy c\u00f3moda de llevar. Adem\u00e1s, la parte superior del neceser grande est\u00e1 dise\u00f1ada con cremalleras dobles met\u00e1licas que se abren y cierran con suavidad. Esta bolsa tambi\u00e9n es ligera, puede reducir la carga del equipaje y hacer que el viaje sea m\u00e1s relajado y agradable.<\/p>\n<p>&nbsp;<\/p>\n<p>Regalo ideal reutilizable: Hay 3 magn\u00edficos colores para que usted elija-p\u00farpura, negro y azul oscuro. Tiene un aspecto brillante y elegante, material duradero, mano de obra exquisita y dise\u00f1o pr\u00e1ctico, por lo que es una opci\u00f3n ideal para regalos de cumplea\u00f1os, regalos de graduaci\u00f3n, regalos de San Valent\u00edn y varios regalos de vacaciones.<\/p>\n<p><img fetchpriority=\"high\" decoding=\"async\" class=\"aligncenter wp-image-7758\" src=\"https:\/\/www.sellersunionagent.com\/wp-content\/uploads\/2022\/06\/portable-makeup-travel-bag-hanging-6.jpg\" alt=\"Creador de bolsas para cosm\u00e9ticos\" width=\"600\" height=\"600\" \/><\/p>\n<p><img decoding=\"async\" class=\"aligncenter wp-image-7759\" src=\"https:\/\/www.sellersunionagent.com\/wp-content\/uploads\/2022\/06\/portable-makeup-travel-bag-hanging-5.jpg\" alt=\"Creador de bolsas para cosm\u00e9ticos\" width=\"600\" height=\"600\" \/> <img decoding=\"async\" class=\"aligncenter wp-image-7757\" src=\"https:\/\/www.sellersunionagent.com\/wp-content\/uploads\/2022\/06\/portable-makeup-travel-bag-hanging-7.jpg\" alt=\"Creador de bolsas para cosm\u00e9ticos\" width=\"600\" height=\"600\" \/><img loading=\"lazy\" decoding=\"async\" class=\"aligncenter wp-image-7761\" src=\"https:\/\/www.sellersunionagent.com\/wp-content\/uploads\/2022\/06\/portable-makeup-travel-bag-hanging-3.jpg\" alt=\"Creador de bolsas para cosm\u00e9ticos\" width=\"600\" height=\"600\" \/><img loading=\"lazy\" decoding=\"async\" class=\"aligncenter wp-image-7765 size-full\" src=\"https:\/\/www.sellersunionagent.com\/wp-content\/uploads\/2022\/06\/portable-makeup-travel-bag-hanging.jpg\" alt=\"Creador de bolsas para cosm\u00e9ticos\" width=\"599\" height=\"587\" \/><\/p>\n<p><img loading=\"lazy\" decoding=\"async\" class=\"aligncenter wp-image-7762\" src=\"https:\/\/www.sellersunionagent.com\/wp-content\/uploads\/2022\/06\/portable-makeup-travel-bag-hanging-2.jpg\" alt=\"Creador de bolsas para cosm\u00e9ticos\" width=\"600\" height=\"398\" \/> \u00a0<img loading=\"lazy\" decoding=\"async\" class=\"aligncenter wp-image-7764\" src=\"https:\/\/www.sellersunionagent.com\/wp-content\/uploads\/2022\/06\/portable-makeup-travel-bag-hanging-1.jpg\" alt=\"Creador de bolsas para cosm\u00e9ticos\" width=\"600\" height=\"404\" \/><\/p>","protected":false},"excerpt":{"rendered":"<p><strong>Tipo<\/strong>: Neceser<\/p>\n<p><strong>N\u00famero de art\u00edculo:<\/strong> MYXS-006<\/p>\n<p><strong>Tama\u00f1o del art\u00edculo<\/strong>: 24*17*13cm<\/p>\n<p><strong>Colores<\/strong>: Morado\/negro\/azul oscuro<\/p>\n<p><strong>Material:\u00a0<\/strong>Poli\u00e9ster<\/p>\n<p>&nbsp;<\/p>\n<p>Fabricante fiable de bolsas para cosm\u00e9ticos Razones para elegirnos:<br \/>\nProductos certificados por instituciones profesionales, con suministro suficiente y estable<br \/>\nM\u00e1s de veinte a\u00f1os de experiencia, con dep\u00f3sitos de tecnolog\u00eda y calidad.<br \/>\nPersonalizaci\u00f3n adaptada a las distintas necesidades<br \/>\nProducci\u00f3n y env\u00edo a la mayor velocidad<br \/>\nUn esmerado servicio integral de preventa, venta y posventa<\/p>","protected":false},"featured_media":7760,"comment_status":"open","ping_status":"closed","template":"","meta":{"_acf_changed":false},"product_brand":[],"product_cat":[30],"product_tag":[117,60,118],"class_list":{"0":"post-7756","1":"product","2":"type-product","3":"status-publish","4":"has-post-thumbnail","6":"product_cat-makeup-bag","7":"product_tag-cosmetic-bag","8":"product_tag-portable","9":"product_tag-practical-design","11":"first","12":"instock","13":"shipping-taxable","14":"product-type-simple","15":"swiper-slide"},"acf":[],"_links":{"self":[{"href":"https:\/\/www.sellersunionagent.com\/es\/wp-json\/wp\/v2\/product\/7756","targetHints":{"allow":["GET"]}}],"collection":[{"href":"https:\/\/www.sellersunionagent.com\/es\/wp-json\/wp\/v2\/product"}],"about":[{"href":"https:\/\/www.sellersunionagent.com\/es\/wp-json\/wp\/v2\/types\/product"}],"replies":[{"embeddable":true,"href":"https:\/\/www.sellersunionagent.com\/es\/wp-json\/wp\/v2\/comments?post=7756"}],"wp:featuredmedia":[{"embeddable":true,"href":"https:\/\/www.sellersunionagent.com\/es\/wp-json\/wp\/v2\/media\/7760"}],"wp:attachment":[{"href":"https:\/\/www.sellersunionagent.com\/es\/wp-json\/wp\/v2\/media?parent=7756"}],"wp:term":[{"taxonomy":"product_brand","embeddable":true,"href":"https:\/\/www.sellersunionagent.com\/es\/wp-json\/wp\/v2\/product_brand?post=7756"},{"taxonomy":"product_cat","embeddable":true,"href":"https:\/\/www.sellersunionagent.com\/es\/wp-json\/wp\/v2\/product_cat?post=7756"},{"taxonomy":"product_tag","embeddable":true,"href":"https:\/\/www.sellersunionagent.com\/es\/wp-json\/wp\/v2\/product_tag?post=7756"}],"curies":[{"name":"wp","href":"https:\/\/api.w.org\/{rel}","templated":true}]}}