{"id":7742,"date":"2022-06-27T10:59:48","date_gmt":"2022-06-27T02:59:48","guid":{"rendered":"https:\/\/sellersunionagent.com\/?post_type=product&#038;p=7742"},"modified":"2022-07-09T14:57:41","modified_gmt":"2022-07-09T06:57:41","slug":"china-importacion-y-exportacion-bolsas-de-almuerzo-made-in-china","status":"publish","type":"product","link":"https:\/\/www.sellersunionagent.com\/es\/china-import-and-export-lunch-bags-made-in-china\/","title":{"rendered":"China Importaci\u00f3n y Exportaci\u00f3n Lunch Bags Made in China"},"content":{"rendered":"<h2>China Importaci\u00f3n y Exportaci\u00f3n Lunch Bags Made in China<\/h2>\n<p>&nbsp;<\/p>\n<p>Esta bolsa de maquillaje est\u00e1 hecha de poli\u00e9ster de alta calidad y es impermeable. Hay un cierre de cremallera f\u00e1cil disponible. El asa resistente hace que esta bolsa se adapte a los viajes y el almacenamiento en el hogar tambi\u00e9n. El tama\u00f1o de esta bolsa es 24*10*20cm.<\/p>\n<p>&nbsp;<\/p>\n<p>&nbsp;<\/p>\n<p>Este es un regalo perfecto para mujeres y ni\u00f1as o para usted mismo. Se ve chic y tambi\u00e9n puedes usar esto como una bolsa de producto digital. Es una bolsa multifuncional.<\/p>\n<p>&nbsp;<\/p>\n<p>&nbsp;<\/p>\n<p>Esta bolsa tiene cuatro colores disponibles: rojo, naranja, gris y azul. Puede embalar todos sus productos de maquillaje bien porque su gran capacidad.<\/p>\n<p>&nbsp;<\/p>\n<p>&nbsp;<\/p>\n<p><img fetchpriority=\"high\" decoding=\"async\" class=\"aligncenter wp-image-9096\" src=\"https:\/\/www.sellersunionagent.com\/wp-content\/uploads\/2022\/06\/8-2.png\" alt=\"OEM\/ODM\" width=\"600\" height=\"432\" \/> <img decoding=\"async\" class=\"aligncenter wp-image-9092\" src=\"https:\/\/www.sellersunionagent.com\/wp-content\/uploads\/2022\/06\/4-3.png\" alt=\"OEM\/ODM\" width=\"600\" height=\"663\" \/> <img decoding=\"async\" class=\"aligncenter wp-image-9093\" src=\"https:\/\/www.sellersunionagent.com\/wp-content\/uploads\/2022\/06\/5-2.png\" alt=\"OEM\/ODM\" width=\"600\" height=\"646\" \/> <img loading=\"lazy\" decoding=\"async\" class=\"aligncenter wp-image-9094\" src=\"https:\/\/www.sellersunionagent.com\/wp-content\/uploads\/2022\/06\/6-3.png\" alt=\"OEM\/ODM\" width=\"600\" height=\"619\" \/> <img loading=\"lazy\" decoding=\"async\" class=\"aligncenter wp-image-9095\" src=\"https:\/\/www.sellersunionagent.com\/wp-content\/uploads\/2022\/06\/7-2.png\" alt=\"OEM\/ODM\" width=\"600\" height=\"646\" \/><\/p>\n<p>&nbsp;<\/p>","protected":false},"excerpt":{"rendered":"<p>Tipo: Bolsa de almuerzo<\/p>\n<p>Tama\u00f1o: 20*12*6CM<\/p>\n<p>Color: como en la foto<\/p>\n<p>OEM\/ODM: Aceptado<\/p>","protected":false},"featured_media":7752,"comment_status":"open","ping_status":"closed","template":"","meta":{"_acf_changed":false},"product_brand":[],"product_cat":[28],"product_tag":[41,115,90,50],"class_list":{"0":"post-7742","1":"product","2":"type-product","3":"status-publish","4":"has-post-thumbnail","6":"product_cat-lunch-bag","7":"product_tag-lunch-bag","8":"product_tag-retailer","9":"product_tag-storage-bag","10":"product_tag-wholesale","12":"first","13":"instock","14":"shipping-taxable","15":"product-type-simple","16":"swiper-slide"},"acf":[],"_links":{"self":[{"href":"https:\/\/www.sellersunionagent.com\/es\/wp-json\/wp\/v2\/product\/7742","targetHints":{"allow":["GET"]}}],"collection":[{"href":"https:\/\/www.sellersunionagent.com\/es\/wp-json\/wp\/v2\/product"}],"about":[{"href":"https:\/\/www.sellersunionagent.com\/es\/wp-json\/wp\/v2\/types\/product"}],"replies":[{"embeddable":true,"href":"https:\/\/www.sellersunionagent.com\/es\/wp-json\/wp\/v2\/comments?post=7742"}],"wp:featuredmedia":[{"embeddable":true,"href":"https:\/\/www.sellersunionagent.com\/es\/wp-json\/wp\/v2\/media\/7752"}],"wp:attachment":[{"href":"https:\/\/www.sellersunionagent.com\/es\/wp-json\/wp\/v2\/media?parent=7742"}],"wp:term":[{"taxonomy":"product_brand","embeddable":true,"href":"https:\/\/www.sellersunionagent.com\/es\/wp-json\/wp\/v2\/product_brand?post=7742"},{"taxonomy":"product_cat","embeddable":true,"href":"https:\/\/www.sellersunionagent.com\/es\/wp-json\/wp\/v2\/product_cat?post=7742"},{"taxonomy":"product_tag","embeddable":true,"href":"https:\/\/www.sellersunionagent.com\/es\/wp-json\/wp\/v2\/product_tag?post=7742"}],"curies":[{"name":"wp","href":"https:\/\/api.w.org\/{rel}","templated":true}]}}