{"id":7735,"date":"2022-06-27T11:09:27","date_gmt":"2022-06-27T03:09:27","guid":{"rendered":"https:\/\/sellersunionagent.com\/?post_type=product&#038;p=7735"},"modified":"2022-08-31T14:19:10","modified_gmt":"2022-08-31T06:19:10","slug":"cesto-de-la-ropa-colgante-con-asa-de-transporte-puerta-de-red-cestas-para-almacenar-tela-juguete-camping-hotel-uso","status":"publish","type":"product","link":"https:\/\/www.sellersunionagent.com\/es\/hanging-laundry-hamper-with-carry-handle-door-net-hampers-for-store-cloth-toy-camping-hotel-use\/","title":{"rendered":"Cesto colgante para ropa sucia con asa de transporte Cestos de red para guardar ropa, juguetes, camping, uso en hoteles"},"content":{"rendered":"<h2>Cesto colgante para ropa sucia con asa de transporte Cestos de red para guardar ropa, juguetes, camping, uso en hoteles<\/h2>\n<ul class=\"a-unordered-list a-vertical a-spacing-mini\">\n<li><span class=\"a-list-item\">Una cantidad suficiente: Usted recibir\u00e1 3 piezas colgando cesto de la ropa, la cantidad suficiente puede satisfacer la familia cambiar nuestra ropa con frecuencia diaria, un solo cesto de la ropa colgando el tama\u00f1o es de 11,8 x15,74 x7inch \/ 30 x40x18cm, Si no lo necesita, puede plegarlo. El tama\u00f1o despu\u00e9s de doblar es s\u00f3lo 7.87\u00d77.87inch\/20x20cm, se puede poner en cualquier caj\u00f3n, es muy f\u00e1cil de almacenar.<\/span><\/li>\n<li><span class=\"a-list-item\">dise\u00f1o:Dise\u00f1o para colgar en la pared. Cuando necesite usarlo, desenrolle nuestro Cesto Colgante para la Ropa y podr\u00e1 colgarlo en la pared o detr\u00e1s de la puerta y poner en \u00e9l la ropa sucia o la ropa que necesite cambiarse. Es muy grande y puede contener 8-10 camisetas., se puede recoger f\u00e1cilmente despu\u00e9s de su uso, lo que puede ahorrar su espacio.<\/span><\/li>\n<li><span class=\"a-list-item\">Limpio :Este cesto de ropa colgante adopta el dise\u00f1o de malla . La parte frontal del producto tiene un dise\u00f1o hueco para la circulaci\u00f3n del aire. Si su ropa necesita ser colgado por una noche antes de lavar, no se preocupe, el dise\u00f1o hueco puede ayudar a reducir el olor, Este producto puede hacer que su hogar sea m\u00e1s limpio.<\/span><\/li>\n<li><span class=\"a-list-item\">Materiales de calidad: La estructura del cesto de la ropa tiene anillas y la capa exterior est\u00e1 envuelta en tela. El dise\u00f1o del cesto de ropa colgante puede soportar m\u00e1s peso y prolongar la vida \u00fatil de nuestros productos. El dise\u00f1o de la tela garantiza que las anillas no sobresalgan durante el uso.<\/span><\/li>\n<li><span class=\"a-list-item\">Elecci\u00f3n ideal como regalo:El cesto colgador de ropa es adecuado para todo el mundo, ya sean tus padres o tus amigos, que siempre tienen problemas para guardar la ropa. Si se lo regalas, se emocionar\u00e1n . Por otra parte, este regalo tambi\u00e9n es muy adecuado para los amigos que tienen ni\u00f1os en casa, ya que es f\u00e1cil de store.And puede acomodar un mont\u00f3n de cosas<\/span><\/li>\n<li><img fetchpriority=\"high\" decoding=\"async\" class=\"aligncenter wp-image-7743\" src=\"https:\/\/www.sellersunionagent.com\/wp-content\/uploads\/2022\/06\/hanging-laundry-hamper-3.jpg\" alt=\"Cesto para ropa colgada \" width=\"600\" height=\"600\" \/> <img decoding=\"async\" class=\"aligncenter wp-image-7744\" src=\"https:\/\/www.sellersunionagent.com\/wp-content\/uploads\/2022\/06\/hanging-laundry-hamper-2.jpg\" alt=\"Cesto para ropa colgada \" width=\"600\" height=\"600\" \/> <img decoding=\"async\" class=\"aligncenter wp-image-7745\" src=\"https:\/\/www.sellersunionagent.com\/wp-content\/uploads\/2022\/06\/hanging-laundry-hamper-1.jpg\" alt=\"Cesto para ropa colgada \" width=\"600\" height=\"600\" \/> <img loading=\"lazy\" decoding=\"async\" class=\"aligncenter wp-image-7746\" src=\"https:\/\/www.sellersunionagent.com\/wp-content\/uploads\/2022\/06\/hanging-laundry-hamper.jpg\" alt=\"Cesto para ropa colgada \" width=\"600\" height=\"600\" srcset=\"https:\/\/www.sellersunionagent.com\/wp-content\/uploads\/2022\/06\/hanging-laundry-hamper.jpg 800w, https:\/\/www.sellersunionagent.com\/wp-content\/uploads\/2022\/06\/hanging-laundry-hamper-100x100.jpg 100w\" sizes=\"(max-width: 600px) 100vw, 600px\" \/><\/li>\n<\/ul>","protected":false},"excerpt":{"rendered":"<p><strong>Tipo<\/strong>: Cesto para ropa colgada<\/p>\n<p><strong>Tama\u00f1o del art\u00edculo<\/strong>: 30*18*40cm<\/p>\n<p><strong>Colores<\/strong>: Gris\/blanco<\/p>\n<p><strong>Material: <\/strong>Poli\u00e9ster<\/p>","protected":false},"featured_media":7745,"comment_status":"open","ping_status":"closed","template":"","meta":{"_acf_changed":false},"product_brand":[],"product_cat":[31,189],"product_tag":[116],"class_list":{"0":"post-7735","1":"product","2":"type-product","3":"status-publish","4":"has-post-thumbnail","6":"product_cat-home-storage","7":"product_cat-bathroom","8":"product_tag-hanging-laundry-hamper","10":"first","11":"instock","12":"shipping-taxable","13":"product-type-simple","14":"swiper-slide"},"acf":[],"_links":{"self":[{"href":"https:\/\/www.sellersunionagent.com\/es\/wp-json\/wp\/v2\/product\/7735","targetHints":{"allow":["GET"]}}],"collection":[{"href":"https:\/\/www.sellersunionagent.com\/es\/wp-json\/wp\/v2\/product"}],"about":[{"href":"https:\/\/www.sellersunionagent.com\/es\/wp-json\/wp\/v2\/types\/product"}],"replies":[{"embeddable":true,"href":"https:\/\/www.sellersunionagent.com\/es\/wp-json\/wp\/v2\/comments?post=7735"}],"wp:featuredmedia":[{"embeddable":true,"href":"https:\/\/www.sellersunionagent.com\/es\/wp-json\/wp\/v2\/media\/7745"}],"wp:attachment":[{"href":"https:\/\/www.sellersunionagent.com\/es\/wp-json\/wp\/v2\/media?parent=7735"}],"wp:term":[{"taxonomy":"product_brand","embeddable":true,"href":"https:\/\/www.sellersunionagent.com\/es\/wp-json\/wp\/v2\/product_brand?post=7735"},{"taxonomy":"product_cat","embeddable":true,"href":"https:\/\/www.sellersunionagent.com\/es\/wp-json\/wp\/v2\/product_cat?post=7735"},{"taxonomy":"product_tag","embeddable":true,"href":"https:\/\/www.sellersunionagent.com\/es\/wp-json\/wp\/v2\/product_tag?post=7735"}],"curies":[{"name":"wp","href":"https:\/\/api.w.org\/{rel}","templated":true}]}}