{"id":7724,"date":"2022-06-27T10:42:09","date_gmt":"2022-06-27T02:42:09","guid":{"rendered":"https:\/\/sellersunionagent.com\/?post_type=product&#038;p=7724"},"modified":"2022-08-31T14:19:19","modified_gmt":"2022-08-31T06:19:19","slug":"organizadores-de-equipaje-de-viaje-ligeros-y-de-gran-capacidad","status":"publish","type":"product","link":"https:\/\/www.sellersunionagent.com\/es\/large-capacity-lightweight-travel-luggage-packing-organizers\/","title":{"rendered":"Organizadores ligeros de gran capacidad para maletas de viaje"},"content":{"rendered":"<h2>Organizadores ligeros para maletas de viaje<\/h2>\n<p>\u3010Valued &amp;Convenient\u3011 - Panel superior de malla para una f\u00e1cil identificaci\u00f3n del contenido, y ventilaci\u00f3nEstos cubos recorrer\u00e1n la distancia. Sin cremalleras rotas, sin costuras d\u00e9biles.<br \/>\n\u3010High Quality\u3011 - RipStop tela repelente al agua que resiste el desgaste, cremalleras de alta calidad no se romper\u00e1 en usted. Super ligero y duradero.<br \/>\n\u3010Easy To Store and Organize\u3011 - Le permite almacenar y organizar f\u00e1cilmente su ropa que hace que sea f\u00e1cil de empacar y a\u00fan m\u00e1s f\u00e1cil de desempacar. Su ropa se mantendr\u00e1 m\u00e1s libre de arrugas y no se aplastar\u00e1 durante sus viajes.<br \/>\n\u3010Saving Space\u3011 - Nuestro sistema de cubo de embalaje soluciona ese problema empaquetando ordenadamente toda su ropa apretada en nuestras bolsas de ahorro de espacio. Empaque m\u00e1s ropa en un espacio peque\u00f1o para su pr\u00f3ximo viaje.<br \/>\n\u3010Adecuado Para Cada Ocasi\u00f3n\u3011 Ideal para vacaciones familiares, viajes de negocios, camping al aire libre y almacenamiento diario.<\/p>\n<p><img fetchpriority=\"high\" decoding=\"async\" class=\"aligncenter wp-image-7730\" src=\"https:\/\/www.sellersunionagent.com\/wp-content\/uploads\/2022\/06\/large-capacity-lightweight-travel-luggage-packing-organizers-1.jpg\" alt=\"gran capacidad\" width=\"600\" height=\"600\" \/><img decoding=\"async\" class=\"aligncenter wp-image-7725\" src=\"https:\/\/www.sellersunionagent.com\/wp-content\/uploads\/2022\/06\/large-capacity-lightweight-travel-luggage-packing-organizers-6.jpg\" alt=\"gran capacidad\" width=\"600\" height=\"600\" \/> <img decoding=\"async\" class=\"aligncenter wp-image-7726\" src=\"https:\/\/www.sellersunionagent.com\/wp-content\/uploads\/2022\/06\/large-capacity-lightweight-travel-luggage-packing-organizers-5.jpg\" alt=\"gran capacidad\" width=\"600\" height=\"600\" \/> <img loading=\"lazy\" decoding=\"async\" class=\"aligncenter wp-image-7727\" src=\"https:\/\/www.sellersunionagent.com\/wp-content\/uploads\/2022\/06\/large-capacity-lightweight-travel-luggage-packing-organizers-4.jpg\" alt=\"ligero\" width=\"600\" height=\"600\" \/> <img loading=\"lazy\" decoding=\"async\" class=\"aligncenter wp-image-7729\" src=\"https:\/\/www.sellersunionagent.com\/wp-content\/uploads\/2022\/06\/large-capacity-lightweight-travel-luggage-packing-organizers-2.jpg\" alt=\"gran capacidad\" width=\"600\" height=\"600\" \/><\/p>","protected":false},"excerpt":{"rendered":"<p><strong>Tipo<\/strong>: Organizaci\u00f3n dom\u00e9stica<\/p>\n<p><strong>Tama\u00f1o del art\u00edculo<\/strong>: 40cm * 35cm * 2cm<\/p>\n<p><strong>Colores<\/strong>: personalizado<\/p>\n<p><strong>Material: <\/strong>Tela no tejida<\/p>","protected":false},"featured_media":7730,"comment_status":"open","ping_status":"closed","template":"","meta":{"_acf_changed":false},"product_brand":[],"product_cat":[31,186],"product_tag":[48,54],"class_list":{"0":"post-7724","1":"product","2":"type-product","3":"status-publish","4":"has-post-thumbnail","6":"product_cat-home-storage","7":"product_cat-living-room","8":"product_tag-large-capacity","9":"product_tag-lightweight","11":"first","12":"instock","13":"shipping-taxable","14":"product-type-simple","15":"swiper-slide"},"acf":[],"_links":{"self":[{"href":"https:\/\/www.sellersunionagent.com\/es\/wp-json\/wp\/v2\/product\/7724","targetHints":{"allow":["GET"]}}],"collection":[{"href":"https:\/\/www.sellersunionagent.com\/es\/wp-json\/wp\/v2\/product"}],"about":[{"href":"https:\/\/www.sellersunionagent.com\/es\/wp-json\/wp\/v2\/types\/product"}],"replies":[{"embeddable":true,"href":"https:\/\/www.sellersunionagent.com\/es\/wp-json\/wp\/v2\/comments?post=7724"}],"wp:featuredmedia":[{"embeddable":true,"href":"https:\/\/www.sellersunionagent.com\/es\/wp-json\/wp\/v2\/media\/7730"}],"wp:attachment":[{"href":"https:\/\/www.sellersunionagent.com\/es\/wp-json\/wp\/v2\/media?parent=7724"}],"wp:term":[{"taxonomy":"product_brand","embeddable":true,"href":"https:\/\/www.sellersunionagent.com\/es\/wp-json\/wp\/v2\/product_brand?post=7724"},{"taxonomy":"product_cat","embeddable":true,"href":"https:\/\/www.sellersunionagent.com\/es\/wp-json\/wp\/v2\/product_cat?post=7724"},{"taxonomy":"product_tag","embeddable":true,"href":"https:\/\/www.sellersunionagent.com\/es\/wp-json\/wp\/v2\/product_tag?post=7724"}],"curies":[{"name":"wp","href":"https:\/\/api.w.org\/{rel}","templated":true}]}}