{"id":7714,"date":"2022-06-27T10:08:32","date_gmt":"2022-06-27T02:08:32","guid":{"rendered":"https:\/\/sellersunionagent.com\/?post_type=product&#038;p=7714"},"modified":"2026-01-06T14:29:39","modified_gmt":"2026-01-06T06:29:39","slug":"accesorios-digitales-bolsa-de-almacenamiento-de-china-estrictamente-seleccionados-fabricas-cooperativas","status":"publish","type":"product","link":"https:\/\/www.sellersunionagent.com\/es\/digital-accessories-storage-bag-from-china-strictly-selected-cooperative-factories\/","title":{"rendered":"Bolsa de almacenamiento de accesorios digitales de China estrictamente seleccionados f\u00e1bricas cooperativas"},"content":{"rendered":"<h2>Bolsa de almacenamiento de accesorios digitales de China estrictamente seleccionados f\u00e1bricas cooperativas<\/h2>\n<p><strong>Tipo<\/strong>: Bolsa de almacenamiento de accesorios digitales<\/p>\n<p><strong>Art\u00edculo NO.:<\/strong> RH532<\/p>\n<p><strong>Tama\u00f1o del art\u00edculo<\/strong>: 25cm * 20cm * 3cm<\/p>\n<p><strong>Peso del art\u00edculo<\/strong>: 100g<\/p>\n<p>&nbsp;<\/p>\n<p>&nbsp;<\/p>\n<p><b>MATERIAL DE ALTA CALIDAD<\/b>: Organizador para aparatos electr\u00f3nicos FINPAC, fabricado con tejido de nailon 600D resistente, duradero y repelente al agua, incorpora excelentes lazos el\u00e1sticos con un agarre antideslizante para garantizar que los cables permanezcan en su sitio. Bolsa organizadora de viaje con cierre de cremallera doble de alta calidad para un acceso y gesti\u00f3n r\u00e1pidos.<\/p>\n<p>&nbsp;<\/p>\n<p><b>ALMACENAMIENTO SEGURO<\/b>: Esta bolsa organizadora tiene un estuche para guardar el iPad de 9,7\", la tableta de 11\", el kindle o el libro de bolsillo (hasta 11 pulgadas). Bolsillo interior de malla protege el tel\u00e9fono m\u00f3vil u otros objetos peque\u00f1os de la p\u00e9rdida. Los lazos el\u00e1sticos lo convierten en un excelente organizador de cables de viaje. 5 ranuras el\u00e1sticas para tarjetas SD evitan que se pierdan. La bolsa de viaje para electr\u00f3nica de doble capa mantiene en orden todos sus cables, cargadores de port\u00e1til, disco duro, tableta y otros accesorios.<\/p>\n<p>&nbsp;<\/p>\n<p><b>COMPACTO Y PORT\u00c1TIL<\/b>: Organizador de cables port\u00e1til y ligero para viajes, f\u00e1cil de transportar y caber en la mochila o el bolso sin ocupar mucho espacio. Un gran compa\u00f1ero como organizador electr\u00f3nico de viaje y organizador de cables de viaje.<\/p>\n<p>&nbsp;<\/p>\n<p><b>MULTIUSOS<\/b>: Bolsa organizadora de viaje vers\u00e1til dise\u00f1ada espec\u00edficamente para las personas organizadas que viajan bien; los m\u00faltiples bolsillos de varios tama\u00f1os proporcionan una gran flexibilidad organizadora electr\u00f3nica. Bolsillo frontal exterior con cremallera para un f\u00e1cil acceso.<\/p>\n<p>&nbsp;<\/p>\n<p><b>VIAJE DE NEGOCIOS Y USO DIARIO<\/b>: Vers\u00e1til organizador de accesorios electr\u00f3nicos para la oficina y los viajes. Mantenga todo ordenado sin ning\u00fan tipo de desorden. Una gran bolsa organizadora de viaje para viajes de negocios y uso diario (SOLO bolsa, no incluye cables ni accesorios electr\u00f3nicos).<\/p>\n<p><img fetchpriority=\"high\" decoding=\"async\" class=\"aligncenter wp-image-7719\" src=\"https:\/\/www.sellersunionagent.com\/wp-content\/uploads\/2022\/06\/digital-accessories-storage-bag.jpg\" alt=\"China F\u00e1bricas cooperativas estrictamente seleccionadas\" width=\"600\" height=\"600\" \/><\/p>\n<p><img decoding=\"async\" class=\"aligncenter wp-image-7715\" src=\"https:\/\/www.sellersunionagent.com\/wp-content\/uploads\/2022\/06\/digital-accessories-storage-bag-4.jpg\" alt=\"China F\u00e1bricas cooperativas estrictamente seleccionadas\" width=\"600\" height=\"600\" \/> <img decoding=\"async\" class=\"aligncenter wp-image-7716\" src=\"https:\/\/www.sellersunionagent.com\/wp-content\/uploads\/2022\/06\/digital-accessories-storage-bag-3.jpg\" alt=\"China F\u00e1bricas cooperativas estrictamente seleccionadas\" width=\"600\" height=\"600\" \/> <img loading=\"lazy\" decoding=\"async\" class=\"aligncenter wp-image-7718\" src=\"https:\/\/www.sellersunionagent.com\/wp-content\/uploads\/2022\/06\/digital-accessories-storage-bag-1.jpg\" alt=\"China F\u00e1bricas cooperativas estrictamente seleccionadas\" width=\"600\" height=\"600\" \/><\/p>","protected":false},"excerpt":{"rendered":"<p><strong>MOQ<\/strong>:  100 piezas<br \/>\n<strong>Muestra gratuita<\/strong>:  Soporte<br \/>\n<strong>Personalizaci\u00f3n<\/strong>logo \/ color \/ materiales \/ embalaje, etc.<br \/>\n<strong>Descuento<\/strong>:  Primeros pedidos desde 10% de descuento.<br \/>\n<strong>Porcentaje de entregas a tiempo<\/strong>:\u00a0 100%<br \/>\n<strong>Env\u00edos totales<\/strong>:  10000 piezas<br \/>\n<strong>Env\u00edo<\/strong>: Apoyo Express-Carga mar\u00edtima-Carga terrestre<\/p>\n<p>&nbsp;<\/p>\n<p>&nbsp;<\/p>\n<p>Siempre mantenemos f\u00e1bricas cooperativas estrictamente seleccionadas para fabricar los productos, y una buena reputaci\u00f3n determina la alta calidad y el alto nivel de nuestros productos.<\/p>","protected":false},"featured_media":7719,"comment_status":"open","ping_status":"closed","template":"","meta":{"_acf_changed":false},"product_brand":[],"product_cat":[32],"product_tag":[88,89],"class_list":{"0":"post-7714","1":"product","2":"type-product","3":"status-publish","4":"has-post-thumbnail","6":"product_cat-digital-bag","7":"product_tag-digital-accessories-storage-bag","8":"product_tag-multi-function","10":"first","11":"instock","12":"shipping-taxable","13":"purchasable","14":"product-type-simple","15":"swiper-slide"},"acf":[],"_links":{"self":[{"href":"https:\/\/www.sellersunionagent.com\/es\/wp-json\/wp\/v2\/product\/7714","targetHints":{"allow":["GET"]}}],"collection":[{"href":"https:\/\/www.sellersunionagent.com\/es\/wp-json\/wp\/v2\/product"}],"about":[{"href":"https:\/\/www.sellersunionagent.com\/es\/wp-json\/wp\/v2\/types\/product"}],"replies":[{"embeddable":true,"href":"https:\/\/www.sellersunionagent.com\/es\/wp-json\/wp\/v2\/comments?post=7714"}],"wp:featuredmedia":[{"embeddable":true,"href":"https:\/\/www.sellersunionagent.com\/es\/wp-json\/wp\/v2\/media\/7719"}],"wp:attachment":[{"href":"https:\/\/www.sellersunionagent.com\/es\/wp-json\/wp\/v2\/media?parent=7714"}],"wp:term":[{"taxonomy":"product_brand","embeddable":true,"href":"https:\/\/www.sellersunionagent.com\/es\/wp-json\/wp\/v2\/product_brand?post=7714"},{"taxonomy":"product_cat","embeddable":true,"href":"https:\/\/www.sellersunionagent.com\/es\/wp-json\/wp\/v2\/product_cat?post=7714"},{"taxonomy":"product_tag","embeddable":true,"href":"https:\/\/www.sellersunionagent.com\/es\/wp-json\/wp\/v2\/product_tag?post=7714"}],"curies":[{"name":"wp","href":"https:\/\/api.w.org\/{rel}","templated":true}]}}