{"id":7713,"date":"2022-06-27T10:34:25","date_gmt":"2022-06-27T02:34:25","guid":{"rendered":"https:\/\/sellersunionagent.com\/?post_type=product&#038;p=7713"},"modified":"2022-07-11T09:57:35","modified_gmt":"2022-07-11T01:57:35","slug":"2022-nuevo-producto-de-bolsa-de-almuerzo-de-fabrica-china","status":"publish","type":"product","link":"https:\/\/www.sellersunionagent.com\/es\/2022-new-product-of-lunch-bag-from-chinese-factory\/","title":{"rendered":"2022 Nuevo producto de bolsa de almuerzo de la f\u00e1brica china"},"content":{"rendered":"<h2>2022 Nuevo producto de bolsa de almuerzo de la f\u00e1brica china<\/h2>\n<p>&nbsp;<\/p>\n<p>&nbsp;<\/p>\n<p>Esta bolsa de maquillaje est\u00e1 hecha de poli\u00e9ster de alta calidad y es impermeable. Hay un cierre de cremallera f\u00e1cil disponible. El asa resistente hace que esta bolsa se adapte a los viajes y el almacenamiento en el hogar tambi\u00e9n. El tama\u00f1o de esta bolsa es 24*10*20cm.<\/p>\n<p>&nbsp;<\/p>\n<p>&nbsp;<\/p>\n<p>Este es un regalo perfecto para mujeres y ni\u00f1as o para usted mismo. Se ve chic y tambi\u00e9n puedes usar esto como una bolsa de producto digital. Es una bolsa multifuncional.<\/p>\n<p>&nbsp;<\/p>\n<p>&nbsp;<\/p>\n<p>Esta bolsa tiene cuatro colores disponibles: rojo, naranja, gris y azul. Puede embalar todos sus productos de maquillaje bien porque su gran capacidad.<\/p>\n<p>&nbsp;<\/p>\n<p>&nbsp;<\/p>\n<p><img fetchpriority=\"high\" decoding=\"async\" class=\"aligncenter wp-image-7720\" src=\"https:\/\/www.sellersunionagent.com\/wp-content\/uploads\/2022\/06\/new-product-of-lunch-bag-3.jpg\" alt=\"\" width=\"600\" height=\"600\" \/><img decoding=\"async\" class=\"aligncenter wp-image-9130\" src=\"https:\/\/www.sellersunionagent.com\/wp-content\/uploads\/2022\/06\/9.png\" alt=\"Fabricaci\u00f3n en China\" width=\"600\" height=\"531\" \/> <img decoding=\"async\" class=\"aligncenter wp-image-9129\" src=\"https:\/\/www.sellersunionagent.com\/wp-content\/uploads\/2022\/06\/8-3.png\" alt=\"Fabricaci\u00f3n en China\" width=\"600\" height=\"525\" \/> <img loading=\"lazy\" decoding=\"async\" class=\"aligncenter wp-image-9128\" src=\"https:\/\/www.sellersunionagent.com\/wp-content\/uploads\/2022\/06\/7-3.png\" alt=\"Fabricaci\u00f3n en China\" width=\"600\" height=\"570\" \/> <img loading=\"lazy\" decoding=\"async\" class=\"aligncenter wp-image-9127\" src=\"https:\/\/www.sellersunionagent.com\/wp-content\/uploads\/2022\/06\/6-4.png\" alt=\"Fabricaci\u00f3n en China\" width=\"600\" height=\"576\" \/> <img loading=\"lazy\" decoding=\"async\" class=\"aligncenter wp-image-9126\" src=\"https:\/\/www.sellersunionagent.com\/wp-content\/uploads\/2022\/06\/5-3.png\" alt=\"Fabricaci\u00f3n en China\" width=\"600\" height=\"550\" \/> <img loading=\"lazy\" decoding=\"async\" class=\"aligncenter wp-image-9125\" src=\"https:\/\/www.sellersunionagent.com\/wp-content\/uploads\/2022\/06\/4-6.png\" alt=\"Fabricaci\u00f3n en China\" width=\"600\" height=\"438\" \/> <img loading=\"lazy\" decoding=\"async\" class=\"aligncenter wp-image-9124\" src=\"https:\/\/www.sellersunionagent.com\/wp-content\/uploads\/2022\/06\/3-5.png\" alt=\"Fabricaci\u00f3n en China\" width=\"600\" height=\"515\" \/> <img loading=\"lazy\" decoding=\"async\" class=\"aligncenter wp-image-9123\" src=\"https:\/\/www.sellersunionagent.com\/wp-content\/uploads\/2022\/06\/2-7.png\" alt=\"Fabricaci\u00f3n en China\" width=\"600\" height=\"535\" \/> <img loading=\"lazy\" decoding=\"async\" class=\"aligncenter wp-image-9122\" src=\"https:\/\/www.sellersunionagent.com\/wp-content\/uploads\/2022\/06\/1-8.png\" alt=\"Fabricaci\u00f3n en China\" width=\"600\" height=\"565\" \/><\/p>","protected":false},"excerpt":{"rendered":"<p>Tipo: Bolsa de almuerzo<\/p>\n<p>Tama\u00f1o: 20*12*6CM<\/p>\n<p>Color: como en la foto<\/p>\n<p>OEM\/ODM: Aceptado<\/p>","protected":false},"featured_media":9120,"comment_status":"open","ping_status":"closed","template":"","meta":{"_acf_changed":false},"product_brand":[],"product_cat":[28],"product_tag":[114,41,92,93,50],"class_list":{"0":"post-7713","1":"product","2":"type-product","3":"status-publish","4":"has-post-thumbnail","6":"product_cat-lunch-bag","7":"product_tag-distributor","8":"product_tag-lunch-bag","9":"product_tag-retail","10":"product_tag-storage","11":"product_tag-wholesale","13":"first","14":"instock","15":"shipping-taxable","16":"product-type-simple","17":"swiper-slide"},"acf":[],"_links":{"self":[{"href":"https:\/\/www.sellersunionagent.com\/es\/wp-json\/wp\/v2\/product\/7713","targetHints":{"allow":["GET"]}}],"collection":[{"href":"https:\/\/www.sellersunionagent.com\/es\/wp-json\/wp\/v2\/product"}],"about":[{"href":"https:\/\/www.sellersunionagent.com\/es\/wp-json\/wp\/v2\/types\/product"}],"replies":[{"embeddable":true,"href":"https:\/\/www.sellersunionagent.com\/es\/wp-json\/wp\/v2\/comments?post=7713"}],"wp:featuredmedia":[{"embeddable":true,"href":"https:\/\/www.sellersunionagent.com\/es\/wp-json\/wp\/v2\/media\/9120"}],"wp:attachment":[{"href":"https:\/\/www.sellersunionagent.com\/es\/wp-json\/wp\/v2\/media?parent=7713"}],"wp:term":[{"taxonomy":"product_brand","embeddable":true,"href":"https:\/\/www.sellersunionagent.com\/es\/wp-json\/wp\/v2\/product_brand?post=7713"},{"taxonomy":"product_cat","embeddable":true,"href":"https:\/\/www.sellersunionagent.com\/es\/wp-json\/wp\/v2\/product_cat?post=7713"},{"taxonomy":"product_tag","embeddable":true,"href":"https:\/\/www.sellersunionagent.com\/es\/wp-json\/wp\/v2\/product_tag?post=7713"}],"curies":[{"name":"wp","href":"https:\/\/api.w.org\/{rel}","templated":true}]}}