{"id":7704,"date":"2022-06-27T09:49:13","date_gmt":"2022-06-27T01:49:13","guid":{"rendered":"https:\/\/sellersunionagent.com\/?post_type=product&#038;p=7704"},"modified":"2022-07-11T18:00:17","modified_gmt":"2022-07-11T10:00:17","slug":"distribuidor-mayorista-importador-de-china-de-bolsos-de-compras-para-mujeres-y-ninas","status":"publish","type":"product","link":"https:\/\/www.sellersunionagent.com\/es\/wholesale-distributor-import-from-china-women-and-girl-shopping-bag\/","title":{"rendered":"Mayorista Distribuidor Importaci\u00f3n de China: Bolsa de la Compra para Mujeres y Ni\u00f1as"},"content":{"rendered":"<h2>Distribuidor mayorista Importaci\u00f3n desde China: Bolsa de compras para mujeres y ni\u00f1as<\/h2>\n<p>&nbsp;<\/p>\n<p>&nbsp;<\/p>\n<p>Esta bolsa de maquillaje est\u00e1 hecha de poli\u00e9ster de alta calidad y es impermeable. Hay un cierre de cremallera f\u00e1cil disponible. El asa resistente hace que esta bolsa se adapte a los viajes y el almacenamiento en el hogar tambi\u00e9n. El tama\u00f1o de esta bolsa es 24*10*20cm.<\/p>\n<p>&nbsp;<\/p>\n<p>&nbsp;<\/p>\n<p>Es un regalo perfecto para mujeres y ni\u00f1as, o para ti misma. Tiene un aspecto chic y tambi\u00e9n se puede utilizar como bolsa para productos digitales. Es una bolsa multifuncional.<\/p>\n<p>&nbsp;<\/p>\n<p>&nbsp;<\/p>\n<p>Esta bolsa tiene cuatro colores disponibles: rojo, naranja, gris y azul. Puede embalar todos sus productos de maquillaje bien porque su gran capacidad.<\/p>\n<p>&nbsp;<\/p>\n<p><img fetchpriority=\"high\" decoding=\"async\" class=\"aligncenter wp-image-7708\" src=\"https:\/\/www.sellersunionagent.com\/wp-content\/uploads\/2022\/06\/women-and-girl-shopping-bag-1.jpg\" alt=\"\" width=\"600\" height=\"600\" \/><\/p>\n<p><img decoding=\"async\" class=\"aligncenter wp-image-7707\" src=\"https:\/\/www.sellersunionagent.com\/wp-content\/uploads\/2022\/06\/women-and-girl-shopping-bag-2.jpg\" alt=\"\" width=\"600\" height=\"600\" \/><\/p>\n<p><img decoding=\"async\" class=\"aligncenter wp-image-9326\" src=\"https:\/\/www.sellersunionagent.com\/wp-content\/uploads\/2022\/06\/4351345826_1759788576-1.jpg\" alt=\"Mayorista Distribuidor Importaci\u00f3n\" width=\"600\" height=\"600\" \/><\/p>\n<p><img loading=\"lazy\" decoding=\"async\" class=\"aligncenter wp-image-9330\" src=\"https:\/\/www.sellersunionagent.com\/wp-content\/uploads\/2022\/06\/2a10b3cd1236c09427381df88d2ff7b.png\" alt=\"Mayorista Distribuidor Importaci\u00f3n\" width=\"600\" height=\"380\" \/><\/p>","protected":false},"excerpt":{"rendered":"<p>Tipo: Bolsa de compras<\/p>\n<p>Tama\u00f1o: 40 x 12 x 6 cm<\/p>\n<p>Color: como en la foto<\/p>\n<p>OEM\/ODM: Aceptado<\/p>","protected":false},"featured_media":9329,"comment_status":"open","ping_status":"closed","template":"","meta":{"_acf_changed":false},"product_brand":[],"product_cat":[29],"product_tag":[94,56,93],"class_list":{"0":"post-7704","1":"product","2":"type-product","3":"status-publish","4":"has-post-thumbnail","6":"product_cat-shopping-bag","7":"product_tag-organizer","8":"product_tag-shopping-bag","9":"product_tag-storage","11":"first","12":"instock","13":"shipping-taxable","14":"product-type-simple","15":"swiper-slide"},"acf":[],"_links":{"self":[{"href":"https:\/\/www.sellersunionagent.com\/es\/wp-json\/wp\/v2\/product\/7704","targetHints":{"allow":["GET"]}}],"collection":[{"href":"https:\/\/www.sellersunionagent.com\/es\/wp-json\/wp\/v2\/product"}],"about":[{"href":"https:\/\/www.sellersunionagent.com\/es\/wp-json\/wp\/v2\/types\/product"}],"replies":[{"embeddable":true,"href":"https:\/\/www.sellersunionagent.com\/es\/wp-json\/wp\/v2\/comments?post=7704"}],"wp:featuredmedia":[{"embeddable":true,"href":"https:\/\/www.sellersunionagent.com\/es\/wp-json\/wp\/v2\/media\/9329"}],"wp:attachment":[{"href":"https:\/\/www.sellersunionagent.com\/es\/wp-json\/wp\/v2\/media?parent=7704"}],"wp:term":[{"taxonomy":"product_brand","embeddable":true,"href":"https:\/\/www.sellersunionagent.com\/es\/wp-json\/wp\/v2\/product_brand?post=7704"},{"taxonomy":"product_cat","embeddable":true,"href":"https:\/\/www.sellersunionagent.com\/es\/wp-json\/wp\/v2\/product_cat?post=7704"},{"taxonomy":"product_tag","embeddable":true,"href":"https:\/\/www.sellersunionagent.com\/es\/wp-json\/wp\/v2\/product_tag?post=7704"}],"curies":[{"name":"wp","href":"https:\/\/api.w.org\/{rel}","templated":true}]}}