{"id":7698,"date":"2022-06-27T09:49:22","date_gmt":"2022-06-27T01:49:22","guid":{"rendered":"https:\/\/sellersunionagent.com\/?post_type=product&#038;p=7698"},"modified":"2022-06-27T09:49:22","modified_gmt":"2022-06-27T01:49:22","slug":"buena-calidad-papel-de-aluminio-engrosada-lonchera-bolso-impermeable-bolsa-de-aislamiento","status":"publish","type":"product","link":"https:\/\/www.sellersunionagent.com\/es\/good-quality-aluminum-foil-thickened-lunch-box-handbag-waterproof-insulation-bag\/","title":{"rendered":"Buena Calidad Caja de almuerzo de aluminio engrosada Bolso impermeable del aislamiento del bolso"},"content":{"rendered":"<h2>Buena Calidad Caja de almuerzo de aluminio engrosada Bolso impermeable del aislamiento del bolso<\/h2>\n<p>Mantenga los alimentos calientes y frescos: Este art\u00edculo proviene de f\u00e1bricas cooperativas estrictamente seleccionadas con nosotros. El forro interior es de papel de aluminio alimentario y est\u00e1 acolchado con espuma EPE de 5 mm para ofrecer una gran resistencia t\u00e9rmica y una f\u00e1cil limpieza. El forro aislante puede mantener los alimentos y bebidas calientes y frescos durante horas y evitar que el l\u00edquido se derrame fuera del recipiente. Tambi\u00e9n es ideal para mantener la temperatura de una bolsa de hielo o una bebida fr\u00eda en el coche o en el gimnasio.<\/p>\n<p>&nbsp;<\/p>\n<p>&nbsp;<\/p>\n<p>Gran capacidad: La bolsa tiene un tama\u00f1o conveniente para empacar su comida a la escuela, el trabajo y los viajes. Su capacidad es de 9 litros, lo suficientemente grande para guardar 9 latas de Coca-Cola (330 ml), 8 botellas de cerveza o 3 cajas de comida con algunas frutas y aperitivos.<\/p>\n<p>&nbsp;<\/p>\n<p>&nbsp;<\/p>\n<p>Plegable y port\u00e1til: Dise\u00f1o muy abierto con cremalleras dobles para facilitar el acceso y esta fiambrera isot\u00e9rmica se puede transportar tan f\u00e1cilmente como un libro cuando est\u00e1 plegada. Aspecto cl\u00e1sico y sencillo con un asa acolchada y una correa para el hombro desmontable y ajustable que podr\u00e1s llevar de 2 modos: bandolera y bolso.<\/p>\n<p><img fetchpriority=\"high\" decoding=\"async\" class=\"aligncenter wp-image-7700\" src=\"https:\/\/www.sellersunionagent.com\/wp-content\/uploads\/2022\/06\/aluminum-foil-thickened-lunch-box-handbag-3.jpg\" alt=\"Buena calidad\" width=\"600\" height=\"600\" \/><img decoding=\"async\" class=\"aligncenter wp-image-7711 size-full\" src=\"https:\/\/www.sellersunionagent.com\/wp-content\/uploads\/2022\/06\/waterproof-insulation-bag-1.jpg\" alt=\"Buena calidad\" width=\"726\" height=\"544\" \/> \u00a0<img decoding=\"async\" class=\"aligncenter wp-image-7702 size-full\" src=\"https:\/\/www.sellersunionagent.com\/wp-content\/uploads\/2022\/06\/aluminum-foil-thickened-lunch-box-handbag-1.jpg\" alt=\"Buena calidad\" width=\"800\" height=\"800\" \/> <img loading=\"lazy\" decoding=\"async\" class=\"aligncenter wp-image-7703 size-full\" src=\"https:\/\/www.sellersunionagent.com\/wp-content\/uploads\/2022\/06\/aluminum-foil-thickened-lunch-box-handbag.jpg\" alt=\"Buena calidad\" width=\"800\" height=\"800\" \/> <img loading=\"lazy\" decoding=\"async\" class=\"aligncenter wp-image-7710 size-full\" src=\"https:\/\/www.sellersunionagent.com\/wp-content\/uploads\/2022\/06\/waterproof-insulation-bag-2.jpg\" alt=\"Buena calidad\" width=\"750\" height=\"1124\" \/><\/p>","protected":false},"excerpt":{"rendered":"<p><strong>Tipo<\/strong>: Bolsa de almuerzo<\/p>\n<p><strong>Tama\u00f1o del art\u00edculo<\/strong>: 32*26*7cm(L)\/ 28*22.5*7cm(S)<\/p>\n<p><strong>Color:<\/strong> Azul oscuro\/ rosa\/ gris<\/p>\n<p><strong>Capacidad de suministro<\/strong>: 50000 Piezas\/Piezas por Mes<br \/>\n<strong>MOQ<\/strong>: 100 piezas<\/p>\n<p>Proporcionamos productos de buena calidad, dominando los est\u00e1ndares de las mercanc\u00edas.<\/p>","protected":false},"featured_media":7700,"comment_status":"open","ping_status":"closed","template":"","meta":{"_acf_changed":false},"product_brand":[],"product_cat":[28],"product_tag":[49,113],"class_list":{"0":"post-7698","1":"product","2":"type-product","3":"status-publish","4":"has-post-thumbnail","6":"product_cat-lunch-bag","7":"product_tag-good-quality","8":"product_tag-insulation-bag","10":"first","11":"instock","12":"shipping-taxable","13":"product-type-simple","14":"swiper-slide"},"acf":[],"_links":{"self":[{"href":"https:\/\/www.sellersunionagent.com\/es\/wp-json\/wp\/v2\/product\/7698","targetHints":{"allow":["GET"]}}],"collection":[{"href":"https:\/\/www.sellersunionagent.com\/es\/wp-json\/wp\/v2\/product"}],"about":[{"href":"https:\/\/www.sellersunionagent.com\/es\/wp-json\/wp\/v2\/types\/product"}],"replies":[{"embeddable":true,"href":"https:\/\/www.sellersunionagent.com\/es\/wp-json\/wp\/v2\/comments?post=7698"}],"wp:featuredmedia":[{"embeddable":true,"href":"https:\/\/www.sellersunionagent.com\/es\/wp-json\/wp\/v2\/media\/7700"}],"wp:attachment":[{"href":"https:\/\/www.sellersunionagent.com\/es\/wp-json\/wp\/v2\/media?parent=7698"}],"wp:term":[{"taxonomy":"product_brand","embeddable":true,"href":"https:\/\/www.sellersunionagent.com\/es\/wp-json\/wp\/v2\/product_brand?post=7698"},{"taxonomy":"product_cat","embeddable":true,"href":"https:\/\/www.sellersunionagent.com\/es\/wp-json\/wp\/v2\/product_cat?post=7698"},{"taxonomy":"product_tag","embeddable":true,"href":"https:\/\/www.sellersunionagent.com\/es\/wp-json\/wp\/v2\/product_tag?post=7698"}],"curies":[{"name":"wp","href":"https:\/\/api.w.org\/{rel}","templated":true}]}}