{"id":7686,"date":"2022-06-27T09:23:05","date_gmt":"2022-06-27T01:23:05","guid":{"rendered":"https:\/\/sellersunionagent.com\/?post_type=product&#038;p=7686"},"modified":"2026-01-06T14:29:40","modified_gmt":"2026-01-06T06:29:40","slug":"china-proveedor-disenado-lindo-impermeable-bolsa-de-maquillaje-de-gran-capacidad-para-la-importacion-distribuidor","status":"publish","type":"product","link":"https:\/\/www.sellersunionagent.com\/es\/china-supplier-designed-cute-waterproof-makeup-bag-big-capacity-for-distributor-import\/","title":{"rendered":"China Proveedor Dise\u00f1ado Lindo impermeable bolsa de maquillaje de gran capacidad para Distribuidor de Importaci\u00f3n"},"content":{"rendered":"<h2>China Proveedor Dise\u00f1ado Lindo impermeable bolsa de maquillaje de gran capacidad para Distribuidor de Importaci\u00f3n<\/h2>\n<p>&nbsp;<\/p>\n<p>&nbsp;<\/p>\n<p>El peque\u00f1o neceser de maquillaje con cremallera mide alrededor de 21*13*8cm \/20*12*6CM \/18*11*7CM, el tama\u00f1o adecuado para que guardes algunos cosm\u00e9ticos y productos de aseo necesarios, como barras de labios, cremas de r\u00edmel, peque\u00f1os champ\u00fas, perfumes, etc.<\/p>\n<p>&nbsp;<\/p>\n<p>&nbsp;<\/p>\n<p>la bolsa de maquillaje port\u00e1til est\u00e1 dise\u00f1ada con algunos compartimentos, y as\u00ed puedes poner tus art\u00edculos en diferentes partes, lo que puede ayudarte a encontrarlos f\u00e1cilmente, manteniendo tus cosas bien organizadas.<\/p>\n<p>&nbsp;<\/p>\n<p>&nbsp;<\/p>\n<p><a> el organizador de maquillaje de color s\u00f3lido de viaje est\u00e1 hecho de cuero PU, impermeable y lavable, de calidad y confiable, suave al tacto, soportar el uso a largo plazo no es un gran problema.<\/p>\n<p>&nbsp;<\/p>\n<p style=\"text-align: center;\"><strong>Tipo:<\/strong> Bolsa de maquillaje<\/p>\n<p style=\"text-align: center;\"><strong>Tama\u00f1o:<\/strong>18*11*7CM<\/p>\n<p style=\"text-align: center;\"><strong>Color:<\/strong> como en la foto<\/p>\n<p style=\"text-align: center;\"><strong>OEM\/ODM:<\/strong> Aceptado<\/p>\n<p><img fetchpriority=\"high\" decoding=\"async\" class=\"aligncenter wp-image-7693\" src=\"https:\/\/www.sellersunionagent.com\/wp-content\/uploads\/2022\/06\/waterproof-makeup-bag-1.jpg\" alt=\"\" width=\"600\" height=\"600\" \/><\/p>\n<p><img decoding=\"async\" class=\"aligncenter wp-image-7694\" src=\"https:\/\/www.sellersunionagent.com\/wp-content\/uploads\/2022\/06\/waterproof-makeup-bag.jpg\" alt=\"\" width=\"600\" height=\"600\" \/><\/p>\n<p><img decoding=\"async\" class=\"aligncenter wp-image-7692\" src=\"https:\/\/www.sellersunionagent.com\/wp-content\/uploads\/2022\/06\/waterproof-makeup-bag-2.jpg\" alt=\"\" width=\"600\" height=\"600\" \/><\/p>\n<p><img loading=\"lazy\" decoding=\"async\" class=\"aligncenter wp-image-7691\" src=\"https:\/\/www.sellersunionagent.com\/wp-content\/uploads\/2022\/06\/waterproof-makeup-bag-3.jpg\" alt=\"\" width=\"600\" height=\"600\" \/><\/p>","protected":false},"excerpt":{"rendered":"<p><strong>MOQ<\/strong>:  100 piezas<br \/>\n<strong>Muestra gratuita<\/strong>:  Soporte<br \/>\n<strong>Personalizaci\u00f3n<\/strong>logo \/ color \/ materiales \/ embalaje, etc.<br \/>\n<strong>Descuento<\/strong>:  Primeros pedidos desde 10% de descuento.<br \/>\n<strong>Porcentaje de entregas a tiempo<\/strong>:\u00a0 100%<br \/>\n<strong>Env\u00edos totales<\/strong>: 65700 piezas<br \/>\n<strong>Env\u00edo<\/strong>: Apoyo Express-Carga mar\u00edtima-Carga terrestre<\/p>","protected":false},"featured_media":7688,"comment_status":"open","ping_status":"closed","template":"","meta":{"_acf_changed":false},"product_brand":[],"product_cat":[30],"product_tag":[171,78,109,93,105],"class_list":{"0":"post-7686","1":"product","2":"type-product","3":"status-publish","4":"has-post-thumbnail","6":"product_cat-makeup-bag","7":"product_tag-make-up-hot","8":"product_tag-makeup-bag","9":"product_tag-oganizer","10":"product_tag-storage","11":"product_tag-travel-bag","13":"first","14":"instock","15":"shipping-taxable","16":"purchasable","17":"product-type-simple","18":"swiper-slide"},"acf":[],"_links":{"self":[{"href":"https:\/\/www.sellersunionagent.com\/es\/wp-json\/wp\/v2\/product\/7686","targetHints":{"allow":["GET"]}}],"collection":[{"href":"https:\/\/www.sellersunionagent.com\/es\/wp-json\/wp\/v2\/product"}],"about":[{"href":"https:\/\/www.sellersunionagent.com\/es\/wp-json\/wp\/v2\/types\/product"}],"replies":[{"embeddable":true,"href":"https:\/\/www.sellersunionagent.com\/es\/wp-json\/wp\/v2\/comments?post=7686"}],"wp:featuredmedia":[{"embeddable":true,"href":"https:\/\/www.sellersunionagent.com\/es\/wp-json\/wp\/v2\/media\/7688"}],"wp:attachment":[{"href":"https:\/\/www.sellersunionagent.com\/es\/wp-json\/wp\/v2\/media?parent=7686"}],"wp:term":[{"taxonomy":"product_brand","embeddable":true,"href":"https:\/\/www.sellersunionagent.com\/es\/wp-json\/wp\/v2\/product_brand?post=7686"},{"taxonomy":"product_cat","embeddable":true,"href":"https:\/\/www.sellersunionagent.com\/es\/wp-json\/wp\/v2\/product_cat?post=7686"},{"taxonomy":"product_tag","embeddable":true,"href":"https:\/\/www.sellersunionagent.com\/es\/wp-json\/wp\/v2\/product_tag?post=7686"}],"curies":[{"name":"wp","href":"https:\/\/api.w.org\/{rel}","templated":true}]}}