{"id":7676,"date":"2022-06-27T09:18:50","date_gmt":"2022-06-27T01:18:50","guid":{"rendered":"https:\/\/sellersunionagent.com\/?post_type=product&#038;p=7676"},"modified":"2022-06-27T09:18:50","modified_gmt":"2022-06-27T01:18:50","slug":"bolsa-de-maquillaje-lindo-diseno-hecho-en-china-para-la-importacion-distribuidor","status":"publish","type":"product","link":"https:\/\/www.sellersunionagent.com\/es\/cute-design-makeup-bag-made-in-china-for-distributor-import\/","title":{"rendered":"Cute Design Makeup Bag Made in China para la importaci\u00f3n distribuidor"},"content":{"rendered":"<h2>Cute Design Makeup Bag Made in China para la importaci\u00f3n distribuidor<\/h2>\n<p>&nbsp;<\/p>\n<p>&nbsp;<\/p>\n<p>El peque\u00f1o neceser de maquillaje con cremallera mide alrededor de 21*13*8cm \/20*12*6CM \/18*11*7CM, el tama\u00f1o adecuado para que guardes algunos cosm\u00e9ticos y productos de aseo necesarios, como barras de labios, cremas de r\u00edmel, peque\u00f1os champ\u00fas, perfumes, etc.<\/p>\n<p>&nbsp;<\/p>\n<p>&nbsp;<\/p>\n<p>la bolsa de maquillaje port\u00e1til est\u00e1 dise\u00f1ada con algunos compartimentos, y as\u00ed puedes poner tus art\u00edculos en diferentes partes, lo que puede ayudarte a encontrarlos f\u00e1cilmente, manteniendo tus cosas bien organizadas.<\/p>\n<p>&nbsp;<\/p>\n<p>&nbsp;<\/p>\n<p><a> el organizador de maquillaje de color s\u00f3lido de viaje est\u00e1 hecho de cuero PU, impermeable y lavable, de calidad y confiable, suave al tacto, soportar el uso a largo plazo no es un gran problema.<\/p>\n<p>&nbsp;<\/p>\n<p>&nbsp;<\/p>\n<p><img fetchpriority=\"high\" decoding=\"async\" class=\"aligncenter wp-image-7677\" src=\"https:\/\/www.sellersunionagent.com\/wp-content\/uploads\/2022\/06\/cute-design-makeup-bag-7.jpg\" alt=\"\" width=\"600\" height=\"600\" \/><\/p>\n<p><img decoding=\"async\" class=\"aligncenter wp-image-7683\" src=\"https:\/\/www.sellersunionagent.com\/wp-content\/uploads\/2022\/06\/cute-design-makeup-bag-1.jpg\" alt=\"\" width=\"600\" height=\"600\" \/><\/p>\n<p><img decoding=\"async\" class=\"aligncenter wp-image-7682\" src=\"https:\/\/www.sellersunionagent.com\/wp-content\/uploads\/2022\/06\/cute-design-makeup-bag-2.jpg\" alt=\"\" width=\"600\" height=\"600\" \/><\/p>\n<p><img loading=\"lazy\" decoding=\"async\" class=\"aligncenter wp-image-7678\" src=\"https:\/\/www.sellersunionagent.com\/wp-content\/uploads\/2022\/06\/cute-design-makeup-bag-6.jpg\" alt=\"\" width=\"600\" height=\"600\" \/><\/p>","protected":false},"excerpt":{"rendered":"<p>Tipo: Bolsa de maquillaje<\/p>\n<p>Tama\u00f1o: 18*11*7CM<\/p>\n<p>Color: como en la foto<\/p>\n<p>OEM\/ODM: Aceptado<\/p>","protected":false},"featured_media":7684,"comment_status":"open","ping_status":"closed","template":"","meta":{"_acf_changed":false},"product_brand":[],"product_cat":[30],"product_tag":[78,94,93,105],"class_list":{"0":"post-7676","1":"product","2":"type-product","3":"status-publish","4":"has-post-thumbnail","6":"product_cat-makeup-bag","7":"product_tag-makeup-bag","8":"product_tag-organizer","9":"product_tag-storage","10":"product_tag-travel-bag","12":"first","13":"instock","14":"shipping-taxable","15":"product-type-simple","16":"swiper-slide"},"acf":[],"_links":{"self":[{"href":"https:\/\/www.sellersunionagent.com\/es\/wp-json\/wp\/v2\/product\/7676","targetHints":{"allow":["GET"]}}],"collection":[{"href":"https:\/\/www.sellersunionagent.com\/es\/wp-json\/wp\/v2\/product"}],"about":[{"href":"https:\/\/www.sellersunionagent.com\/es\/wp-json\/wp\/v2\/types\/product"}],"replies":[{"embeddable":true,"href":"https:\/\/www.sellersunionagent.com\/es\/wp-json\/wp\/v2\/comments?post=7676"}],"wp:featuredmedia":[{"embeddable":true,"href":"https:\/\/www.sellersunionagent.com\/es\/wp-json\/wp\/v2\/media\/7684"}],"wp:attachment":[{"href":"https:\/\/www.sellersunionagent.com\/es\/wp-json\/wp\/v2\/media?parent=7676"}],"wp:term":[{"taxonomy":"product_brand","embeddable":true,"href":"https:\/\/www.sellersunionagent.com\/es\/wp-json\/wp\/v2\/product_brand?post=7676"},{"taxonomy":"product_cat","embeddable":true,"href":"https:\/\/www.sellersunionagent.com\/es\/wp-json\/wp\/v2\/product_cat?post=7676"},{"taxonomy":"product_tag","embeddable":true,"href":"https:\/\/www.sellersunionagent.com\/es\/wp-json\/wp\/v2\/product_tag?post=7676"}],"curies":[{"name":"wp","href":"https:\/\/api.w.org\/{rel}","templated":true}]}}