{"id":7644,"date":"2022-06-27T08:21:05","date_gmt":"2022-06-27T00:21:05","guid":{"rendered":"https:\/\/sellersunionagent.com\/?post_type=product&#038;p=7644"},"modified":"2022-08-31T14:19:34","modified_gmt":"2022-08-31T06:19:34","slug":"2022-organizador-bolsa-6-piezas-equipaje-cubos-de-viaje-bolsa-de-almacenamiento","status":"publish","type":"product","link":"https:\/\/www.sellersunionagent.com\/es\/2022-organizer-bag-6-pieces-luggage-packing-cubes-travel-storage-bag\/","title":{"rendered":"2022 Bolsa organizadora 6 piezas cubos de equipaje bolsa de almacenamiento de viaje"},"content":{"rendered":"<h2>2022 Bolsa organizadora 6 piezas cubos de equipaje bolsa de almacenamiento de viaje<\/h2>\n<ul class=\"a-unordered-list a-vertical a-spacing-mini\">\n<li><span class=\"a-list-item\">Cierre de cremallera <\/span><\/li>\n<li><span class=\"a-list-item\">PREMIUM UPGRADED NYLON FABRIC: Tela de nylon suave protege su ropa de las arrugas y Stains.High caracter\u00edstica de rendimiento se asegura de que este Cubos de embalaje puede soportar el desgaste de alta densidad y el desgaste durante Traveling.Water-Repellent caracter\u00edstica muy bien proteger su ropa de derrames o fugas. <\/span><\/li>\n<li><span class=\"a-list-item\">LIGHTWEIGHT&amp;DURABLE:Super ligero tejido de nylon asegura el almacenamiento de su ropa ordenada en el equipaje sin a\u00f1adir peso extra.Sturdy&amp;Smooth cremallera de doble v\u00eda con cord\u00f3n extendido garantizar la apertura r\u00e1pida y f\u00e1cil y el cierre de la Packing Cubes.Soft y suave panel superior de malla no s\u00f3lo puede proteger su ropa delicada de arrugas y olores, pero tambi\u00e9n puede ayudar a identificar su ropa a trav\u00e9s de malla visible para evitar Fumbling dentro de su equipaje entero. <\/span><\/li>\n<li><span class=\"a-list-item\">PAQUETE ORGANIZADO y AHORRO DE ESPACIO: Separe sus diferentes prendas de ropa con los cubos de embalaje de m\u00faltiples tama\u00f1os y colores vivos disponibles. Ahorre tiempo en sus viajes, excursiones o actividades al aire libre evitando colocar mal los diferentes art\u00edculos y aproveche al m\u00e1ximo el espacio de su equipaje. <\/span><\/li>\n<li><span class=\"a-list-item\">VERS\u00c1TIL y MULTIFUNCIONAL: Cabe como un guante en la mayor\u00eda de los bolsos de mano de las aerol\u00edneas, bolsas de viaje, bolsas de fin de semana, mochilas, bolsas de viaje, etc. Para viajes familiares, viajes de negocios, vacaciones, senderismo, camping, caravanas, viajes, etc. <\/span><\/li>\n<li><span class=\"a-list-item\">100% GARANT\u00cdA DE DEVOLUCI\u00d3N DEL DINERO: Ofrecerle los mejores productos y atender todas sus necesidades han sido siempre nuestro principal objetivo. Estamos detr\u00e1s de todos nuestros productos BAGAIL y ofrecemos una garant\u00eda incondicional para la calidad y la artesan\u00eda en 12 meses.<\/span><\/li>\n<li><img fetchpriority=\"high\" decoding=\"async\" class=\"aligncenter wp-image-7645 size-full\" src=\"https:\/\/www.sellersunionagent.com\/wp-content\/uploads\/2022\/06\/6-pieces-luggage-packing-cubes-travel-storage-bag-6.jpg\" alt=\"6 cubos para equipaje\" width=\"800\" height=\"800\" \/><img decoding=\"async\" class=\"aligncenter wp-image-7647 size-full\" src=\"https:\/\/www.sellersunionagent.com\/wp-content\/uploads\/2022\/06\/6-pieces-luggage-packing-cubes-travel-storage-bag-4.jpg\" alt=\"6 cubos para equipaje\" width=\"800\" height=\"800\" \/><img decoding=\"async\" class=\"aligncenter wp-image-7648 size-full\" src=\"https:\/\/www.sellersunionagent.com\/wp-content\/uploads\/2022\/06\/6-pieces-luggage-packing-cubes-travel-storage-bag-3.jpg\" alt=\"\" width=\"800\" height=\"800\" \/><img loading=\"lazy\" decoding=\"async\" class=\"aligncenter wp-image-7649 size-full\" src=\"https:\/\/www.sellersunionagent.com\/wp-content\/uploads\/2022\/06\/6-pieces-luggage-packing-cubes-travel-storage-bag-2.jpg\" alt=\"\" width=\"800\" height=\"800\" \/><\/li>\n<\/ul>\n<p>&nbsp;<\/p>","protected":false},"excerpt":{"rendered":"<p><strong>Tipo<\/strong>: Organizaci\u00f3n dom\u00e9stica<\/p>\n<p><strong>Tama\u00f1o del art\u00edculo<\/strong>: 25*10*33cm\/25*20cm\/24*14*9cm\/21*29cm\/40*13*27cm\/25*18*10cm\/23*9*15cm<\/p>\n<p><strong>Colores<\/strong>: Azul lago\/rosa\/azul marino\/negro<\/p>\n<p><strong>Material: <\/strong>Poli\u00e9ster<\/p>","protected":false},"featured_media":7651,"comment_status":"open","ping_status":"closed","template":"","meta":{"_acf_changed":false},"product_brand":[],"product_cat":[31,187],"product_tag":[],"class_list":{"0":"post-7644","1":"product","2":"type-product","3":"status-publish","4":"has-post-thumbnail","6":"product_cat-home-storage","7":"product_cat-bedroom","9":"first","10":"instock","11":"shipping-taxable","12":"product-type-simple","13":"swiper-slide"},"acf":[],"_links":{"self":[{"href":"https:\/\/www.sellersunionagent.com\/es\/wp-json\/wp\/v2\/product\/7644","targetHints":{"allow":["GET"]}}],"collection":[{"href":"https:\/\/www.sellersunionagent.com\/es\/wp-json\/wp\/v2\/product"}],"about":[{"href":"https:\/\/www.sellersunionagent.com\/es\/wp-json\/wp\/v2\/types\/product"}],"replies":[{"embeddable":true,"href":"https:\/\/www.sellersunionagent.com\/es\/wp-json\/wp\/v2\/comments?post=7644"}],"wp:featuredmedia":[{"embeddable":true,"href":"https:\/\/www.sellersunionagent.com\/es\/wp-json\/wp\/v2\/media\/7651"}],"wp:attachment":[{"href":"https:\/\/www.sellersunionagent.com\/es\/wp-json\/wp\/v2\/media?parent=7644"}],"wp:term":[{"taxonomy":"product_brand","embeddable":true,"href":"https:\/\/www.sellersunionagent.com\/es\/wp-json\/wp\/v2\/product_brand?post=7644"},{"taxonomy":"product_cat","embeddable":true,"href":"https:\/\/www.sellersunionagent.com\/es\/wp-json\/wp\/v2\/product_cat?post=7644"},{"taxonomy":"product_tag","embeddable":true,"href":"https:\/\/www.sellersunionagent.com\/es\/wp-json\/wp\/v2\/product_tag?post=7644"}],"curies":[{"name":"wp","href":"https:\/\/api.w.org\/{rel}","templated":true}]}}