{"id":7639,"date":"2022-06-27T08:11:43","date_gmt":"2022-06-27T00:11:43","guid":{"rendered":"https:\/\/sellersunionagent.com\/?post_type=product&#038;p=7639"},"modified":"2022-08-31T14:19:44","modified_gmt":"2022-08-31T06:19:44","slug":"bolsa-grande-de-tela-oxford-cationica-para-zapatos-de-viaje","status":"publish","type":"product","link":"https:\/\/www.sellersunionagent.com\/es\/large-cationic-oxford-cloth-travel-storage-shoe-bag\/","title":{"rendered":"Bolsa grande de tela Oxford cati\u00f3nica para zapatos de viaje"},"content":{"rendered":"<h2>Bolsa grande de tela Oxford cati\u00f3nica para zapatos de viaje<\/h2>\n<ul class=\"a-unordered-list a-vertical a-spacing-mini\">\n<li><span class=\"a-list-item\">Cierre de cremallera <\/span><\/li>\n<li><span class=\"a-list-item\">ORGANIZADOR DE VIAJE Y BOLSA PARA ZAPATOS - Fabricado en tejido de poli\u00e9ster de alta calidad, duradero y resistente al agua, cremalleras lisas de doble sentido. Es una buena opci\u00f3n para los viajeros o la gente de la oficina <\/span><\/li>\n<li><span class=\"a-list-item\">GRAN CAPACIDAD - Tama\u00f1o: 11.81\u2033L x 8.66\u2033 W x 5.51\u2033 H. Nuestro organizador de zapatos protege la mayor\u00eda de tama\u00f1os y tipos de zapatos, incluyendo cuero, danza, golf, f\u00fatbol, gimnasio y m\u00e1s. Mantenga sus zapatos separados de la ropa y en excelentes condiciones mientras viaja <\/span><\/li>\n<li><span class=\"a-list-item\">3 CAPAS PARA ORGANIZAR LOS ZAPATOS - Lleva hasta 3 pares de zapatos con estilo y ahorrando espacio. Nuestra bolsa de zapatos de viaje viene con un compartimento principal que puede contener hasta el tama\u00f1o 13 zapatos o tacones, y 2 compartimentos m\u00e1s para la celebraci\u00f3n de chanclas o sandalias. <\/span><\/li>\n<li><span class=\"a-list-item\">ASA SUPERIOR - La bolsa para zapatos Mossio tiene un asa en la parte superior para su comodidad. Esto hace que sea f\u00e1cil de almacenar sus zapatos en el equipaje, en un estante del armario, o cualquier otro lugar de dif\u00edcil acceso <\/span><\/li>\n<li><span class=\"a-list-item\">CONVENIENTE BOLSA MULTIUSOS - No es s\u00f3lo una bolsa para zapatos. Tambi\u00e9n se puede utilizar como cubo de embalaje, neceser, bolsa de maquillaje, organizador de ropa interior o bolsa de lavander\u00eda, al igual que te gusta<\/span><\/li>\n<li><img fetchpriority=\"high\" decoding=\"async\" class=\"aligncenter wp-image-7640 size-medium\" src=\"https:\/\/www.sellersunionagent.com\/wp-content\/uploads\/2022\/06\/large-cationic-oxford-cloth-travel-storage-shoe-bag-3-300x300.jpg\" alt=\"Tela Oxford cati\u00f3nica\" width=\"300\" height=\"300\" \/><img decoding=\"async\" class=\"aligncenter wp-image-7641 size-medium\" src=\"https:\/\/www.sellersunionagent.com\/wp-content\/uploads\/2022\/06\/large-cationic-oxford-cloth-travel-storage-shoe-bag-2-300x300.jpg\" alt=\"Tela Oxford cati\u00f3nica\" width=\"300\" height=\"300\" \/><img decoding=\"async\" class=\"aligncenter wp-image-7642 size-medium\" src=\"https:\/\/www.sellersunionagent.com\/wp-content\/uploads\/2022\/06\/large-cationic-oxford-cloth-travel-storage-shoe-bag-1-300x300.jpg\" alt=\"Tela Oxford cati\u00f3nica\" width=\"300\" height=\"300\" \/><img loading=\"lazy\" decoding=\"async\" class=\"aligncenter wp-image-7643 size-medium\" src=\"https:\/\/www.sellersunionagent.com\/wp-content\/uploads\/2022\/06\/\u4e3b\u56fe-7-2-300x300.jpg\" alt=\"Tela Oxford cati\u00f3nica\" width=\"300\" height=\"300\" \/><\/li>\n<\/ul>","protected":false},"excerpt":{"rendered":"<p><strong>Tipo<\/strong>: Bolsa para zapatos<\/p>\n<p><strong>Tama\u00f1o del art\u00edculo<\/strong>: 34.5*26*21cm<\/p>\n<p><strong>Colores<\/strong>: Azul lago\/rosa\/azul marino\/negro<\/p>\n<p><strong>Material: <\/strong>Poli\u00e9ster<\/p>","protected":false},"featured_media":7643,"comment_status":"open","ping_status":"closed","template":"","meta":{"_acf_changed":false},"product_brand":[],"product_cat":[31,186],"product_tag":[108],"class_list":{"0":"post-7639","1":"product","2":"type-product","3":"status-publish","4":"has-post-thumbnail","6":"product_cat-home-storage","7":"product_cat-living-room","8":"product_tag-shoe-bag","10":"first","11":"instock","12":"shipping-taxable","13":"product-type-simple","14":"swiper-slide"},"acf":[],"_links":{"self":[{"href":"https:\/\/www.sellersunionagent.com\/es\/wp-json\/wp\/v2\/product\/7639","targetHints":{"allow":["GET"]}}],"collection":[{"href":"https:\/\/www.sellersunionagent.com\/es\/wp-json\/wp\/v2\/product"}],"about":[{"href":"https:\/\/www.sellersunionagent.com\/es\/wp-json\/wp\/v2\/types\/product"}],"replies":[{"embeddable":true,"href":"https:\/\/www.sellersunionagent.com\/es\/wp-json\/wp\/v2\/comments?post=7639"}],"wp:featuredmedia":[{"embeddable":true,"href":"https:\/\/www.sellersunionagent.com\/es\/wp-json\/wp\/v2\/media\/7643"}],"wp:attachment":[{"href":"https:\/\/www.sellersunionagent.com\/es\/wp-json\/wp\/v2\/media?parent=7639"}],"wp:term":[{"taxonomy":"product_brand","embeddable":true,"href":"https:\/\/www.sellersunionagent.com\/es\/wp-json\/wp\/v2\/product_brand?post=7639"},{"taxonomy":"product_cat","embeddable":true,"href":"https:\/\/www.sellersunionagent.com\/es\/wp-json\/wp\/v2\/product_cat?post=7639"},{"taxonomy":"product_tag","embeddable":true,"href":"https:\/\/www.sellersunionagent.com\/es\/wp-json\/wp\/v2\/product_tag?post=7639"}],"curies":[{"name":"wp","href":"https:\/\/api.w.org\/{rel}","templated":true}]}}