{"id":7620,"date":"2022-06-27T06:59:29","date_gmt":"2022-06-26T22:59:29","guid":{"rendered":"https:\/\/sellersunionagent.com\/?post_type=product&#038;p=7620"},"modified":"2022-07-08T14:56:21","modified_gmt":"2022-07-08T06:56:21","slug":"hermosa-bolsa-de-maquillaje-en-el-orden-a-granel-y-hecho-en-china-de-la-cadena-de-suministro-de-china","status":"publish","type":"product","link":"https:\/\/www.sellersunionagent.com\/es\/beautiful-makeup-bag-in-bulk-order-and-made-in-china-from-china-supply-chain\/","title":{"rendered":"Hermosa bolsa de maquillaje en el orden a granel y Made in China de la cadena de suministro de China"},"content":{"rendered":"<h2>Hermosa bolsa de maquillaje en el orden a granel y Made in China de la cadena de suministro de China<\/h2>\n<p>&nbsp;<\/p>\n<p>&nbsp;<\/p>\n<p>El peque\u00f1o neceser de maquillaje con cremallera mide alrededor de 21*13*8cm \/20*12*6CM \/18*11*7CM, el tama\u00f1o adecuado para que guardes algunos cosm\u00e9ticos y productos de aseo necesarios, como barras de labios, cremas de r\u00edmel, peque\u00f1os champ\u00fas, perfumes, etc.<\/p>\n<p>&nbsp;<\/p>\n<p>&nbsp;<\/p>\n<p>la bolsa de maquillaje port\u00e1til est\u00e1 dise\u00f1ada con algunos compartimentos, y as\u00ed puedes poner tus art\u00edculos en diferentes partes, lo que puede ayudarte a encontrarlos f\u00e1cilmente, manteniendo tus cosas bien organizadas.<\/p>\n<p>&nbsp;<\/p>\n<p>&nbsp;<\/p>\n<p><a> el organizador de maquillaje de color s\u00f3lido de viaje est\u00e1 hecho de cuero PU, impermeable y lavable, de calidad y confiable, suave al tacto, soportar el uso a largo plazo no es un gran problema.<\/p>\n<p>&nbsp;<\/p>\n<p>&nbsp;<\/p>\n<p><img fetchpriority=\"high\" decoding=\"async\" class=\"aligncenter wp-image-7626\" src=\"https:\/\/www.sellersunionagent.com\/wp-content\/uploads\/2022\/06\/beautiful-makeup-bag-in-bulk-order.png\" alt=\"\" width=\"600\" height=\"431\" \/><\/p>\n<p><img decoding=\"async\" class=\"aligncenter wp-image-7623\" src=\"https:\/\/www.sellersunionagent.com\/wp-content\/uploads\/2022\/06\/beautiful-makeup-bag-in-bulk-order-3.jpg\" alt=\"\" width=\"600\" height=\"600\" \/> <img decoding=\"async\" class=\"aligncenter wp-image-7621\" src=\"https:\/\/www.sellersunionagent.com\/wp-content\/uploads\/2022\/06\/beautiful-makeup-bag-in-bulk-order-5.jpg\" alt=\"Distribuidor\" width=\"600\" height=\"600\" \/> <img loading=\"lazy\" decoding=\"async\" class=\"aligncenter wp-image-7622\" src=\"https:\/\/www.sellersunionagent.com\/wp-content\/uploads\/2022\/06\/beautiful-makeup-bag-in-bulk-order-4.jpg\" alt=\"Distribuidor\" width=\"600\" height=\"600\" \/><\/p>","protected":false},"excerpt":{"rendered":"<p>Tipo: Bolsa de maquillaje<\/p>\n<p>Size: 20*12*6CM\/18*11*7CM\/21*13*8cm<\/p>\n<p>Color: como en la foto<\/p>\n<p>OEM\/ODM: Aceptado<\/p>","protected":false},"featured_media":7625,"comment_status":"open","ping_status":"closed","template":"","meta":{"_acf_changed":false},"product_brand":[],"product_cat":[30],"product_tag":[78,94,93,105],"class_list":{"0":"post-7620","1":"product","2":"type-product","3":"status-publish","4":"has-post-thumbnail","6":"product_cat-makeup-bag","7":"product_tag-makeup-bag","8":"product_tag-organizer","9":"product_tag-storage","10":"product_tag-travel-bag","12":"first","13":"instock","14":"shipping-taxable","15":"product-type-simple","16":"swiper-slide"},"acf":[],"_links":{"self":[{"href":"https:\/\/www.sellersunionagent.com\/es\/wp-json\/wp\/v2\/product\/7620","targetHints":{"allow":["GET"]}}],"collection":[{"href":"https:\/\/www.sellersunionagent.com\/es\/wp-json\/wp\/v2\/product"}],"about":[{"href":"https:\/\/www.sellersunionagent.com\/es\/wp-json\/wp\/v2\/types\/product"}],"replies":[{"embeddable":true,"href":"https:\/\/www.sellersunionagent.com\/es\/wp-json\/wp\/v2\/comments?post=7620"}],"wp:featuredmedia":[{"embeddable":true,"href":"https:\/\/www.sellersunionagent.com\/es\/wp-json\/wp\/v2\/media\/7625"}],"wp:attachment":[{"href":"https:\/\/www.sellersunionagent.com\/es\/wp-json\/wp\/v2\/media?parent=7620"}],"wp:term":[{"taxonomy":"product_brand","embeddable":true,"href":"https:\/\/www.sellersunionagent.com\/es\/wp-json\/wp\/v2\/product_brand?post=7620"},{"taxonomy":"product_cat","embeddable":true,"href":"https:\/\/www.sellersunionagent.com\/es\/wp-json\/wp\/v2\/product_cat?post=7620"},{"taxonomy":"product_tag","embeddable":true,"href":"https:\/\/www.sellersunionagent.com\/es\/wp-json\/wp\/v2\/product_tag?post=7620"}],"curies":[{"name":"wp","href":"https:\/\/api.w.org\/{rel}","templated":true}]}}