{"id":7613,"date":"2022-06-27T06:47:14","date_gmt":"2022-06-26T22:47:14","guid":{"rendered":"https:\/\/sellersunionagent.com\/?post_type=product&#038;p=7613"},"modified":"2026-01-06T14:29:41","modified_gmt":"2026-01-06T06:29:41","slug":"laser-color-chic-maquillaje-bolsa-hecha-en-china-con-material-de-pvc-trajes-para-tres-diferentes-tamano-pequeno-mediano-grande","status":"publish","type":"product","link":"https:\/\/www.sellersunionagent.com\/es\/laser-color-chic-makeup-bag-made-in-china-with-pvc-material-suits-for-three-different-size-small-medium-large\/","title":{"rendered":"L\u00e1ser de color elegante bolsa de maquillaje hecho en China con material de PVC Trajes de tres tama\u00f1os diferentes Peque\u00f1o Mediano Grande"},"content":{"rendered":"<h2>L\u00e1ser de color elegante bolsa de maquillaje hecho en China con material de PVC Trajes de tres tama\u00f1os diferentes Peque\u00f1o Mediano Grande<\/h2>\n<p>&nbsp;<\/p>\n<p>Esta bolsa de maquillaje es linda y hermosa de ver para su organizador diario, manteniendo todo lo que necesita organizado en la bolsa.<\/p>\n<p>&nbsp;<\/p>\n<p>Cuando necesite maquillarse, podr\u00e1 encontrar r\u00e1pidamente lo que necesita.<\/p>\n<p>&nbsp;<\/p>\n<p>El aspecto chic y la caracter\u00edstica pr\u00e1ctica ser\u00e1n su primera elecci\u00f3n para enviarlo como regalo de festival a su novia o amigas.<\/p>\n<p>&nbsp;<\/p>\n<p style=\"text-align: center\"><strong>Tipo:<\/strong> Bolsa de maquillaje<\/p>\n<p style=\"text-align: center\"><strong>Tama\u00f1o:<\/strong> 23*13*8cm\/20*12*7cm\/16*11*7cm<\/p>\n<p style=\"text-align: center\"><strong>Color:<\/strong> L\u00e1ser<\/p>\n<p style=\"text-align: center\"><strong>OEM\/ODM:<\/strong> Aceptado<\/p>\n<p><img fetchpriority=\"high\" decoding=\"async\" class=\"aligncenter wp-image-7614\" src=\"https:\/\/www.sellersunionagent.com\/wp-content\/uploads\/2022\/06\/laser-color-chic-makeup-bag-5.jpg\" alt=\"\" width=\"600\" height=\"516\" \/><\/p>\n<p><img decoding=\"async\" class=\"aligncenter wp-image-7615\" src=\"https:\/\/www.sellersunionagent.com\/wp-content\/uploads\/2022\/06\/laser-color-chic-makeup-bag-4.jpg\" alt=\"\" width=\"600\" height=\"600\" \/><img decoding=\"async\" class=\"aligncenter wp-image-7617\" src=\"https:\/\/www.sellersunionagent.com\/wp-content\/uploads\/2022\/06\/laser-color-chic-makeup-bag-2.jpg\" alt=\"Distribuidor\" width=\"600\" height=\"600\" \/> <img loading=\"lazy\" decoding=\"async\" class=\"aligncenter wp-image-7618\" src=\"https:\/\/www.sellersunionagent.com\/wp-content\/uploads\/2022\/06\/laser-color-chic-makeup-bag-1.jpg\" alt=\"Distribuidor\" width=\"600\" height=\"600\" \/> <img loading=\"lazy\" decoding=\"async\" class=\"aligncenter wp-image-7616\" src=\"https:\/\/www.sellersunionagent.com\/wp-content\/uploads\/2022\/06\/laser-color-chic-makeup-bag-3.jpg\" alt=\"Distribuidor\" width=\"600\" height=\"600\" \/><\/p>","protected":false},"excerpt":{"rendered":"<p><strong>MOQ<\/strong>:  100 piezas<br \/>\n<strong>Muestra gratuita<\/strong>:  Soporte<br \/>\n<strong>Personalizaci\u00f3n<\/strong>logo \/ color \/ materiales \/ embalaje, etc.<br \/>\n<strong>Descuento<\/strong>:  Primeros pedidos desde 10% de descuento.<br \/>\n<strong>Porcentaje de entregas a tiempo<\/strong>:\u00a0 100%<br \/>\n<strong>Env\u00edos totales<\/strong>: 75500 piezas<br \/>\n<strong>Env\u00edo<\/strong>: Apoyo Express-Carga mar\u00edtima-Carga terrestre<\/p>","protected":false},"featured_media":7619,"comment_status":"open","ping_status":"closed","template":"","meta":{"_acf_changed":false},"product_brand":[],"product_cat":[30],"product_tag":[171,78,93,105],"class_list":{"0":"post-7613","1":"product","2":"type-product","3":"status-publish","4":"has-post-thumbnail","6":"product_cat-makeup-bag","7":"product_tag-make-up-hot","8":"product_tag-makeup-bag","9":"product_tag-storage","10":"product_tag-travel-bag","12":"first","13":"instock","14":"shipping-taxable","15":"purchasable","16":"product-type-simple","17":"swiper-slide"},"acf":[],"_links":{"self":[{"href":"https:\/\/www.sellersunionagent.com\/es\/wp-json\/wp\/v2\/product\/7613","targetHints":{"allow":["GET"]}}],"collection":[{"href":"https:\/\/www.sellersunionagent.com\/es\/wp-json\/wp\/v2\/product"}],"about":[{"href":"https:\/\/www.sellersunionagent.com\/es\/wp-json\/wp\/v2\/types\/product"}],"replies":[{"embeddable":true,"href":"https:\/\/www.sellersunionagent.com\/es\/wp-json\/wp\/v2\/comments?post=7613"}],"wp:featuredmedia":[{"embeddable":true,"href":"https:\/\/www.sellersunionagent.com\/es\/wp-json\/wp\/v2\/media\/7619"}],"wp:attachment":[{"href":"https:\/\/www.sellersunionagent.com\/es\/wp-json\/wp\/v2\/media?parent=7613"}],"wp:term":[{"taxonomy":"product_brand","embeddable":true,"href":"https:\/\/www.sellersunionagent.com\/es\/wp-json\/wp\/v2\/product_brand?post=7613"},{"taxonomy":"product_cat","embeddable":true,"href":"https:\/\/www.sellersunionagent.com\/es\/wp-json\/wp\/v2\/product_cat?post=7613"},{"taxonomy":"product_tag","embeddable":true,"href":"https:\/\/www.sellersunionagent.com\/es\/wp-json\/wp\/v2\/product_tag?post=7613"}],"curies":[{"name":"wp","href":"https:\/\/api.w.org\/{rel}","templated":true}]}}