{"id":7593,"date":"2022-06-27T06:31:01","date_gmt":"2022-06-26T22:31:01","guid":{"rendered":"https:\/\/sellersunionagent.com\/?post_type=product&#038;p=7593"},"modified":"2026-01-06T14:29:42","modified_gmt":"2026-01-06T06:29:42","slug":"pedido-a-granel-para-mayorista-minorista-2022-impermeable-de-gran-capacidad-bolsas-de-maquillaje","status":"publish","type":"product","link":"https:\/\/www.sellersunionagent.com\/es\/bulk-order-for-retailer-wholesaler-2022-waterproof-large-capacity-makeup-bags\/","title":{"rendered":"Pedido al por mayor para minoristas\/mayoristas: 2022 Bolsas de maquillaje impermeables de gran capacidad"},"content":{"rendered":"<h2>Pedido al por mayor para minoristas\/mayoristas: 2022 Bolsas de maquillaje impermeables de gran capacidad<\/h2>\n<p>&nbsp;<\/p>\n<p>Esta bolsa de maquillaje est\u00e1 hecha de poli\u00e9ster impermeable con cremallera mental calificada. Es muy f\u00e1cil de limpiar y se desempe\u00f1\u00f3 bien en la prevenci\u00f3n de art\u00edculos de ensuciarse y mojarse.<\/p>\n<p>&nbsp;<\/p>\n<p>&nbsp;<\/p>\n<p>El tama\u00f1o de este bolso es: 22*12*20cm; El peso es de 110g solamente. Es una bolsa de maquillaje de una sola pieza con gran capacidad. La dimensi\u00f3n y la estructura perfectas le ayudan a almacenar sus maquillajes en casa o en el viaje.<\/p>\n<p>&nbsp;<\/p>\n<p>&nbsp;<\/p>\n<p>El aspecto chic y la caracter\u00edstica pr\u00e1ctica ser\u00e1n su primera opci\u00f3n para enviarlo como regalo de festival a su novia o amigas.<\/p>\n<p>&nbsp;<\/p>\n<p style=\"text-align: center\"><strong>Tipo:<\/strong> Bolsa de maquillaje<\/p>\n<p style=\"text-align: center\"><strong>Art\u00edculo NO.:<\/strong> RH529<\/p>\n<p style=\"text-align: center\"><strong>Tama\u00f1o:<\/strong> 22*12*20cm<\/p>\n<p style=\"text-align: center\"><strong>Color:<\/strong> Negro\/Gris\/Azul oscuro\/Azul claro\/P\u00farpura\/Rojo<\/p>\n<p style=\"text-align: center\"><strong>OEM\/ODM:<\/strong> Aceptado<\/p>\n<p><img fetchpriority=\"high\" decoding=\"async\" class=\"aligncenter wp-image-7604\" src=\"https:\/\/www.sellersunionagent.com\/wp-content\/uploads\/2022\/06\/2022-waterproof-large-capacity-makeup-bags.jpg\" alt=\"\" width=\"600\" height=\"600\" \/><\/p>\n<p><img decoding=\"async\" class=\"aligncenter wp-image-7598\" src=\"https:\/\/www.sellersunionagent.com\/wp-content\/uploads\/2022\/06\/2022-waterproof-large-capacity-makeup-bags-6.jpg\" alt=\"\" width=\"600\" height=\"400\" \/><\/p>\n<p><img decoding=\"async\" class=\"aligncenter wp-image-7596\" src=\"https:\/\/www.sellersunionagent.com\/wp-content\/uploads\/2022\/06\/2022-waterproof-large-capacity-makeup-bags-8.jpg\" alt=\"\" width=\"600\" height=\"600\" \/><img loading=\"lazy\" decoding=\"async\" class=\"aligncenter wp-image-9223\" src=\"https:\/\/www.sellersunionagent.com\/wp-content\/uploads\/2022\/06\/\u6b63\u65b9\u5f62-3-2.jpg\" alt=\"\" width=\"600\" height=\"600\" \/> <img loading=\"lazy\" decoding=\"async\" class=\"aligncenter wp-image-9225\" src=\"https:\/\/www.sellersunionagent.com\/wp-content\/uploads\/2022\/06\/\u6b63\u65b9\u5f62-1-2.jpg\" alt=\"\" width=\"600\" height=\"600\" \/> <img loading=\"lazy\" decoding=\"async\" class=\"aligncenter wp-image-9226\" src=\"https:\/\/www.sellersunionagent.com\/wp-content\/uploads\/2022\/06\/\u6b63\u65b9\u5f62-2-2.jpg\" alt=\"\" width=\"600\" height=\"600\" \/><\/p>","protected":false},"excerpt":{"rendered":"<p><strong>MOQ<\/strong>:  100 piezas<br \/>\n<strong>Muestra gratuita<\/strong>:  Soporte<br \/>\n<strong>Personalizaci\u00f3n<\/strong>logo \/ color \/ materiales \/ embalaje, etc.<br \/>\n<strong>Descuento<\/strong>:  Primeros pedidos desde 10% de descuento.<br \/>\n<strong>Porcentaje de entregas a tiempo<\/strong>:\u00a0 100%<br \/>\n<strong>Env\u00edos totales<\/strong>: 75500 piezas<br \/>\n<strong>Env\u00edo<\/strong>: Apoyo Express-Carga mar\u00edtima-Carga terrestre<\/p>","protected":false},"featured_media":9600,"comment_status":"open","ping_status":"closed","template":"","meta":{"_acf_changed":false},"product_brand":[],"product_cat":[30],"product_tag":[171,78,94,105],"class_list":{"0":"post-7593","1":"product","2":"type-product","3":"status-publish","4":"has-post-thumbnail","6":"product_cat-makeup-bag","7":"product_tag-make-up-hot","8":"product_tag-makeup-bag","9":"product_tag-organizer","10":"product_tag-travel-bag","12":"first","13":"instock","14":"shipping-taxable","15":"purchasable","16":"product-type-simple","17":"swiper-slide"},"acf":[],"_links":{"self":[{"href":"https:\/\/www.sellersunionagent.com\/es\/wp-json\/wp\/v2\/product\/7593","targetHints":{"allow":["GET"]}}],"collection":[{"href":"https:\/\/www.sellersunionagent.com\/es\/wp-json\/wp\/v2\/product"}],"about":[{"href":"https:\/\/www.sellersunionagent.com\/es\/wp-json\/wp\/v2\/types\/product"}],"replies":[{"embeddable":true,"href":"https:\/\/www.sellersunionagent.com\/es\/wp-json\/wp\/v2\/comments?post=7593"}],"wp:featuredmedia":[{"embeddable":true,"href":"https:\/\/www.sellersunionagent.com\/es\/wp-json\/wp\/v2\/media\/9600"}],"wp:attachment":[{"href":"https:\/\/www.sellersunionagent.com\/es\/wp-json\/wp\/v2\/media?parent=7593"}],"wp:term":[{"taxonomy":"product_brand","embeddable":true,"href":"https:\/\/www.sellersunionagent.com\/es\/wp-json\/wp\/v2\/product_brand?post=7593"},{"taxonomy":"product_cat","embeddable":true,"href":"https:\/\/www.sellersunionagent.com\/es\/wp-json\/wp\/v2\/product_cat?post=7593"},{"taxonomy":"product_tag","embeddable":true,"href":"https:\/\/www.sellersunionagent.com\/es\/wp-json\/wp\/v2\/product_tag?post=7593"}],"curies":[{"name":"wp","href":"https:\/\/api.w.org\/{rel}","templated":true}]}}