{"id":7583,"date":"2022-06-27T06:19:04","date_gmt":"2022-06-26T22:19:04","guid":{"rendered":"https:\/\/sellersunionagent.com\/?post_type=product&#038;p=7583"},"modified":"2022-07-11T14:02:00","modified_gmt":"2022-07-11T06:02:00","slug":"makeup-bags-in-bulk-from-china-factory-with-latest-fashion-design","status":"publish","type":"product","link":"https:\/\/www.sellersunionagent.com\/es\/makeup-bags-in-bulk-from-china-factory-with-latest-fashion-design\/","title":{"rendered":"Bolsas de maquillaje a granel de la f\u00e1brica de China con el \u00faltimo dise\u00f1o de moda"},"content":{"rendered":"<h2>Bolsas de maquillaje a granel de la f\u00e1brica de China con el \u00faltimo dise\u00f1o de moda<\/h2>\n<p>&nbsp;<\/p>\n<p>&nbsp;<\/p>\n<p>Esta bolsa de maquillaje est\u00e1 hecha de poli\u00e9ster de alta calidad y es impermeable. Hay un cierre de cremallera f\u00e1cil disponible. El asa resistente hace que esta bolsa se adapte a los viajes y el almacenamiento en el hogar tambi\u00e9n. El tama\u00f1o de esta bolsa es 24*10*20cm.<\/p>\n<p>&nbsp;<\/p>\n<p>&nbsp;<\/p>\n<p>Este es un regalo perfecto para mujeres y ni\u00f1as o para usted mismo. Se ve chic y tambi\u00e9n puedes usar esto como una bolsa de producto digital. Es una bolsa multifuncional.<\/p>\n<p>&nbsp;<\/p>\n<p>&nbsp;<\/p>\n<p>Esta bolsa tiene cuatro colores disponibles: rojo, naranja, gris y azul. Puede embalar todos sus productos de maquillaje bien porque su gran capacidad.<\/p>\n<p>&nbsp;<\/p>\n<p><img fetchpriority=\"high\" decoding=\"async\" class=\"aligncenter wp-image-7588\" src=\"https:\/\/www.sellersunionagent.com\/wp-content\/uploads\/2022\/06\/makeup-bags-in-bulk-4.jpg\" alt=\"\" width=\"600\" height=\"600\" \/><\/p>\n<p><img decoding=\"async\" class=\"aligncenter wp-image-7591\" src=\"https:\/\/www.sellersunionagent.com\/wp-content\/uploads\/2022\/06\/makeup-bags-in-bulk-1.jpg\" alt=\"\" width=\"600\" height=\"600\" \/><img decoding=\"async\" class=\"aligncenter wp-image-9060\" src=\"https:\/\/www.sellersunionagent.com\/wp-content\/uploads\/2022\/06\/SKU-01-\u9152\u7ea2\u8272-5.jpg\" alt=\"Fabricaci\u00f3n en China\" width=\"600\" height=\"600\" \/> <img loading=\"lazy\" decoding=\"async\" class=\"aligncenter wp-image-9061\" src=\"https:\/\/www.sellersunionagent.com\/wp-content\/uploads\/2022\/06\/\u4e3b\u56fe-01-21.jpg\" alt=\"Fabricaci\u00f3n en China\" width=\"600\" height=\"600\" \/><\/p>","protected":false},"excerpt":{"rendered":"<p>Tipo: Bolsa de maquillaje<\/p>\n<p>Size: 24*10*20cm<\/p>\n<p>Color: Red\/Orange\/Gray\/Blue<\/p>\n<p>OEM\/ODM: Aceptado<\/p>","protected":false},"featured_media":7592,"comment_status":"open","ping_status":"closed","template":"","meta":{"_acf_changed":false},"product_brand":[],"product_cat":[30],"product_tag":[78,94,105],"class_list":{"0":"post-7583","1":"product","2":"type-product","3":"status-publish","4":"has-post-thumbnail","6":"product_cat-makeup-bag","7":"product_tag-makeup-bag","8":"product_tag-organizer","9":"product_tag-travel-bag","11":"first","12":"instock","13":"shipping-taxable","14":"product-type-simple","15":"swiper-slide"},"acf":[],"_links":{"self":[{"href":"https:\/\/www.sellersunionagent.com\/es\/wp-json\/wp\/v2\/product\/7583","targetHints":{"allow":["GET"]}}],"collection":[{"href":"https:\/\/www.sellersunionagent.com\/es\/wp-json\/wp\/v2\/product"}],"about":[{"href":"https:\/\/www.sellersunionagent.com\/es\/wp-json\/wp\/v2\/types\/product"}],"replies":[{"embeddable":true,"href":"https:\/\/www.sellersunionagent.com\/es\/wp-json\/wp\/v2\/comments?post=7583"}],"wp:featuredmedia":[{"embeddable":true,"href":"https:\/\/www.sellersunionagent.com\/es\/wp-json\/wp\/v2\/media\/7592"}],"wp:attachment":[{"href":"https:\/\/www.sellersunionagent.com\/es\/wp-json\/wp\/v2\/media?parent=7583"}],"wp:term":[{"taxonomy":"product_brand","embeddable":true,"href":"https:\/\/www.sellersunionagent.com\/es\/wp-json\/wp\/v2\/product_brand?post=7583"},{"taxonomy":"product_cat","embeddable":true,"href":"https:\/\/www.sellersunionagent.com\/es\/wp-json\/wp\/v2\/product_cat?post=7583"},{"taxonomy":"product_tag","embeddable":true,"href":"https:\/\/www.sellersunionagent.com\/es\/wp-json\/wp\/v2\/product_tag?post=7583"}],"curies":[{"name":"wp","href":"https:\/\/api.w.org\/{rel}","templated":true}]}}