{"id":7575,"date":"2022-06-27T06:07:09","date_gmt":"2022-06-26T22:07:09","guid":{"rendered":"https:\/\/sellersunionagent.com\/?post_type=product&#038;p=7575"},"modified":"2022-08-31T14:20:01","modified_gmt":"2022-08-31T06:20:01","slug":"5-conjunto-de-embalaje-de-almacenamiento-en-el-hogar-bolsa-de-viaje-de-equipaje-organizadores-accesorios-con-bolsa-de-ropa-bolsa-de-ropa-interior-bolsa-de-productos-digitales-bolsa-de-calcetines-y-zap","status":"publish","type":"product","link":"https:\/\/www.sellersunionagent.com\/es\/5-set-packing-home-storage-travel-bag-luggage-packing-organizers-accessories-with-clothes-bag-underwear-bag-digital-product-bag-sock-bag-and-shoes-bag\/","title":{"rendered":"5-set Packing Home Almacenamiento Bolsa de Viaje, Equipaje Organizadores Accesorios con Bolsa de Ropa, Bolsa de Ropa Interior, Bolsa de Productos Digitales, Bolsa de Calcetines y Bolsa de Zapatos"},"content":{"rendered":"<h2>5-set Packing Home Almacenamiento Bolsa de Viaje, Equipaje Organizadores Accesorios con Bolsa de Ropa, Bolsa de Ropa Interior, Bolsa de Productos Digitales, Bolsa de Calcetines y Bolsa de Zapatos<\/h2>\n<p>&nbsp;<\/p>\n<p>&nbsp;<\/p>\n<p>Hay cantidad de 5 bolsas de viaje en este set, incluyendo Bolsa de Ropa, Bolsa de Ropa Interior, Bolsa de Productos Digitales, Bolsa de Calcetines y Bolsa de Zapatos. El asa resistente hace que la bolsa de viaje sea f\u00e1cil y c\u00f3moda de llevar. Estas bolsas tambi\u00e9n se pueden plegar bien para ahorrar espacio.<\/p>\n<p>&nbsp;<\/p>\n<p>&nbsp;<\/p>\n<p>La bolsa de almacenamiento separada puede distinguir la ropa y otros accesorios de su equipaje desordenado. Se puede empacar con el sucio o limpio para proteger su ropa.<\/p>\n<p>&nbsp;<\/p>\n<p>&nbsp;<\/p>\n<p>Estas bolsas est\u00e1n hechas de poli\u00e9ster de alta calidad por lo que es impermeable. Hay cremalleras dobles en el producto por lo que puede ayudarle a abrir o cerrar f\u00e1cilmente.<\/p>\n<p>&nbsp;<\/p>\n<p>&nbsp;<\/p>\n<p><img fetchpriority=\"high\" decoding=\"async\" class=\"aligncenter wp-image-7576\" src=\"https:\/\/www.sellersunionagent.com\/wp-content\/uploads\/2022\/06\/5-set-packing-home-storage-travel-bag-6.jpg\" alt=\"\" width=\"600\" height=\"600\" \/><\/p>\n<p><img decoding=\"async\" class=\"aligncenter wp-image-7579\" src=\"https:\/\/www.sellersunionagent.com\/wp-content\/uploads\/2022\/06\/5-set-packing-home-storage-travel-bag-3.jpg\" alt=\"\" width=\"600\" height=\"600\" \/> <img decoding=\"async\" class=\"aligncenter wp-image-7580\" src=\"https:\/\/www.sellersunionagent.com\/wp-content\/uploads\/2022\/06\/5-set-packing-home-storage-travel-bag-2.jpg\" alt=\"Distribuidor\" width=\"600\" height=\"600\" \/> <img loading=\"lazy\" decoding=\"async\" class=\"aligncenter wp-image-7578\" src=\"https:\/\/www.sellersunionagent.com\/wp-content\/uploads\/2022\/06\/5-set-packing-home-storage-travel-bag-4.jpg\" alt=\"Distribuidor\" width=\"600\" height=\"600\" \/> <img loading=\"lazy\" decoding=\"async\" class=\"aligncenter wp-image-7577\" src=\"https:\/\/www.sellersunionagent.com\/wp-content\/uploads\/2022\/06\/5-set-packing-home-storage-travel-bag-5.jpg\" alt=\"Distribuidor\" width=\"600\" height=\"600\" \/> <img loading=\"lazy\" decoding=\"async\" class=\"aligncenter wp-image-7582\" src=\"https:\/\/www.sellersunionagent.com\/wp-content\/uploads\/2022\/06\/5-set-packing-home-storage-travel-bag.jpg\" alt=\"Distribuidor\" width=\"600\" height=\"600\" \/><\/p>","protected":false},"excerpt":{"rendered":"<p>Tipo: Bolsa de almacenaje para el hogar<\/p>\n<p>Tama\u00f1o: 29*18*39cm<\/p>\n<p>Color: rosa\/verde\/negro\/gris\/azul<\/p>\n<p>OEM\/ODM: Aceptado<\/p>","protected":false},"featured_media":9186,"comment_status":"open","ping_status":"closed","template":"","meta":{"_acf_changed":false},"product_brand":[],"product_cat":[31,186],"product_tag":[70,105],"class_list":{"0":"post-7575","1":"product","2":"type-product","3":"status-publish","4":"has-post-thumbnail","6":"product_cat-home-storage","7":"product_cat-living-room","8":"product_tag-home-storage","9":"product_tag-travel-bag","11":"first","12":"instock","13":"shipping-taxable","14":"product-type-simple","15":"swiper-slide"},"acf":[],"_links":{"self":[{"href":"https:\/\/www.sellersunionagent.com\/es\/wp-json\/wp\/v2\/product\/7575","targetHints":{"allow":["GET"]}}],"collection":[{"href":"https:\/\/www.sellersunionagent.com\/es\/wp-json\/wp\/v2\/product"}],"about":[{"href":"https:\/\/www.sellersunionagent.com\/es\/wp-json\/wp\/v2\/types\/product"}],"replies":[{"embeddable":true,"href":"https:\/\/www.sellersunionagent.com\/es\/wp-json\/wp\/v2\/comments?post=7575"}],"wp:featuredmedia":[{"embeddable":true,"href":"https:\/\/www.sellersunionagent.com\/es\/wp-json\/wp\/v2\/media\/9186"}],"wp:attachment":[{"href":"https:\/\/www.sellersunionagent.com\/es\/wp-json\/wp\/v2\/media?parent=7575"}],"wp:term":[{"taxonomy":"product_brand","embeddable":true,"href":"https:\/\/www.sellersunionagent.com\/es\/wp-json\/wp\/v2\/product_brand?post=7575"},{"taxonomy":"product_cat","embeddable":true,"href":"https:\/\/www.sellersunionagent.com\/es\/wp-json\/wp\/v2\/product_cat?post=7575"},{"taxonomy":"product_tag","embeddable":true,"href":"https:\/\/www.sellersunionagent.com\/es\/wp-json\/wp\/v2\/product_tag?post=7575"}],"curies":[{"name":"wp","href":"https:\/\/api.w.org\/{rel}","templated":true}]}}