{"id":7574,"date":"2022-06-27T08:05:09","date_gmt":"2022-06-27T00:05:09","guid":{"rendered":"https:\/\/sellersunionagent.com\/?post_type=product&#038;p=7574"},"modified":"2022-08-31T14:19:52","modified_gmt":"2022-08-31T06:19:52","slug":"bolsa-de-viaje-plegable-de-tela-de-gran-capacidad","status":"publish","type":"product","link":"https:\/\/www.sellersunionagent.com\/es\/foldable-large-capacity-cloth-storage-travel-duffel-bag\/","title":{"rendered":"Bolsa de viaje de tela plegable de gran capacidad"},"content":{"rendered":"<h2>Bolsa de viaje de tela plegable de gran capacidad<\/h2>\n<p><strong>Tipo<\/strong>: Bolsa de viaje<\/p>\n<p><strong>Tama\u00f1o del art\u00edculo<\/strong>: S:50*35*20cm\/M:60*40*24cm\/L:60*50*28cm<\/p>\n<p>&nbsp;<\/p>\n<p>&nbsp;<\/p>\n<p>\u3010Perfect Travel Duffle\u3011: Estamos emocionados de compartir con ustedes la bolsa de viaje Sucipi. Esta bolsa de fin de semana est\u00e1 cuidadosamente dise\u00f1ada con un compartimento principal de gran capacidad, 2 bolsillos interiores con cremallera m\u00e1s 3 bolsillos deslizantes para guardar todos sus art\u00edculos esenciales para un viaje de fin de semana, mientras guarda ordenadamente su ropa, zapatos, Tumblers y Dispositivos electr\u00f3nicos. Saluda a la Sucipi, la bolsa de viaje perfecta para una escapada de fin de semana.<br \/>\n\u3010Buena artesan\u00eda y 3 formas de transporte\u3011: Hecho de una tela ligera con lona resistente al agua y suave, esta bolsa de estilo weekender tiene una gran tenacidad y sensaci\u00f3n c\u00f3moda mano. Es f\u00e1cil de llevar por las asas superiores, sling sobre su hombro con la correa acolchada desmontable o cruzar su cuerpo.<br \/>\n\u3010Multiprop\u00f3sito y Servicio Superior\u3011: El bolso de mano bohemio de moda puede como ideas dulces del regalo para la esposa, hombres, mujeres. Tambi\u00e9n podr\u00eda ser utilizado para vacaciones en familia, viajes de fin de semana, pasar la noche, Oaccasions, negocios, viajes, deportes, avi\u00f3n, bolsa de hospital para la mam\u00e1.<\/p>\n<p><img fetchpriority=\"high\" decoding=\"async\" class=\"aligncenter wp-image-7634 size-full\" src=\"https:\/\/www.sellersunionagent.com\/wp-content\/uploads\/2022\/06\/foldable-large-capacity-cloth-storage-travel-duffel-bag-4.jpg\" alt=\"bolsa de lona\" width=\"800\" height=\"800\" \/><img decoding=\"async\" class=\"aligncenter wp-image-7629 size-full\" src=\"https:\/\/www.sellersunionagent.com\/wp-content\/uploads\/2022\/06\/foldable-large-capacity-cloth-storage-travel-duffel-bag-9.jpg\" alt=\"bolsa de lona\" width=\"800\" height=\"800\" \/><img decoding=\"async\" class=\"aligncenter wp-image-7630 size-full\" src=\"https:\/\/www.sellersunionagent.com\/wp-content\/uploads\/2022\/06\/foldable-large-capacity-cloth-storage-travel-duffel-bag-8.jpg\" alt=\"bolsa de lona\" width=\"800\" height=\"800\" \/><img loading=\"lazy\" decoding=\"async\" class=\"aligncenter wp-image-7631 size-full\" src=\"https:\/\/www.sellersunionagent.com\/wp-content\/uploads\/2022\/06\/foldable-large-capacity-cloth-storage-travel-duffel-bag-7.jpg\" alt=\"bolsa de lona\" width=\"800\" height=\"800\" \/><img loading=\"lazy\" decoding=\"async\" class=\"aligncenter wp-image-7632 size-full\" src=\"https:\/\/www.sellersunionagent.com\/wp-content\/uploads\/2022\/06\/foldable-large-capacity-cloth-storage-travel-duffel-bag-6.jpg\" alt=\"bolsa de lona\" width=\"800\" height=\"800\" \/><img loading=\"lazy\" decoding=\"async\" class=\"aligncenter wp-image-7633 size-full\" src=\"https:\/\/www.sellersunionagent.com\/wp-content\/uploads\/2022\/06\/foldable-large-capacity-cloth-storage-travel-duffel-bag-5.jpg\" alt=\"bolsa de lona\" width=\"800\" height=\"800\" \/><img loading=\"lazy\" decoding=\"async\" class=\"aligncenter wp-image-7638\" src=\"https:\/\/www.sellersunionagent.com\/wp-content\/uploads\/2022\/06\/foldable-large-capacity-cloth-storage-travel-duffel-bag.jpg\" alt=\"bolsa de lona\" width=\"790\" height=\"990\" \/><\/p>","protected":false},"excerpt":{"rendered":"<p><strong>MOQ: <\/strong>50 (flexible)<br \/>\n<strong>Muestra gratis:<\/strong> Soporte<br \/>\n<strong>Personalizaci\u00f3n:<\/strong> logotipo \/ color \/ materiales \/ embalaje, etc.<br \/>\n<strong>Descuento:<\/strong> Primeros pedidos desde 10% de descuento.<br \/>\n<strong>Tasa de entrega puntual:<\/strong> 100%<br \/>\n<strong>Total de env\u00edos:<\/strong> 100000PCS<br \/>\n<strong>Env\u00edo:<\/strong> Apoyo Express-Mercanc\u00edas mar\u00edtimas-Mercanc\u00edas terrestres<\/p>\n<p>&nbsp;<\/p>\n<p>&nbsp;<\/p>\n<p>Como proveedor de bolsas de lona de venta caliente en China, tenemos m\u00e1s de 20 a\u00f1os de experiencia, estamos comprometidos a ofrecerle productos de almacenamiento de alta calidad a precios competitivos. Exportamos productos de moda, de alta calidad y buen precio, apoyamos la personalizaci\u00f3n OEM y ODM, y le ofrecemos un servicio profesional de ventanilla \u00fanica.<\/p>","protected":false},"featured_media":7637,"comment_status":"open","ping_status":"closed","template":"","meta":{"_acf_changed":false},"product_brand":[],"product_cat":[31,186],"product_tag":[106,174,48],"class_list":{"0":"post-7574","1":"product","2":"type-product","3":"status-publish","4":"has-post-thumbnail","6":"product_cat-home-storage","7":"product_cat-living-room","8":"product_tag-duffel-bag","9":"product_tag-home-storage-hot","10":"product_tag-large-capacity","12":"first","13":"instock","14":"shipping-taxable","15":"product-type-simple","16":"swiper-slide"},"acf":[],"_links":{"self":[{"href":"https:\/\/www.sellersunionagent.com\/es\/wp-json\/wp\/v2\/product\/7574","targetHints":{"allow":["GET"]}}],"collection":[{"href":"https:\/\/www.sellersunionagent.com\/es\/wp-json\/wp\/v2\/product"}],"about":[{"href":"https:\/\/www.sellersunionagent.com\/es\/wp-json\/wp\/v2\/types\/product"}],"replies":[{"embeddable":true,"href":"https:\/\/www.sellersunionagent.com\/es\/wp-json\/wp\/v2\/comments?post=7574"}],"wp:featuredmedia":[{"embeddable":true,"href":"https:\/\/www.sellersunionagent.com\/es\/wp-json\/wp\/v2\/media\/7637"}],"wp:attachment":[{"href":"https:\/\/www.sellersunionagent.com\/es\/wp-json\/wp\/v2\/media?parent=7574"}],"wp:term":[{"taxonomy":"product_brand","embeddable":true,"href":"https:\/\/www.sellersunionagent.com\/es\/wp-json\/wp\/v2\/product_brand?post=7574"},{"taxonomy":"product_cat","embeddable":true,"href":"https:\/\/www.sellersunionagent.com\/es\/wp-json\/wp\/v2\/product_cat?post=7574"},{"taxonomy":"product_tag","embeddable":true,"href":"https:\/\/www.sellersunionagent.com\/es\/wp-json\/wp\/v2\/product_tag?post=7574"}],"curies":[{"name":"wp","href":"https:\/\/api.w.org\/{rel}","templated":true}]}}