{"id":7557,"date":"2022-06-27T02:18:02","date_gmt":"2022-06-26T18:18:02","guid":{"rendered":"https:\/\/sellersunionagent.com\/?post_type=product&#038;p=7557"},"modified":"2022-08-31T14:20:51","modified_gmt":"2022-08-31T06:20:51","slug":"multiusos-colgando-estante-del-armario-bolsa-de-almacenamiento-exportador","status":"publish","type":"product","link":"https:\/\/www.sellersunionagent.com\/es\/multipurpose-hanging-closet-shelf-storage-bag-exporter\/","title":{"rendered":"Multiusos Colgando Estante del Armario Bolsa de Almacenamiento Exportador"},"content":{"rendered":"<h2><strong>Multiusos Colgando Estante del Armario Bolsa de Almacenamiento Exportador<\/strong><\/h2>\n<p>Gran ahorro de espacio: Estantes de almacenamiento Puede colgar en la cocina, oficina, tambi\u00e9n traje para colgar en el armario o barra de colgar. No s\u00f3lo hacer que la habitaci\u00f3n se vea ordenada y limpia, sino tambi\u00e9n crear espacio de almacenamiento adicional para recoger diferentes art\u00edculos para el hogar, f\u00e1cil de usar y ahorrar espacio.<\/p>\n<p>&nbsp;<\/p>\n<p>Apariencia exquisita: Nuestro organizador colgante se ve elegante, destacado con apariencia simple y color brillante, no s\u00f3lo un organizador del hogar, sino tambi\u00e9n una decoraci\u00f3n para su hogar.<\/p>\n<p>&nbsp;<\/p>\n<p>Organiza con estilo: Dise\u00f1ado con 3 bolsillos para el almacenamiento de diferentes cosas de peso ligero, como el tel\u00e9fono celular, mandos a distancia, gafas, joyas, chap stick, calcetines, cargadores, correo, facturas, llaves y otros objetos peque\u00f1os que siempre se perdieron alrededor.<\/p>\n<p>&nbsp;<\/p>\n<p>&nbsp;<\/p>\n<p>Contenido del paquete: 3 o 7 paquetes de organizadores colgantes de pared para armarios, 3 ganchos. Ordenar y organizar objetos peque\u00f1os, crear una habitaci\u00f3n limpia y ordenada, y a\u00f1adir color a su vida cotidiana.<\/p>\n<p><img fetchpriority=\"high\" decoding=\"async\" class=\"alignnone size-medium wp-image-7560\" src=\"https:\/\/www.sellersunionagent.com\/wp-content\/uploads\/2022\/06\/multipurpose-hanging-closet-shelf-storage-bag-exporter13-300x300.jpg\" alt=\"exportador de bolsas de almacenamiento\" width=\"300\" height=\"300\" \/> <img decoding=\"async\" class=\"alignnone size-medium wp-image-7561\" src=\"https:\/\/www.sellersunionagent.com\/wp-content\/uploads\/2022\/06\/multipurpose-hanging-closet-shelf-storage-bag-exporter-12-300x300.jpg\" alt=\"exportador de bolsas de almacenamiento\" width=\"300\" height=\"300\" \/> <img decoding=\"async\" class=\"size-medium wp-image-7562 alignnone\" src=\"https:\/\/www.sellersunionagent.com\/wp-content\/uploads\/2022\/06\/multipurpose-hanging-closet-shelf-storage-bag-exporter-11-300x300.jpg\" alt=\"exportador de bolsas de almacenamiento\" width=\"300\" height=\"300\" \/> <img loading=\"lazy\" decoding=\"async\" class=\"alignnone size-medium wp-image-7563\" src=\"https:\/\/www.sellersunionagent.com\/wp-content\/uploads\/2022\/06\/multipurpose-hanging-closet-shelf-storage-bag-exporter-10-300x300.jpg\" alt=\"exportador de bolsas de almacenamiento\" width=\"300\" height=\"300\" \/> <img loading=\"lazy\" decoding=\"async\" class=\"alignnone size-medium wp-image-7564\" src=\"https:\/\/www.sellersunionagent.com\/wp-content\/uploads\/2022\/06\/multipurpose-hanging-closet-shelf-storage-bag-exporter-9-300x300.jpg\" alt=\"exportador de bolsas de almacenamiento\" width=\"300\" height=\"300\" \/> <img loading=\"lazy\" decoding=\"async\" class=\"alignnone size-medium wp-image-7565\" src=\"https:\/\/www.sellersunionagent.com\/wp-content\/uploads\/2022\/06\/multipurpose-hanging-closet-shelf-storage-bag-exporter-8-300x300.jpg\" alt=\"exportador de bolsas de almacenamiento\" width=\"300\" height=\"300\" \/> <img loading=\"lazy\" decoding=\"async\" class=\"alignnone size-medium wp-image-7566\" src=\"https:\/\/www.sellersunionagent.com\/wp-content\/uploads\/2022\/06\/multipurpose-hanging-closet-shelf-storage-bag-exporter-7-300x300.jpg\" alt=\"exportador de bolsas de almacenamiento\" width=\"300\" height=\"300\" \/> <img loading=\"lazy\" decoding=\"async\" class=\"alignnone size-medium wp-image-7567\" src=\"https:\/\/www.sellersunionagent.com\/wp-content\/uploads\/2022\/06\/591656266803_.pic_-300x300.jpg\" alt=\"exportador de bolsas de almacenamiento\" width=\"300\" height=\"300\" \/> <img loading=\"lazy\" decoding=\"async\" class=\"aligncenter wp-image-7570 size-full\" src=\"https:\/\/www.sellersunionagent.com\/wp-content\/uploads\/2022\/06\/multipurpose-hanging-closet-shelf-storage-bag-exporter-3.jpg\" alt=\"exportador de bolsas de almacenamiento\" width=\"750\" height=\"841\" \/> <img loading=\"lazy\" decoding=\"async\" class=\"aligncenter wp-image-7569 size-full\" src=\"https:\/\/www.sellersunionagent.com\/wp-content\/uploads\/2022\/06\/multipurpose-hanging-closet-shelf-storage-bag-exporter-4.jpg\" alt=\"exportador de bolsas de almacenamiento\" width=\"750\" height=\"727\" \/> <img loading=\"lazy\" decoding=\"async\" class=\"aligncenter wp-image-7568 size-full\" src=\"https:\/\/www.sellersunionagent.com\/wp-content\/uploads\/2022\/06\/multipurpose-hanging-closet-shelf-storage-bag-exporter-5.jpg\" alt=\"exportador de bolsas de almacenamiento\" width=\"800\" height=\"800\" \/> <img loading=\"lazy\" decoding=\"async\" class=\"aligncenter wp-image-7571 size-full\" src=\"https:\/\/www.sellersunionagent.com\/wp-content\/uploads\/2022\/06\/multipurpose-hanging-closet-shelf-storage-bag-exporter-2.jpg\" alt=\"exportador de bolsas de almacenamiento\" width=\"750\" height=\"762\" \/><\/p>","protected":false},"excerpt":{"rendered":"<p><strong>Tipo<\/strong>: Bolsa de almacenamiento<\/p>\n<p><strong>Tama\u00f1o del art\u00edculo<\/strong>: 34*54cm<\/p>\n<p><strong>Peso del art\u00edculo<\/strong>: 120g<br \/>\n<strong>Capacidad de suministro<\/strong>: 50000 Piezas\/Piezas por Mes<br \/>\n<strong>MOQ<\/strong>: 50 piezas<\/p>\n<p>Como exportador de bolsas de almacenamiento de venta caliente en China, tenemos m\u00e1s de 20 a\u00f1os de experiencia, estamos comprometidos a ofrecerle productos de almacenamiento de alta calidad a precios competitivos. Exportamos bienes de moda, de alta calidad y buen precio, apoyamos la personalizaci\u00f3n OEM y ODM, y le ofrecemos un servicio profesional de ventanilla \u00fanica.<\/p>","protected":false},"featured_media":7558,"comment_status":"open","ping_status":"closed","template":"","meta":{"_acf_changed":false},"product_brand":[],"product_cat":[31,186],"product_tag":[],"class_list":{"0":"post-7557","1":"product","2":"type-product","3":"status-publish","4":"has-post-thumbnail","6":"product_cat-home-storage","7":"product_cat-living-room","9":"first","10":"instock","11":"shipping-taxable","12":"product-type-simple","13":"swiper-slide"},"acf":[],"_links":{"self":[{"href":"https:\/\/www.sellersunionagent.com\/es\/wp-json\/wp\/v2\/product\/7557","targetHints":{"allow":["GET"]}}],"collection":[{"href":"https:\/\/www.sellersunionagent.com\/es\/wp-json\/wp\/v2\/product"}],"about":[{"href":"https:\/\/www.sellersunionagent.com\/es\/wp-json\/wp\/v2\/types\/product"}],"replies":[{"embeddable":true,"href":"https:\/\/www.sellersunionagent.com\/es\/wp-json\/wp\/v2\/comments?post=7557"}],"wp:featuredmedia":[{"embeddable":true,"href":"https:\/\/www.sellersunionagent.com\/es\/wp-json\/wp\/v2\/media\/7558"}],"wp:attachment":[{"href":"https:\/\/www.sellersunionagent.com\/es\/wp-json\/wp\/v2\/media?parent=7557"}],"wp:term":[{"taxonomy":"product_brand","embeddable":true,"href":"https:\/\/www.sellersunionagent.com\/es\/wp-json\/wp\/v2\/product_brand?post=7557"},{"taxonomy":"product_cat","embeddable":true,"href":"https:\/\/www.sellersunionagent.com\/es\/wp-json\/wp\/v2\/product_cat?post=7557"},{"taxonomy":"product_tag","embeddable":true,"href":"https:\/\/www.sellersunionagent.com\/es\/wp-json\/wp\/v2\/product_tag?post=7557"}],"curies":[{"name":"wp","href":"https:\/\/api.w.org\/{rel}","templated":true}]}}