{"id":7517,"date":"2022-06-27T00:26:51","date_gmt":"2022-06-26T16:26:51","guid":{"rendered":"https:\/\/sellersunionagent.com\/?post_type=product&#038;p=7517"},"modified":"2026-01-06T14:29:43","modified_gmt":"2026-01-06T06:29:43","slug":"organizador-de-viaje-al-por-mayor-para-todos-tus-aparatos-electronicos","status":"publish","type":"product","link":"https:\/\/www.sellersunionagent.com\/es\/wholesale-travel-cord-case-organizer-for-all-your-electronic-tech-gadgets\/","title":{"rendered":"Mayorista Tarjetero de Viaje Organizador Para Todos Tus Gadgets Tecnol\u00f3gicos Electr\u00f3nicos"},"content":{"rendered":"<h2>Organizador de viaje al por mayor para todos tus aparatos electr\u00f3nicos<\/h2>\n<p><strong>Tipo<\/strong>: Bolsa para guardar accesorios electr\u00f3nicos<\/p>\n<p><strong>N\u00famero de art\u00edculo<\/strong>: RH918<\/p>\n<p><strong>Tama\u00f1o del art\u00edculo<\/strong>: 25*19*2cm<\/p>\n<p><strong>Peso del art\u00edculo<\/strong>: 126g<br \/>\n<b data-spm-anchor-id=\"a2700.wholesale.0.i30.19ef5692iiqQHz\">Colores: <\/b>Azul marino, gris, morado, negro, azul, vino<\/p>\n<p><strong>MOQ<\/strong>:  500 piezas<br \/>\n<strong>Muestra gratuita<\/strong>:  Soporte<br \/>\n<strong>Personalizaci\u00f3n<\/strong>logo \/ color \/ materiales \/ embalaje, etc.<br \/>\n<strong>Descuento<\/strong>:  Primeros pedidos desde 10% de descuento.<br \/>\n<strong>Porcentaje de entregas a tiempo<\/strong>:\u00a0 100%<br \/>\n<strong>Env\u00edos totales<\/strong>:  10000 piezas<br \/>\n<strong>Env\u00edo<\/strong>: Apoyo Express-Carga mar\u00edtima-Carga terrestre<\/p>\n<p>&nbsp;<\/p>\n<p>IMPERMEABLE: Bolsa organizadora de cables de viaje port\u00e1til hecha de tejido de poli\u00e9ster duradero y repelente al agua, protege su art\u00edculo de ara\u00f1azos, polvo y ca\u00eddas accidentales, Esta bolsa organizadora de cables de viaje es muy resistente y duradera. Todas las cosas en el interior est\u00e1n protegidos muy bien.<\/p>\n<p>&nbsp;<\/p>\n<p>Dimensiones: Vers\u00e1til organizador de accesorios electr\u00f3nicos que cabe f\u00e1cilmente en cualquier mochila, bolso, malet\u00edn, maleta. ligero, f\u00e1cil de llevar, gran compa\u00f1ero para su disco duro en el viaje o en la oficina.<\/p>\n<p>&nbsp;<\/p>\n<p>BOLSA ORGANIZADORA DE ELECTR\u00d3NICA: Cables, pilas, cable USB, bol\u00edgrafos, auriculares, tarjetas SD, adaptadores el\u00e9ctricos, etc. Esta bolsa para cables electr\u00f3nicos te ayudar\u00e1 a mantener juntos todos tus accesorios electr\u00f3nicos y cables diversos.<\/p>\n<p>&nbsp;<\/p>\n<p>LIGERA: Esta bolsa organizadora de cables tiene varios bolsillos de malla, que mantienen tus accesorios electr\u00f3nicos ordenados.<\/p>\n<p>&nbsp;<\/p>\n<p>LOS MEJORES REGALOS DE VIAJE: Nuestro organizador de la electr\u00f3nica perfecta para viajar, gran organizador para uso de oficina y de viaje, y mantener sus dispositivos importantes en Reach.This bolsa de viaje es una buena opci\u00f3n de regalo de los viajeros para su familia y amigos.<\/p>\n<p><img fetchpriority=\"high\" decoding=\"async\" class=\"aligncenter wp-image-7520\" src=\"https:\/\/www.sellersunionagent.com\/wp-content\/uploads\/2022\/06\/wholesale-travel-card-case-organizer-4.jpg\" alt=\"Venta al por mayor\" width=\"600\" height=\"600\" \/><img decoding=\"async\" class=\"aligncenter wp-image-7521\" src=\"https:\/\/www.sellersunionagent.com\/wp-content\/uploads\/2022\/06\/wholesale-travel-card-case-organizer-3.jpg\" alt=\"Venta al por mayor\" width=\"600\" height=\"702\" \/><img decoding=\"async\" class=\"aligncenter wp-image-7523\" src=\"https:\/\/www.sellersunionagent.com\/wp-content\/uploads\/2022\/06\/wholesale-travel-card-case-organizer-1.jpg\" alt=\"Venta al por mayor\" width=\"600\" height=\"595\" \/><img loading=\"lazy\" decoding=\"async\" class=\"aligncenter wp-image-7522\" src=\"https:\/\/www.sellersunionagent.com\/wp-content\/uploads\/2022\/06\/wholesale-travel-card-case-organizer-2.jpg\" alt=\"Venta al por mayor\" width=\"600\" height=\"546\" \/><img loading=\"lazy\" decoding=\"async\" class=\"aligncenter wp-image-7524\" src=\"https:\/\/www.sellersunionagent.com\/wp-content\/uploads\/2022\/06\/wholesale-travel-card-case-organizer.jpg\" alt=\"Venta al por mayor\" width=\"600\" height=\"759\" \/><\/p>","protected":false},"excerpt":{"rendered":"<p><strong>MOQ<\/strong>:  500 piezas<br \/>\n<strong>Muestra gratuita<\/strong>:  Soporte<br \/>\n<strong>Personalizaci\u00f3n<\/strong>logo \/ color \/ materiales \/ embalaje, etc.<br \/>\n<strong>Descuento<\/strong>:  Primeros pedidos desde 10% de descuento.<br \/>\n<strong>Porcentaje de entregas a tiempo<\/strong>:\u00a0 100%<br \/>\n<strong>Env\u00edos totales<\/strong>:  10000 piezas<br \/>\n<strong>Env\u00edo<\/strong>: Apoyo Express-Carga mar\u00edtima-Carga terrestre<\/p>\n<p>&nbsp;<\/p>\n<p>&nbsp;<\/p>\n<p>Iniciamos nuestra actividad en 1997. Mantenemos una alt\u00edsima sensibilidad de mercado hacia las distintas mercanc\u00edas. Nos especializamos en art\u00edculos de almacenamiento al por mayor, hacemos OEM, ODM y le proporcionamos un servicio integral de ventanilla \u00fanica. Nos complace ofrecerle los productos m\u00e1s populares para ayudarle a ampliar su negocio.<\/p>","protected":false},"featured_media":7518,"comment_status":"open","ping_status":"closed","template":"","meta":{"_acf_changed":false},"product_brand":[],"product_cat":[32],"product_tag":[101,50],"class_list":{"0":"post-7517","1":"product","2":"type-product","3":"status-publish","4":"has-post-thumbnail","6":"product_cat-digital-bag","7":"product_tag-travel-cord-case-organizer","8":"product_tag-wholesale","10":"first","11":"instock","12":"shipping-taxable","13":"purchasable","14":"product-type-simple","15":"swiper-slide"},"acf":[],"_links":{"self":[{"href":"https:\/\/www.sellersunionagent.com\/es\/wp-json\/wp\/v2\/product\/7517","targetHints":{"allow":["GET"]}}],"collection":[{"href":"https:\/\/www.sellersunionagent.com\/es\/wp-json\/wp\/v2\/product"}],"about":[{"href":"https:\/\/www.sellersunionagent.com\/es\/wp-json\/wp\/v2\/types\/product"}],"replies":[{"embeddable":true,"href":"https:\/\/www.sellersunionagent.com\/es\/wp-json\/wp\/v2\/comments?post=7517"}],"wp:featuredmedia":[{"embeddable":true,"href":"https:\/\/www.sellersunionagent.com\/es\/wp-json\/wp\/v2\/media\/7518"}],"wp:attachment":[{"href":"https:\/\/www.sellersunionagent.com\/es\/wp-json\/wp\/v2\/media?parent=7517"}],"wp:term":[{"taxonomy":"product_brand","embeddable":true,"href":"https:\/\/www.sellersunionagent.com\/es\/wp-json\/wp\/v2\/product_brand?post=7517"},{"taxonomy":"product_cat","embeddable":true,"href":"https:\/\/www.sellersunionagent.com\/es\/wp-json\/wp\/v2\/product_cat?post=7517"},{"taxonomy":"product_tag","embeddable":true,"href":"https:\/\/www.sellersunionagent.com\/es\/wp-json\/wp\/v2\/product_tag?post=7517"}],"curies":[{"name":"wp","href":"https:\/\/api.w.org\/{rel}","templated":true}]}}