{"id":7506,"date":"2022-06-27T00:10:56","date_gmt":"2022-06-26T16:10:56","guid":{"rendered":"https:\/\/sellersunionagent.com\/?post_type=product&#038;p=7506"},"modified":"2022-08-01T15:07:02","modified_gmt":"2022-08-01T07:07:02","slug":"mayorista-organizador-electronico-impermeable-maletin-de-transporte-de-china","status":"publish","type":"product","link":"https:\/\/www.sellersunionagent.com\/es\/wholesale-waterproof-electronics-organizer-carrying-case-maker-from-china\/","title":{"rendered":"Mayorista Organizador Electr\u00f3nico Impermeable Funda de Transporte Fabricante de China"},"content":{"rendered":"<h2>Mayorista Organizador Electr\u00f3nico Impermeable Funda de Transporte Fabricante de China<\/h2>\n<p>Mantenga todo organizado: La bolsa de almacenamiento de la electr\u00f3nica tiene 2 capas de nylon compartimento interior con espacio suficiente para almacenar sus cables, unidad USB, tel\u00e9fono m\u00f3vil, cargador, disco duro, mini tableta y otros accesorios. mantenerlos organizados.<\/p>\n<p>&nbsp;<\/p>\n<p>Proporcionan una excelente protecci\u00f3n: Bien acolchado semi cubiertas flexibles ofrecen una excelente protecci\u00f3n para sus accesorios electr\u00f3nicos.<br \/>\nLas bolsas impermeables de oxford para electr\u00f3nica evitan que el agua se rompa por la fuerza y garantizan la seguridad de sus art\u00edculos electr\u00f3nicos.<\/p>\n<p>&nbsp;<\/p>\n<p>Multiusos: La bolsa organizadora no s\u00f3lo puede proteger sus accesorios electr\u00f3nicos, la bolsa de almacenamiento tambi\u00e9n es adecuada para almacenar bol\u00edgrafos, p\u00edldoras y maquillaje. Lo mejor para el hogar y el turismo, con correa de mano F\u00e1cil de llevar, perfecto para viajar.<\/p>\n<p>&nbsp;<\/p>\n<p>Gran Capacidad: Electr\u00f3nica bolsa de almacenamiento Dimensiones: 24.5*18.5*10 cm(9.64\u2033 x7.08\u2033 x 3.93\u2033),El organizador de electr\u00f3nica tiene espacio suficiente para guardar varios art\u00edculos como cables, disco flash, alimentaci\u00f3n, auricular, rat\u00f3n, kindle y otros accesorios peque\u00f1os.<\/p>\n<p>&nbsp;<\/p>\n<p>Material de primera calidad: La bolsa organizadora de viaje para cables est\u00e1 fabricada con tejido Cationic 300D resistente, duradero e impermeable. Bien acolchado interior semi flexible, con malla a prueba de polvo y velcro desmontable ofrecen una excelente protecci\u00f3n para sus gadgets.<\/p>\n<p><img fetchpriority=\"high\" decoding=\"async\" class=\"aligncenter wp-image-7507\" src=\"https:\/\/www.sellersunionagent.com\/wp-content\/uploads\/2022\/06\/wholesale-travel-card-case-organizer-16.jpg\" alt=\"Fabricante al por mayor de China\" width=\"600\" height=\"600\" \/><br \/>\n<img decoding=\"async\" class=\"aligncenter wp-image-7512\" src=\"https:\/\/www.sellersunionagent.com\/wp-content\/uploads\/2022\/06\/wholesale-travel-card-case-organizer-11.jpg\" alt=\"Fabricante al por mayor de China\" width=\"600\" height=\"600\" \/><img decoding=\"async\" class=\"aligncenter wp-image-7513\" src=\"https:\/\/www.sellersunionagent.com\/wp-content\/uploads\/2022\/06\/wholesale-travel-card-case-organizer-10.jpg\" alt=\"Fabricante al por mayor de China\" width=\"600\" height=\"600\" \/><img loading=\"lazy\" decoding=\"async\" class=\"aligncenter wp-image-7514\" src=\"https:\/\/www.sellersunionagent.com\/wp-content\/uploads\/2022\/06\/wholesale-travel-card-case-organizer-9.jpg\" alt=\"Fabricante al por mayor de China\" width=\"600\" height=\"600\" \/> <img loading=\"lazy\" decoding=\"async\" class=\"aligncenter wp-image-7515\" src=\"https:\/\/www.sellersunionagent.com\/wp-content\/uploads\/2022\/06\/wholesale-travel-card-case-organizer-8.jpg\" alt=\"Fabricante al por mayor de China\" width=\"600\" height=\"600\" \/><img loading=\"lazy\" decoding=\"async\" class=\"aligncenter wp-image-7516\" src=\"https:\/\/www.sellersunionagent.com\/wp-content\/uploads\/2022\/06\/wholesale-travel-card-case-organizer-7.jpg\" alt=\"Fabricante al por mayor de China\" width=\"600\" height=\"600\" \/><img loading=\"lazy\" decoding=\"async\" class=\"aligncenter wp-image-7508\" src=\"https:\/\/www.sellersunionagent.com\/wp-content\/uploads\/2022\/06\/wholesale-travel-card-case-organizer-15.jpg\" alt=\"Fabricante al por mayor de China\" width=\"600\" height=\"599\" \/><img loading=\"lazy\" decoding=\"async\" class=\"aligncenter wp-image-7509\" src=\"https:\/\/www.sellersunionagent.com\/wp-content\/uploads\/2022\/06\/wholesale-travel-card-case-organizer-14.jpg\" alt=\"Fabricante al por mayor de China\" width=\"600\" height=\"600\" \/><\/p>","protected":false},"excerpt":{"rendered":"<p><strong>Tipo<\/strong>: Bolsa para guardar accesorios electr\u00f3nicos<\/p>\n<p><strong>Tama\u00f1o del art\u00edculo<\/strong>: 24*18*3cm<\/p>\n<p><strong>Peso del art\u00edculo<\/strong>: 190g<br \/>\n<b data-spm-anchor-id=\"a2700.wholesale.0.i30.19ef5692iiqQHz\">Colores: <\/b>Azul marino, gris, morado, negro, azul, vino<\/p>\n<p>&nbsp;<\/p>\n<p>Somos fabricantes de productos de almacenamiento al por mayor de China. Iniciamos nuestra actividad en 1997. Mantenemos una sensibilidad de mercado extremadamente alta para los diversos productos b\u00e1sicos. Hacemos OEM, ODM y le proporcionamos un servicio integral de ventanilla \u00fanica. Nos complace ofrecerle los productos m\u00e1s populares para ayudarle a ampliar su negocio.<\/p>","protected":false},"featured_media":7507,"comment_status":"open","ping_status":"closed","template":"","meta":{"_acf_changed":false},"product_brand":[],"product_cat":[32],"product_tag":[49,48,99],"class_list":{"0":"post-7506","1":"product","2":"type-product","3":"status-publish","4":"has-post-thumbnail","6":"product_cat-digital-bag","7":"product_tag-good-quality","8":"product_tag-large-capacity","9":"product_tag-wholesale-maker-from-china","11":"first","12":"instock","13":"shipping-taxable","14":"product-type-simple","15":"swiper-slide"},"acf":[],"_links":{"self":[{"href":"https:\/\/www.sellersunionagent.com\/es\/wp-json\/wp\/v2\/product\/7506","targetHints":{"allow":["GET"]}}],"collection":[{"href":"https:\/\/www.sellersunionagent.com\/es\/wp-json\/wp\/v2\/product"}],"about":[{"href":"https:\/\/www.sellersunionagent.com\/es\/wp-json\/wp\/v2\/types\/product"}],"replies":[{"embeddable":true,"href":"https:\/\/www.sellersunionagent.com\/es\/wp-json\/wp\/v2\/comments?post=7506"}],"wp:featuredmedia":[{"embeddable":true,"href":"https:\/\/www.sellersunionagent.com\/es\/wp-json\/wp\/v2\/media\/7507"}],"wp:attachment":[{"href":"https:\/\/www.sellersunionagent.com\/es\/wp-json\/wp\/v2\/media?parent=7506"}],"wp:term":[{"taxonomy":"product_brand","embeddable":true,"href":"https:\/\/www.sellersunionagent.com\/es\/wp-json\/wp\/v2\/product_brand?post=7506"},{"taxonomy":"product_cat","embeddable":true,"href":"https:\/\/www.sellersunionagent.com\/es\/wp-json\/wp\/v2\/product_cat?post=7506"},{"taxonomy":"product_tag","embeddable":true,"href":"https:\/\/www.sellersunionagent.com\/es\/wp-json\/wp\/v2\/product_tag?post=7506"}],"curies":[{"name":"wp","href":"https:\/\/api.w.org\/{rel}","templated":true}]}}