{"id":7498,"date":"2022-06-26T23:50:33","date_gmt":"2022-06-26T15:50:33","guid":{"rendered":"https:\/\/sellersunionagent.com\/?post_type=product&#038;p=7498"},"modified":"2022-06-26T23:50:36","modified_gmt":"2022-06-26T15:50:36","slug":"venta-al-por-mayor-organizador-electronico-fabricante-de-bolsas-de-china","status":"publish","type":"product","link":"https:\/\/www.sellersunionagent.com\/es\/wholesale-electronic-organizer-bag-maker-from-china\/","title":{"rendered":"Mayorista Organizador Electr\u00f3nico Bolsa Maker De China"},"content":{"rendered":"<h2>Mayorista Organizador Electr\u00f3nico Bolsa Maker De China<\/h2>\n<p><b>MATERIAL DE ALTA CALIDAD<\/b>: Organizador para aparatos electr\u00f3nicos FINPAC, fabricado con tejido de nailon 600D resistente, duradero y repelente al agua, incorpora excelentes lazos el\u00e1sticos con un agarre antideslizante para garantizar que los cables permanezcan en su sitio. Bolsa organizadora de viaje con cierre de cremallera doble de alta calidad para un acceso y gesti\u00f3n r\u00e1pidos.<\/p>\n<p>&nbsp;<\/p>\n<p><b>ALMACENAMIENTO SEGURO<\/b>: Esta bolsa organizadora tiene un estuche para guardar el iPad de 9,7\", la tableta de 11\", el kindle o el libro de bolsillo (hasta 11 pulgadas). Bolsillo interior de malla protege el tel\u00e9fono m\u00f3vil u otros objetos peque\u00f1os de la p\u00e9rdida. Los lazos el\u00e1sticos lo convierten en un excelente organizador de cables de viaje. 5 ranuras el\u00e1sticas para tarjetas SD evitan que se pierdan. La bolsa de viaje para electr\u00f3nica de doble capa mantiene en orden todos sus cables, cargadores de port\u00e1til, disco duro, tableta y otros accesorios.<\/p>\n<p>&nbsp;<\/p>\n<p><b>COMPACTO Y PORT\u00c1TIL<\/b>: Organizador de cables port\u00e1til y ligero para viajes, f\u00e1cil de transportar y caber en la mochila o el bolso sin ocupar mucho espacio. Un gran compa\u00f1ero como organizador electr\u00f3nico de viaje y organizador de cables de viaje.<\/p>\n<p>&nbsp;<\/p>\n<p><b>MULTIUSOS<\/b>: Bolsa organizadora de viaje vers\u00e1til dise\u00f1ada espec\u00edficamente para las personas organizadas que viajan bien; los m\u00faltiples bolsillos de varios tama\u00f1os proporcionan una gran flexibilidad organizadora electr\u00f3nica. Bolsillo frontal exterior con cremallera para un f\u00e1cil acceso.<\/p>\n<p>&nbsp;<\/p>\n<p><b>VIAJE DE NEGOCIOS Y USO DIARIO<\/b>: Vers\u00e1til organizador de accesorios electr\u00f3nicos para la oficina y los viajes. Mantenga todo ordenado sin ning\u00fan tipo de desorden. Una gran bolsa organizadora de viaje para viajes de negocios y uso diario (SOLO bolsa, no incluye cables ni accesorios electr\u00f3nicos).<\/p>\n<p><img fetchpriority=\"high\" decoding=\"async\" class=\"aligncenter wp-image-7502\" src=\"https:\/\/www.sellersunionagent.com\/wp-content\/uploads\/2022\/06\/wholesale-electronic-organizer-bag-3.jpg\" alt=\"Fabricante al por mayor de China\" width=\"600\" height=\"600\" \/><img decoding=\"async\" class=\"aligncenter wp-image-7504\" src=\"https:\/\/www.sellersunionagent.com\/wp-content\/uploads\/2022\/06\/wholesale-electronic-organizer-bag-1.jpg\" alt=\"Fabricante al por mayor de China\" width=\"600\" height=\"742\" \/><img decoding=\"async\" class=\"aligncenter wp-image-7505\" src=\"https:\/\/www.sellersunionagent.com\/wp-content\/uploads\/2022\/06\/wholesale-electronic-organizer-bag.jpg\" alt=\"Fabricante al por mayor de China\" width=\"600\" height=\"718\" \/><\/p>","protected":false},"excerpt":{"rendered":"<p><strong>Tipo<\/strong>: Bolsa para guardar accesorios electr\u00f3nicos<\/p>\n<p><strong>Tama\u00f1o del art\u00edculo<\/strong>: 28*22*4cm<\/p>\n<p><strong>Peso del art\u00edculo<\/strong>: 220g<br \/>\n<b data-spm-anchor-id=\"a2700.wholesale.0.i30.19ef5692iiqQHz\">Colores:<\/b>Negro, gris, vino, morado, azul oscuro, azul cielo<\/p>\n<p>Somos fabricantes de productos de almacenamiento al por mayor de China. Iniciamos nuestra actividad en 1997. Mantenemos una sensibilidad de mercado extremadamente alta para los diversos productos b\u00e1sicos. Hacemos OEM, ODM y le proporcionamos un servicio integral de ventanilla \u00fanica. Nos complace ofrecerle los productos m\u00e1s populares para ayudarle a ampliar su negocio.<\/p>","protected":false},"featured_media":7499,"comment_status":"open","ping_status":"closed","template":"","meta":{"_acf_changed":false},"product_brand":[],"product_cat":[32],"product_tag":[48,100,99],"class_list":{"0":"post-7498","1":"product","2":"type-product","3":"status-publish","4":"has-post-thumbnail","6":"product_cat-digital-bag","7":"product_tag-large-capacity","8":"product_tag-waterproof","9":"product_tag-wholesale-maker-from-china","11":"first","12":"instock","13":"shipping-taxable","14":"product-type-simple","15":"swiper-slide"},"acf":[],"_links":{"self":[{"href":"https:\/\/www.sellersunionagent.com\/es\/wp-json\/wp\/v2\/product\/7498","targetHints":{"allow":["GET"]}}],"collection":[{"href":"https:\/\/www.sellersunionagent.com\/es\/wp-json\/wp\/v2\/product"}],"about":[{"href":"https:\/\/www.sellersunionagent.com\/es\/wp-json\/wp\/v2\/types\/product"}],"replies":[{"embeddable":true,"href":"https:\/\/www.sellersunionagent.com\/es\/wp-json\/wp\/v2\/comments?post=7498"}],"wp:featuredmedia":[{"embeddable":true,"href":"https:\/\/www.sellersunionagent.com\/es\/wp-json\/wp\/v2\/media\/7499"}],"wp:attachment":[{"href":"https:\/\/www.sellersunionagent.com\/es\/wp-json\/wp\/v2\/media?parent=7498"}],"wp:term":[{"taxonomy":"product_brand","embeddable":true,"href":"https:\/\/www.sellersunionagent.com\/es\/wp-json\/wp\/v2\/product_brand?post=7498"},{"taxonomy":"product_cat","embeddable":true,"href":"https:\/\/www.sellersunionagent.com\/es\/wp-json\/wp\/v2\/product_cat?post=7498"},{"taxonomy":"product_tag","embeddable":true,"href":"https:\/\/www.sellersunionagent.com\/es\/wp-json\/wp\/v2\/product_tag?post=7498"}],"curies":[{"name":"wp","href":"https:\/\/api.w.org\/{rel}","templated":true}]}}