{"id":7487,"date":"2022-06-26T23:33:33","date_gmt":"2022-06-26T15:33:33","guid":{"rendered":"https:\/\/sellersunionagent.com\/?post_type=product&#038;p=7487"},"modified":"2022-06-26T23:33:52","modified_gmt":"2022-06-26T15:33:52","slug":"wholesale-laptop-carrying-case-with-accessory-pocket","status":"publish","type":"product","link":"https:\/\/www.sellersunionagent.com\/es\/wholesale-laptop-carrying-case-with-accessory-pocket\/","title":{"rendered":"Mayorista Malet\u00edn para port\u00e1til con bolsillo para accesorios"},"content":{"rendered":"<h2>Mayorista Malet\u00edn para port\u00e1til con bolsillo para accesorios<\/h2>\n<p><span class=\"skip\"><a data-keyword=\"appropriate\">Dimensi\u00f3n adecuada: El dise\u00f1o port\u00e1til y el tama\u00f1o ideal son f\u00e1ciles de transportar y caben en su bolso y equipaje. Ser\u00e1 un compa\u00f1ero adicional de almacenamiento de accesorios electr\u00f3nicos para sus viajes.<\/a><\/span><\/p>\n<p>&nbsp;<\/p>\n<p>Dise\u00f1o elegante: Esta bolsa organizadora est\u00e1 dise\u00f1ada para personal de oficina, estudiantes y viajeros que necesitan guardar y mantener organizados sus accesorios electr\u00f3nicos o peque\u00f1os art\u00edculos de papeler\u00eda escolar. Utiliza un tejido repelente al agua y un dise\u00f1o limpio y aerodin\u00e1mico con asa de transporte resistente y cremallera lisa.<\/p>\n<p>&nbsp;<\/p>\n<p>Gran capacidad: La gran capacidad de almacenamiento puede contener sus accesorios electr\u00f3nicos diarios, como cables, varios cargadores, auriculares, adaptador electr\u00f3nico, etc.<\/p>\n<p><img fetchpriority=\"high\" decoding=\"async\" class=\"aligncenter wp-image-7494\" src=\"https:\/\/www.sellersunionagent.com\/wp-content\/uploads\/2022\/06\/wholesale-laptop-carrying-case-2.jpg\" alt=\"venta al por mayor\" width=\"600\" height=\"493\" \/><img decoding=\"async\" class=\"aligncenter wp-image-7492\" src=\"https:\/\/www.sellersunionagent.com\/wp-content\/uploads\/2022\/06\/wholesale-laptop-carrying-case-5.jpg\" alt=\"venta al por mayor\" width=\"600\" height=\"860\" \/><img decoding=\"async\" class=\"aligncenter wp-image-7495\" src=\"https:\/\/www.sellersunionagent.com\/wp-content\/uploads\/2022\/06\/wholesale-laptop-carrying-case-3.jpg\" alt=\"venta al por mayor\" width=\"600\" height=\"664\" \/><img loading=\"lazy\" decoding=\"async\" class=\"aligncenter wp-image-7493\" src=\"https:\/\/www.sellersunionagent.com\/wp-content\/uploads\/2022\/06\/wholesale-laptop-carrying-case-4.jpg\" alt=\"venta al por mayor\" width=\"600\" height=\"734\" \/><\/p>","protected":false},"excerpt":{"rendered":"<p><strong>Tipo<\/strong>: Malet\u00edn para port\u00e1til<\/p>\n<p><strong>Tama\u00f1o del art\u00edculo<\/strong>: 13inch\uff0f13.3inch<\/p>\n<p><strong>Peso del art\u00edculo<\/strong>: 500g<br \/>\n<strong>Capacidad de suministro<\/strong>: 50000 Piezas\/Piezas por Mes<br \/>\n<strong>MOQ<\/strong>: 100 piezas<\/p>\n<p>&nbsp;<\/p>\n<p>Iniciamos nuestra actividad en 1997. Mantenemos una alt\u00edsima sensibilidad de mercado hacia las distintas mercanc\u00edas. Nos especializamos en art\u00edculos de almacenamiento al por mayor, hacemos OEM, ODM y le proporcionamos un servicio integral de ventanilla \u00fanica. Nos complace ofrecerle los productos m\u00e1s populares para ayudarle a ampliar su negocio.<\/p>","protected":false},"featured_media":7488,"comment_status":"open","ping_status":"closed","template":"","meta":{"_acf_changed":false},"product_brand":[],"product_cat":[32],"product_tag":[98,50],"class_list":{"0":"post-7487","1":"product","2":"type-product","3":"status-publish","4":"has-post-thumbnail","6":"product_cat-digital-bag","7":"product_tag-laptop-carrying-case","8":"product_tag-wholesale","10":"first","11":"instock","12":"shipping-taxable","13":"product-type-simple","14":"swiper-slide"},"acf":[],"_links":{"self":[{"href":"https:\/\/www.sellersunionagent.com\/es\/wp-json\/wp\/v2\/product\/7487","targetHints":{"allow":["GET"]}}],"collection":[{"href":"https:\/\/www.sellersunionagent.com\/es\/wp-json\/wp\/v2\/product"}],"about":[{"href":"https:\/\/www.sellersunionagent.com\/es\/wp-json\/wp\/v2\/types\/product"}],"replies":[{"embeddable":true,"href":"https:\/\/www.sellersunionagent.com\/es\/wp-json\/wp\/v2\/comments?post=7487"}],"wp:featuredmedia":[{"embeddable":true,"href":"https:\/\/www.sellersunionagent.com\/es\/wp-json\/wp\/v2\/media\/7488"}],"wp:attachment":[{"href":"https:\/\/www.sellersunionagent.com\/es\/wp-json\/wp\/v2\/media?parent=7487"}],"wp:term":[{"taxonomy":"product_brand","embeddable":true,"href":"https:\/\/www.sellersunionagent.com\/es\/wp-json\/wp\/v2\/product_brand?post=7487"},{"taxonomy":"product_cat","embeddable":true,"href":"https:\/\/www.sellersunionagent.com\/es\/wp-json\/wp\/v2\/product_cat?post=7487"},{"taxonomy":"product_tag","embeddable":true,"href":"https:\/\/www.sellersunionagent.com\/es\/wp-json\/wp\/v2\/product_tag?post=7487"}],"curies":[{"name":"wp","href":"https:\/\/api.w.org\/{rel}","templated":true}]}}